{"id":15678,"date":"2024-09-19T06:08:56","date_gmt":"2024-09-19T06:08:56","guid":{"rendered":"https:\/\/nobles-tours.com\/?page_id=15678"},"modified":"2026-01-31T03:57:41","modified_gmt":"2026-01-31T03:57:41","slug":"contactenos","status":"publish","type":"page","link":"https:\/\/nobles-tours.com\/es\/contactenos\/","title":{"rendered":"Cont\u00e1ctenos"},"content":{"rendered":"\t\t<div data-elementor-type=\"wp-page\" data-elementor-id=\"15678\" class=\"elementor elementor-15678 elementor-11127\" data-elementor-post-type=\"page\">\n\t\t\t\t<div class=\"elementor-element elementor-element-596726c e-flex e-con-boxed e-con e-parent\" data-id=\"596726c\" data-element_type=\"container\" data-e-type=\"container\">\n\t\t\t\t\t<div class=\"e-con-inner\">\n\t\t<div class=\"elementor-element elementor-element-d4fdcab e-con-full e-flex e-con e-child\" data-id=\"d4fdcab\" data-element_type=\"container\" data-e-type=\"container\" data-settings=\"{&quot;background_background&quot;:&quot;classic&quot;}\">\n\t\t<div class=\"elementor-element elementor-element-1bd8d61 e-con-full e-flex e-con e-child\" data-id=\"1bd8d61\" data-element_type=\"container\" data-e-type=\"container\">\n\t\t\t\t<div class=\"elementor-element elementor-element-a08143a elementor-widget__width-initial elementor-widget elementor-widget-thim-ekits-heading\" data-id=\"a08143a\" data-element_type=\"widget\" data-e-type=\"widget\" data-widget_type=\"thim-ekits-heading.default\">\n\t\t\t\t<div class=\"elementor-widget-container\">\n\t\t\t\t\t<div class=\"thim-ekits-heading thim-ekit__heading\"><h3 class=\"title\">Conect\u00e9monos y hablemos de sus sue\u00f1os de viaje<\/h3>\t\t\t<div class='desc'>\n\t\t\t\t<div id=\"model-response-message-contentr_ac64544417865393\" class=\"markdown markdown-main-panel enable-updated-hr-color\" dir=\"ltr\" aria-live=\"polite\"><p data-path-to-node=\"0\">P\u00f3ngase en contacto con Nobles Tours, su agencia de viajes de confianza en Egipto, hoy mismo y comience a planificar una aventura inolvidable en Egipto.<\/p><\/div>\t\t\t<\/div>\n\t\t<\/div>\t\t\t\t<\/div>\n\t\t\t\t<\/div>\n\t\t\t\t<\/div>\n\t\t<div class=\"elementor-element elementor-element-62de8ba e-con-full e-flex e-con e-child\" data-id=\"62de8ba\" data-element_type=\"container\" data-e-type=\"container\">\n\t\t\t\t<div class=\"elementor-element elementor-element-48abbf2 elementor-widget elementor-widget-thim-ekits-contact-form-7\" data-id=\"48abbf2\" data-element_type=\"widget\" data-e-type=\"widget\" data-widget_type=\"thim-ekits-contact-form-7.default\">\n\t\t\t\t<div class=\"elementor-widget-container\">\n\t\t\t\t\t\t\t\t<div class=\"thim-ekit-wpcf7\">\n\t\t\t\t\n<div class=\"wpcf7 no-js\" id=\"wpcf7-f15774-o1\" lang=\"es-ES\" dir=\"ltr\" data-wpcf7-id=\"15774\">\n<div class=\"screen-reader-response\"><p role=\"status\" aria-live=\"polite\" aria-atomic=\"true\"><\/p> <ul><\/ul><\/div>\n<form action=\"\/es\/wp-json\/wp\/v2\/pages\/15678#wpcf7-f15774-o1\" method=\"post\" class=\"wpcf7-form init\" aria-label=\"Formulario de contacto\" novalidate=\"novalidate\" data-status=\"init\">\n<fieldset class=\"hidden-fields-container\"><input type=\"hidden\" name=\"_wpcf7\" value=\"15774\" \/><input type=\"hidden\" name=\"_wpcf7_version\" value=\"6.1.5\" \/><input type=\"hidden\" name=\"_wpcf7_locale\" value=\"es_ES\" \/><input type=\"hidden\" name=\"_wpcf7_unit_tag\" value=\"wpcf7-f15774-o1\" \/><input type=\"hidden\" name=\"_wpcf7_container_post\" value=\"0\" \/><input type=\"hidden\" name=\"_wpcf7_posted_data_hash\" value=\"\" \/>\n<\/fieldset>\n<div class=\"form-contact-wp\">\n\t<div class=\"field-form\">\n\t\t<p><label for=\"name-cr\">Nombre<\/label><br \/>\n<span class=\"wpcf7-form-control-wrap\" data-name=\"name-345\"><input size=\"40\" maxlength=\"400\" class=\"wpcf7-form-control wpcf7-text wpcf7-validates-as-required\" id=\"name-cr\" aria-required=\"true\" aria-invalid=\"false\" placeholder=\"Su nombre\" value=\"\" type=\"text\" name=\"name-345\" \/><\/span>\n\t\t<\/p>\n\t<\/div>\n\t<div class=\"field-form\">\n\t\t<p><label for=\"email-cr\">Correo electr\u00f3nico<\/label><br \/>\n<span class=\"wpcf7-form-control-wrap\" data-name=\"email-567\"><input size=\"40\" maxlength=\"400\" class=\"wpcf7-form-control wpcf7-email wpcf7-validates-as-required wpcf7-text wpcf7-validates-as-email\" id=\"email-cr\" aria-required=\"true\" aria-invalid=\"false\" placeholder=\"hola@email.com\" value=\"\" type=\"email\" name=\"email-567\" \/><\/span>\n\t\t<\/p>\n\t<\/div>\n\t<div class=\"field-form\">\n\t\t<p><label for=\"textarea-cr\">\u00bfC\u00f3mo podemos ayudarle?<\/label><br \/>\n<span class=\"wpcf7-form-control-wrap\" data-name=\"textarea-886\"><textarea cols=\"40\" rows=\"10\" maxlength=\"2000\" class=\"wpcf7-form-control wpcf7-textarea wpcf7-validates-as-required\" id=\"textarea-cr\" aria-required=\"true\" aria-invalid=\"false\" placeholder=\"Cu\u00e9ntenos un poco sobre el viaje de sus sue\u00f1os\" name=\"textarea-886\"><\/textarea><\/span>\n\t\t<\/p>\n\t<\/div>\n\t<p><input class=\"wpcf7-form-control wpcf7-submit has-spinner bt-send-contact\" type=\"submit\" value=\"Enviar\" \/>\n\t<\/p>\n<\/div><div class=\"wpcf7-response-output\" aria-hidden=\"true\"><\/div>\n<\/form>\n<\/div>\n\t\t\t<\/div>\n\t\t\t\t\t\t<\/div>\n\t\t\t\t<\/div>\n\t\t\t\t<\/div>\n\t\t\t\t<\/div>\n\t\t\t\t\t<\/div>\n\t\t\t\t<\/div>\n\t\t<div class=\"elementor-element elementor-element-2a841a2 e-flex e-con-boxed e-con e-parent\" data-id=\"2a841a2\" data-element_type=\"container\" data-e-type=\"container\">\n\t\t\t\t\t<div class=\"e-con-inner\">\n\t\t<div class=\"elementor-element elementor-element-fdbb200 e-con-full e-flex e-con e-child\" data-id=\"fdbb200\" data-element_type=\"container\" data-e-type=\"container\">\n\t\t\t\t<div class=\"elementor-element elementor-element-a9f33cf elementor-widget elementor-widget-google_maps\" data-id=\"a9f33cf\" data-element_type=\"widget\" data-e-type=\"widget\" data-widget_type=\"google_maps.default\">\n\t\t\t\t<div class=\"elementor-widget-container\">\n\t\t\t\t\t\t\t<div class=\"elementor-custom-embed\">\n\t\t\t<iframe loading=\"lazy\"\n\t\t\t\t\tsrc=\"https:\/\/maps.google.com\/maps?q=X842%2BM4R%2C%20New%20Degla%20City%2C%20Zahraa%20Al%20Maadi%2C%20Cairo%20Governorate&#038;t=m&#038;z=13&#038;output=embed&#038;iwloc=near\"\n\t\t\t\t\ttitle=\"X842+M4R, New Degla City, Zahraa Al Maadi, Cairo Governorate\"\n\t\t\t\t\taria-label=\"X842+M4R, New Degla City, Zahraa Al Maadi, Cairo Governorate\"\n\t\t\t><\/iframe>\n\t\t<\/div>\n\t\t\t\t\t\t<\/div>\n\t\t\t\t<\/div>\n\t\t\t\t<\/div>\n\t\t<div class=\"elementor-element elementor-element-db788a1 e-con-full e-flex e-con e-child\" data-id=\"db788a1\" data-element_type=\"container\" data-e-type=\"container\">\n\t\t\t\t<div class=\"elementor-element elementor-element-645329d elementor-widget elementor-widget-thim-ekits-heading\" data-id=\"645329d\" data-element_type=\"widget\" data-e-type=\"widget\" data-widget_type=\"thim-ekits-heading.default\">\n\t\t\t\t<div class=\"elementor-widget-container\">\n\t\t\t\t\t<div class=\"thim-ekits-heading thim-ekit__heading\"><h4 class=\"title\">Nobles Tours<\/h4>\t\t\t<div class='desc'>\n\t\t\t\t<div id=\"model-response-message-contentr_3d4a7b74e09d8478\" class=\"markdown markdown-main-panel enable-updated-hr-color\" dir=\"ltr\" aria-live=\"polite\"><ul><li data-path-to-node=\"0\"><strong>Tel\u00e9fono:<\/strong> +20 11 59289515 \/ +201033655559<\/li><li data-path-to-node=\"0\"><strong>Correo electr\u00f3nico:<\/strong> support@nobles-tours.com<\/li><li data-path-to-node=\"0\"><strong>Ubicaci\u00f3n:<\/strong> X842+M4R, New Degla City,<\/li><li data-path-to-node=\"0\">Zahraa Al Maadi, Cairo Governorate<\/li><\/ul><\/div>\t\t\t<\/div>\n\t\t<\/div>\t\t\t\t<\/div>\n\t\t\t\t<\/div>\n\t\t\t\t<div class=\"elementor-element elementor-element-8925888 e-grid-align-left elementor-shape-rounded elementor-grid-0 elementor-widget elementor-widget-social-icons\" data-id=\"8925888\" data-element_type=\"widget\" data-e-type=\"widget\" data-widget_type=\"social-icons.default\">\n\t\t\t\t<div class=\"elementor-widget-container\">\n\t\t\t\t\t\t\t<div class=\"elementor-social-icons-wrapper elementor-grid\" role=\"list\">\n\t\t\t\t\t\t\t<span class=\"elementor-grid-item\" role=\"listitem\">\n\t\t\t\t\t<a class=\"elementor-icon elementor-social-icon elementor-social-icon-facebook elementor-repeater-item-08cf00c\" href=\"https:\/\/www.facebook.com\/profile.php?id=61555971428669\" target=\"_blank\" rel=\"noopener\">\n\t\t\t\t\t\t<span class=\"elementor-screen-only\">Facebook<\/span>\n\t\t\t\t\t\t<i aria-hidden=\"true\" class=\"fab fa-facebook\"><\/i>\t\t\t\t\t<\/a>\n\t\t\t\t<\/span>\n\t\t\t\t\t\t\t<span class=\"elementor-grid-item\" role=\"listitem\">\n\t\t\t\t\t<a class=\"elementor-icon elementor-social-icon elementor-social-icon-instagram elementor-repeater-item-a390102\" href=\"https:\/\/www.instagram.com\/nobles.tours.eg\/\" target=\"_blank\" rel=\"noopener\">\n\t\t\t\t\t\t<span class=\"elementor-screen-only\">Instagram<\/span>\n\t\t\t\t\t\t<i aria-hidden=\"true\" class=\"fab fa-instagram\"><\/i>\t\t\t\t\t<\/a>\n\t\t\t\t<\/span>\n\t\t\t\t\t\t\t<span class=\"elementor-grid-item\" role=\"listitem\">\n\t\t\t\t\t<a class=\"elementor-icon elementor-social-icon elementor-social-icon-youtube elementor-repeater-item-4169bb8\" href=\"https:\/\/www.youtube.com\/@NoblesTours4u\" target=\"_blank\" rel=\"noopener\">\n\t\t\t\t\t\t<span class=\"elementor-screen-only\">Youtube<\/span>\n\t\t\t\t\t\t<i aria-hidden=\"true\" class=\"fab fa-youtube\"><\/i>\t\t\t\t\t<\/a>\n\t\t\t\t<\/span>\n\t\t\t\t\t\t\t<span class=\"elementor-grid-item\" role=\"listitem\">\n\t\t\t\t\t<a class=\"elementor-icon elementor-social-icon elementor-social-icon-tripadvisor elementor-repeater-item-dd06547\" href=\"https:\/\/www.tripadvisor.com\/Profile\/GoNoblesTours\" target=\"_blank\" rel=\"noopener\">\n\t\t\t\t\t\t<span class=\"elementor-screen-only\">Tripadvisor<\/span>\n\t\t\t\t\t\t<i aria-hidden=\"true\" class=\"fab fa-tripadvisor\"><\/i>\t\t\t\t\t<\/a>\n\t\t\t\t<\/span>\n\t\t\t\t\t<\/div>\n\t\t\t\t\t\t<\/div>\n\t\t\t\t<\/div>\n\t\t\t\t<div class=\"elementor-element elementor-element-b62ee76 elementor-widget elementor-widget-text-editor\" data-id=\"b62ee76\" data-element_type=\"widget\" data-e-type=\"widget\" data-widget_type=\"text-editor.default\">\n\t\t\t\t<div class=\"elementor-widget-container\">\n\t\t\t\t\t\t\t\t\t<div id=\"model-response-message-contentr_cd9d6c535a527999\" class=\"markdown markdown-main-panel enable-updated-hr-color\" dir=\"ltr\" aria-live=\"polite\" aria-busy=\"false\"><p data-path-to-node=\"0\">P\u00f3ngase en contacto con Nobles Tours, una agencia de viajes de confianza en Egipto, y perm\u00edtanos ayudarle a planificar su viaje perfecto. Ya sea que est\u00e9 interesado en tours personalizados por Egipto, paquetes de viaje de lujo o cruceros por el Nilo, nuestro equipo de expertos est\u00e1 listo para brindarle asesoramiento y apoyo personalizados.<\/p><p data-path-to-node=\"0\">Ofrecemos orientaci\u00f3n profesional para viajeros individuales, familias y grupos, garantizando experiencias de viaje seguras, confiables e inolvidables en El Cairo, Giza, Luxor, Asu\u00e1n y el r\u00edo Nilo.<\/p><\/div>\t\t\t\t\t\t\t\t<\/div>\n\t\t\t\t<\/div>\n\t\t\t\t<div class=\"elementor-element elementor-element-e25cc00 elementor-hidden-desktop elementor-hidden-laptop elementor-hidden-tablet elementor-hidden-mobile_extra elementor-hidden-mobile elementor-widget elementor-widget-text-editor\" data-id=\"e25cc00\" data-element_type=\"widget\" data-e-type=\"widget\" data-widget_type=\"text-editor.default\">\n\t\t\t\t<div class=\"elementor-widget-container\">\n\t\t\t\t\t\t\t\t\t<div id=\"model-response-message-contentr_cd9d6c535a527999\" class=\"markdown markdown-main-panel enable-updated-hr-color\" dir=\"ltr\" aria-live=\"polite\" aria-busy=\"false\"><p data-path-to-node=\"0\">P\u00f3ngase en contacto con Nobles Tours, una agencia de viajes de confianza en Egipto, y perm\u00edtanos ayudarle a planificar su viaje perfecto. Ya sea que est\u00e9 interesado en tours personalizados por Egipto, paquetes de viaje de lujo o cruceros por el Nilo, nuestro equipo de expertos est\u00e1 listo para brindarle asesoramiento y apoyo personalizados.<\/p><p data-path-to-node=\"0\">Ofrecemos orientaci\u00f3n profesional para viajeros individuales, familias y grupos, garantizando experiencias de viaje seguras, confiables e inolvidables en El Cairo, Giza, Luxor, Asu\u00e1n y el r\u00edo Nilo.<\/p><div id=\"model-response-message-contentr_cd9d6c535a527999\" class=\"markdown markdown-main-panel enable-updated-hr-color\" dir=\"ltr\" aria-live=\"polite\" aria-busy=\"false\"><p data-path-to-node=\"0\">P\u00f3ngase en contacto con Nobles Tours, una agencia de viajes de confianza en Egipto, y perm\u00edtanos ayudarle a planificar su viaje perfecto. Ya sea que est\u00e9 interesado en tours personalizados por Egipto, paquetes de viaje de lujo o cruceros por el Nilo, nuestro equipo de expertos est\u00e1 listo para brindarle asesoramiento y apoyo personalizados.<\/p><p data-path-to-node=\"0\">Ofrecemos orientaci\u00f3n profesional para viajeros individuales, familias y grupos, garantizando experiencias de viaje seguras, confiables e inolvidables en El Cairo, Giza, Luxor, Asu\u00e1n y el r\u00edo Nilo.<\/p><\/div><\/div>\t\t\t\t\t\t\t\t<\/div>\n\t\t\t\t<\/div>\n\t\t\t\t<div class=\"elementor-element elementor-element-de60744 elementor-hidden-desktop elementor-hidden-laptop elementor-hidden-tablet elementor-hidden-mobile_extra elementor-hidden-mobile elementor-widget elementor-widget-text-editor\" data-id=\"de60744\" data-element_type=\"widget\" data-e-type=\"widget\" data-widget_type=\"text-editor.default\">\n\t\t\t\t<div class=\"elementor-widget-container\">\n\t\t\t\t\t\t\t\t\t<p data-start=\"140\" data-end=\"430\">Get in touch with <strong data-start=\"158\" data-end=\"174\">Nobles Tours<\/strong>, a <strong data-start=\"178\" data-end=\"212\">trusted travel agency in Egypt<\/strong>, and let us help you plan your perfect journey. Whether you are interested in <strong data-start=\"291\" data-end=\"358\">customized Egypt tours, luxury travel packages, or Nile cruises<\/strong>, our expert team is ready to provide personalized advice and support.<\/p>\n<p data-start=\"432\" data-end=\"636\">We offer professional guidance for <strong data-start=\"467\" data-end=\"513\">individual travelers, families, and groups<\/strong>, ensuring safe, reliable, and unforgettable travel experiences across <strong data-start=\"584\" data-end=\"633\">Cairo, Giza, Luxor, Aswan, and the Nile River<\/strong>.<\/p>\n<p data-start=\"140\" data-end=\"430\">Get in touch with <strong data-start=\"158\" data-end=\"174\">Nobles Tours<\/strong>, a <strong data-start=\"178\" data-end=\"212\">trusted travel agency in Egypt<\/strong>, and let us help you plan your perfect journey. Whether you are interested in <strong data-start=\"291\" data-end=\"358\">customized Egypt tours, luxury travel packages, or Nile cruises<\/strong>, our expert team is ready to provide personalized advice and support.<\/p>\n<p data-start=\"432\" data-end=\"636\">We offer professional guidance for <strong data-start=\"467\" data-end=\"513\">individual travelers, families, and groups<\/strong>, ensuring safe, reliable, and unforgettable travel experiences across <strong data-start=\"584\" data-end=\"633\">Cairo, Giza, Luxor, Aswan, and the Nile River<\/strong>.<\/p>\n<p data-start=\"638\" data-end=\"743\">\u00a0<\/p>\n<p data-start=\"140\" data-end=\"430\">Get in touch with <strong data-start=\"158\" data-end=\"174\">Nobles Tours<\/strong>, a <strong data-start=\"178\" data-end=\"212\">trusted travel agency in Egypt<\/strong>, and let us help you plan your perfect journey. Whether you are interested in <strong data-start=\"291\" data-end=\"358\">customized Egypt tours, luxury travel packages, or Nile cruises<\/strong>, our expert team is ready to provide personalized advice and support.<\/p>\n<p data-start=\"432\" data-end=\"636\">We offer professional guidance for <strong data-start=\"467\" data-end=\"513\">individual travelers, families, and groups<\/strong>, ensuring safe, reliable, and unforgettable travel experiences across <strong data-start=\"584\" data-end=\"633\">Cairo, Giza, Luxor, Aswan, and the Nile River<\/strong>.<\/p>\n<p data-start=\"638\" data-end=\"743\">\u00a0<\/p>\n<p data-start=\"140\" data-end=\"430\">Get in touch with <strong data-start=\"158\" data-end=\"174\">Nobles Tours<\/strong>, a <strong data-start=\"178\" data-end=\"212\">trusted travel agency in Egypt<\/strong>, and let us help you plan your perfect journey. Whether you are interested in <strong data-start=\"291\" data-end=\"358\">customized Egypt tours, luxury travel packages, or Nile cruises<\/strong>, our expert team is ready to provide personalized advice and support.<\/p>\n<p data-start=\"432\" data-end=\"636\">We offer professional guidance for <strong data-start=\"467\" data-end=\"513\">individual travelers, families, and groups<\/strong>, ensuring safe, reliable, and unforgettable travel experiences across <strong data-start=\"584\" data-end=\"633\">Cairo, Giza, Luxor, Aswan, and the Nile River<\/strong>.<\/p>\n<p data-start=\"638\" data-end=\"743\">\u00a0<\/p>\n<p data-start=\"140\" data-end=\"430\">Get in touch with <strong data-start=\"158\" data-end=\"174\">Nobles Tours<\/strong>, a <strong data-start=\"178\" data-end=\"212\">trusted travel agency in Egypt<\/strong>, and let us help you plan your perfect journey. Whether you are interested in <strong data-start=\"291\" data-end=\"358\">customized Egypt tours, luxury travel packages, or Nile cruises<\/strong>, our expert team is ready to provide personalized advice and support.<\/p>\n<p data-start=\"432\" data-end=\"636\">We offer professional guidance for <strong data-start=\"467\" data-end=\"513\">individual travelers, families, and groups<\/strong>, ensuring safe, reliable, and unforgettable travel experiences across <strong data-start=\"584\" data-end=\"633\">Cairo, Giza, Luxor, Aswan, and the Nile River<\/strong>.<\/p>\n<p data-start=\"140\" data-end=\"430\">Get in touch with <strong data-start=\"158\" data-end=\"174\">Nobles Tours<\/strong>, a <strong data-start=\"178\" data-end=\"212\">trusted travel agency in Egypt<\/strong>, and let us help you plan your perfect journey. Whether you are interested in <strong data-start=\"291\" data-end=\"358\">customized Egypt tours, luxury travel packages, or Nile cruises<\/strong>, our expert team is ready to provide personalized advice and support.<\/p>\n<p data-start=\"432\" data-end=\"636\">We offer professional guidance for <strong data-start=\"467\" data-end=\"513\">individual travelers, families, and groups<\/strong>, ensuring safe, reliable, and unforgettable travel experiences across <strong data-start=\"584\" data-end=\"633\">Cairo, Giza, Luxor, Aswan, and the Nile River<\/strong>.<\/p>\n<p data-start=\"638\" data-end=\"743\">\u00a0<\/p>\t\t\t\t\t\t\t\t<\/div>\n\t\t\t\t<\/div>\n\t\t\t\t<\/div>\n\t\t\t\t\t<\/div>\n\t\t\t\t<\/div>\n\t\t\t\t<\/div>\n\t\t","protected":false},"excerpt":{"rendered":"<p>Conect\u00e9monos y hablemos de sus sue\u00f1os de viaje<br \/>\nP\u00f3ngase en contacto con Nobles Tours, su agencia de viajes de confianza en Egipto, hoy mismo y comience a planificar una aventura <\/p>\n","protected":false},"author":4,"featured_media":15677,"parent":0,"menu_order":0,"comment_status":"closed","ping_status":"closed","template":"","meta":{"_acf_changed":false,"footnotes":""},"class_list":["post-15678","page","type-page","status-publish","has-post-thumbnail","hentry"],"acf":[],"_links":{"self":[{"href":"https:\/\/nobles-tours.com\/es\/wp-json\/wp\/v2\/pages\/15678","targetHints":{"allow":["GET"]}}],"collection":[{"href":"https:\/\/nobles-tours.com\/es\/wp-json\/wp\/v2\/pages"}],"about":[{"href":"https:\/\/nobles-tours.com\/es\/wp-json\/wp\/v2\/types\/page"}],"author":[{"embeddable":true,"href":"https:\/\/nobles-tours.com\/es\/wp-json\/wp\/v2\/users\/4"}],"replies":[{"embeddable":true,"href":"https:\/\/nobles-tours.com\/es\/wp-json\/wp\/v2\/comments?post=15678"}],"version-history":[{"count":4,"href":"https:\/\/nobles-tours.com\/es\/wp-json\/wp\/v2\/pages\/15678\/revisions"}],"predecessor-version":[{"id":15682,"href":"https:\/\/nobles-tours.com\/es\/wp-json\/wp\/v2\/pages\/15678\/revisions\/15682"}],"wp:featuredmedia":[{"embeddable":true,"href":"https:\/\/nobles-tours.com\/es\/wp-json\/wp\/v2\/media\/15677"}],"wp:attachment":[{"href":"https:\/\/nobles-tours.com\/es\/wp-json\/wp\/v2\/media?parent=15678"}],"curies":[{"name":"wp","href":"https:\/\/api.w.org\/{rel}","templated":true}]}}