{"id":15914,"date":"2026-01-20T03:04:45","date_gmt":"2026-01-20T03:04:45","guid":{"rendered":"https:\/\/nobles-tours.com\/?page_id=15914"},"modified":"2026-02-04T08:25:07","modified_gmt":"2026-02-04T08:25:07","slug":"enviar-consulta","status":"publish","type":"page","link":"https:\/\/nobles-tours.com\/es\/enviar-consulta\/","title":{"rendered":"Enviar consulta"},"content":{"rendered":"\t\t<div data-elementor-type=\"wp-page\" data-elementor-id=\"15914\" class=\"elementor elementor-15914 elementor-14703\" data-elementor-post-type=\"page\">\n\t\t\t\t<div class=\"elementor-element elementor-element-3b2f77c e-flex e-con-boxed e-con e-parent\" data-id=\"3b2f77c\" data-element_type=\"container\" data-e-type=\"container\">\n\t\t\t\t\t<div class=\"e-con-inner\">\n\t\t\t\t\t<\/div>\n\t\t\t\t<\/div>\n\t\t<div class=\"elementor-element elementor-element-ffd5b37 e-flex e-con-boxed e-con e-parent\" data-id=\"ffd5b37\" data-element_type=\"container\" data-e-type=\"container\">\n\t\t\t\t\t<div class=\"e-con-inner\">\n\t\t\t\t<div class=\"elementor-element elementor-element-deadff8 elementor-hidden-desktop elementor-hidden-laptop elementor-hidden-tablet elementor-hidden-mobile_extra elementor-hidden-mobile elementor-widget elementor-widget-heading\" data-id=\"deadff8\" data-element_type=\"widget\" data-e-type=\"widget\" data-widget_type=\"heading.default\">\n\t\t\t\t<div class=\"elementor-widget-container\">\n\t\t\t\t\t<h2 class=\"elementor-heading-title elementor-size-default\">Enviar consulta<\/h2>\t\t\t\t<\/div>\n\t\t\t\t<\/div>\n\t\t\t\t<div class=\"elementor-element elementor-element-d752a44 elementor-widget elementor-widget-text-editor\" data-id=\"d752a44\" data-element_type=\"widget\" data-e-type=\"widget\" data-widget_type=\"text-editor.default\">\n\t\t\t\t<div class=\"elementor-widget-container\">\n\t\t\t\t\t\t\t\t\t<p data-path-to-node=\"0\">Enviar consulta para tours en Egipto<\/p><p data-path-to-node=\"1\">Dise\u00f1e su viaje perfecto a Egipto con nuestro formulario de consulta de viajes a medida. Elija sus destinos preferidos, el estilo de viaje, el nivel de alojamiento y servicios adicionales; luego, cu\u00e9ntenos exactamente c\u00f3mo desea que sea su viaje. Ya sea que est\u00e9 planeando un tour cultural cl\u00e1sico, una escapada de lujo, unas vacaciones familiares o una luna de miel, nuestro equipo de expertos dise\u00f1ar\u00e1 un itinerario personalizado que se adapte a su ritmo, intereses y presupuesto, garantizando una experiencia fluida e inolvidable en los lugares m\u00e1s emblem\u00e1ticos de Egipto.<\/p>\t\t\t\t\t\t\t\t<\/div>\n\t\t\t\t<\/div>\n\t\t\t\t\t<\/div>\n\t\t\t\t<\/div>\n\t\t<div class=\"elementor-element elementor-element-8793fff elementor-hidden-desktop elementor-hidden-laptop elementor-hidden-tablet elementor-hidden-mobile_extra elementor-hidden-mobile e-flex e-con-boxed e-con e-parent\" data-id=\"8793fff\" data-element_type=\"container\" data-e-type=\"container\">\n\t\t\t\t\t<div class=\"e-con-inner\">\n\t\t\t\t<div class=\"elementor-element elementor-element-b4dc8c5 elementor-hidden-desktop elementor-hidden-laptop elementor-hidden-tablet elementor-hidden-mobile_extra elementor-hidden-mobile elementor-widget elementor-widget-heading\" data-id=\"b4dc8c5\" data-element_type=\"widget\" data-e-type=\"widget\" data-widget_type=\"heading.default\">\n\t\t\t\t<div class=\"elementor-widget-container\">\n\t\t\t\t\t<h2 class=\"elementor-heading-title elementor-size-default\">Enviar consulta<\/h2>\t\t\t\t<\/div>\n\t\t\t\t<\/div>\n\t\t\t\t<div class=\"elementor-element elementor-element-bb123b1 elementor-widget elementor-widget-text-editor\" data-id=\"bb123b1\" data-element_type=\"widget\" data-e-type=\"widget\" data-widget_type=\"text-editor.default\">\n\t\t\t\t<div class=\"elementor-widget-container\">\n\t\t\t\t\t\t\t\t\t<p data-path-to-node=\"0\">Enviar consulta para tours en Egipto<\/p><p data-path-to-node=\"1\">Dise\u00f1e su viaje perfecto a Egipto con nuestro formulario de consulta de viajes a medida. Elija sus destinos preferidos, el estilo de viaje, el nivel de alojamiento y servicios adicionales; luego, cu\u00e9ntenos exactamente c\u00f3mo desea que sea su viaje. Ya sea que est\u00e9 planeando un tour cultural cl\u00e1sico, una escapada de lujo, unas vacaciones familiares o una luna de miel, nuestro equipo de expertos dise\u00f1ar\u00e1 un itinerario personalizado que se adapte a su ritmo, intereses y presupuesto, garantizando una experiencia fluida e inolvidable en los lugares m\u00e1s emblem\u00e1ticos de Egipto.<\/p>\t\t\t\t\t\t\t\t<\/div>\n\t\t\t\t<\/div>\n\t\t\t\t<div class=\"elementor-element elementor-element-82a0fdf elementor-widget elementor-widget-image\" data-id=\"82a0fdf\" data-element_type=\"widget\" data-e-type=\"widget\" data-widget_type=\"image.default\">\n\t\t\t\t<div class=\"elementor-widget-container\">\n\t\t\t\t\t\t\t\t\t\t\t\t\t\t\t<img fetchpriority=\"high\" decoding=\"async\" width=\"640\" height=\"320\" src=\"https:\/\/nobles-tours.com\/wp-content\/uploads\/2026\/01\/368418-\u0627\u062c\u0648\u0627\u0621-\u0631\u0645\u0636\u0627\u0646\u064a\u0629-\u0641\u064a-\u062e\u0627\u0646-\u0627\u0644\u062e\u0644\u064a\u0644\u064a.jpg\" class=\"attachment-large size-large wp-image-15912\" alt=\"Send Inquiry for Egypt Tours\" srcset=\"https:\/\/nobles-tours.com\/wp-content\/uploads\/2026\/01\/368418-\u0627\u062c\u0648\u0627\u0621-\u0631\u0645\u0636\u0627\u0646\u064a\u0629-\u0641\u064a-\u062e\u0627\u0646-\u0627\u0644\u062e\u0644\u064a\u0644\u064a.jpg 900w, https:\/\/nobles-tours.com\/wp-content\/uploads\/2026\/01\/368418-\u0627\u062c\u0648\u0627\u0621-\u0631\u0645\u0636\u0627\u0646\u064a\u0629-\u0641\u064a-\u062e\u0627\u0646-\u0627\u0644\u062e\u0644\u064a\u0644\u064a-768x384.jpg 768w, https:\/\/nobles-tours.com\/wp-content\/uploads\/2026\/01\/368418-\u0627\u062c\u0648\u0627\u0621-\u0631\u0645\u0636\u0627\u0646\u064a\u0629-\u0641\u064a-\u062e\u0627\u0646-\u0627\u0644\u062e\u0644\u064a\u0644\u064a-820x410.jpg 820w, https:\/\/nobles-tours.com\/wp-content\/uploads\/2026\/01\/368418-\u0627\u062c\u0648\u0627\u0621-\u0631\u0645\u0636\u0627\u0646\u064a\u0629-\u0641\u064a-\u062e\u0627\u0646-\u0627\u0644\u062e\u0644\u064a\u0644\u064a-600x300.jpg 600w\" sizes=\"(max-width: 640px) 100vw, 640px\" title=\"\">\t\t\t\t\t\t\t\t\t\t\t\t\t\t\t<\/div>\n\t\t\t\t<\/div>\n\t\t\t\t\t<\/div>\n\t\t\t\t<\/div>\n\t\t<div class=\"elementor-element elementor-element-2314c26 e-flex e-con-boxed e-con e-parent\" data-id=\"2314c26\" data-element_type=\"container\" data-e-type=\"container\">\n\t\t\t\t\t<div class=\"e-con-inner\">\n\t\t\t\t<div class=\"elementor-element elementor-element-4afcb36 elementor-widget elementor-widget-thim-ekits-contact-form-7\" data-id=\"4afcb36\" data-element_type=\"widget\" data-e-type=\"widget\" data-widget_type=\"thim-ekits-contact-form-7.default\">\n\t\t\t\t<div class=\"elementor-widget-container\">\n\t\t\t\t\t\t\t\t<div class=\"thim-ekit-wpcf7\">\n\t\t\t\t\n<div class=\"wpcf7 no-js\" id=\"wpcf7-f15772-o1\" lang=\"es-ES\" dir=\"ltr\" data-wpcf7-id=\"15772\">\n<div class=\"screen-reader-response\"><p role=\"status\" aria-live=\"polite\" aria-atomic=\"true\"><\/p> <ul><\/ul><\/div>\n<form action=\"\/es\/wp-json\/wp\/v2\/pages\/15914#wpcf7-f15772-o1\" method=\"post\" class=\"wpcf7-form init\" aria-label=\"Formulario de contacto\" novalidate=\"novalidate\" data-status=\"init\">\n<fieldset class=\"hidden-fields-container\"><input type=\"hidden\" name=\"_wpcf7\" value=\"15772\" \/><input type=\"hidden\" name=\"_wpcf7_version\" value=\"6.1.5\" \/><input type=\"hidden\" name=\"_wpcf7_locale\" value=\"es_ES\" \/><input type=\"hidden\" name=\"_wpcf7_unit_tag\" value=\"wpcf7-f15772-o1\" \/><input type=\"hidden\" name=\"_wpcf7_container_post\" value=\"0\" \/><input type=\"hidden\" name=\"_wpcf7_posted_data_hash\" value=\"\" \/>\n<\/fieldset>\n<div class=\"row\">\n\t<div class=\"col-md-6\">\n\t\t<div class=\"request__quote-item\">\n\t\t\t<p><label> Nombre completo *<br \/>\n<span class=\"wpcf7-form-control-wrap\" data-name=\"full-name\"><input size=\"40\" maxlength=\"400\" class=\"wpcf7-form-control wpcf7-text wpcf7-validates-as-required\" aria-required=\"true\" aria-invalid=\"false\" placeholder=\"Ingrese su nombre completo\" value=\"\" type=\"text\" name=\"full-name\" \/><\/span> <\/label>\n\t\t\t<\/p>\n\t\t<\/div>\n\t<\/div>\n\t<div class=\"col-md-6\">\n\t\t<div class=\"request__quote-item\">\n\t\t\t<p><label>Direcci\u00f3n de correo electr\u00f3nico *<br \/>\n<span class=\"wpcf7-form-control-wrap\" data-name=\"your-email\"><input size=\"40\" maxlength=\"400\" class=\"wpcf7-form-control wpcf7-email wpcf7-validates-as-required wpcf7-text wpcf7-validates-as-email\" aria-required=\"true\" aria-invalid=\"false\" placeholder=\"Ingrese su correo electr\u00f3nico\" value=\"\" type=\"email\" name=\"your-email\" \/><\/span><\/label>\n\t\t\t<\/p>\n\t\t<\/div>\n\t<\/div>\n\t<div class=\"col-md-6\">\n\t\t<div class=\"request__quote-item\">\n\t\t\t<p><label>N\u00famero de tel\u00e9fono \/ WhatsApp *<br \/>\n<span class=\"wpcf7-form-control-wrap\" data-name=\"phone-number\"><input size=\"40\" maxlength=\"400\" class=\"wpcf7-form-control wpcf7-text wpcf7-validates-as-required\" aria-required=\"true\" aria-invalid=\"false\" placeholder=\"Ingrese su n\u00famero de tel\u00e9fono o WhatsApp\" value=\"\" type=\"text\" name=\"phone-number\" \/><\/span> <\/label>\n\t\t\t<\/p>\n\t\t<\/div>\n\t<\/div>\n\t<div class=\"col-md-6\">\n\t\t<div class=\"request__quote-item\">\n\t\t\t<p><label>Pa\u00eds<br \/>\n<span class=\"wpcf7-form-control-wrap\" data-name=\"country\"><input size=\"40\" maxlength=\"400\" class=\"wpcf7-form-control wpcf7-text\" aria-invalid=\"false\" placeholder=\"Su pa\u00eds\" value=\"\" type=\"text\" name=\"country\" \/><\/span> <\/label>\n\t\t\t<\/p>\n\t\t<\/div>\n\t<\/div>\n\t<div class=\"col-md-6\">\n\t\t<div class=\"request__quote-item\">\n\t\t\t<p><label>N\u00famero de adultos *<br \/>\n<span class=\"wpcf7-form-control-wrap\" data-name=\"adults\"><input class=\"wpcf7-form-control wpcf7-number wpcf7-validates-as-required wpcf7-validates-as-number\" min=\"1\" aria-required=\"true\" aria-invalid=\"false\" placeholder=\"Adultos\" value=\"\" type=\"number\" name=\"adults\" \/><\/span> <\/label>\n\t\t\t<\/p>\n\t\t<\/div>\n\t<\/div>\n\t<div class=\"col-md-6\">\n\t\t<div class=\"request__quote-item\">\n\t\t\t<p><label>Ni\u00f1os (si los hay)<br \/>\n<span class=\"wpcf7-form-control-wrap\" data-name=\"children\"><input class=\"wpcf7-form-control wpcf7-number wpcf7-validates-as-number\" min=\"0\" aria-invalid=\"false\" placeholder=\"Ni\u00f1os\" value=\"\" type=\"number\" name=\"children\" \/><\/span> <\/label>\n\t\t\t<\/p>\n\t\t<\/div>\n\t<\/div>\n\t<div class=\"col-md-6\">\n\t\t<div class=\"request__quote-item\">\n\t\t\t<p><label>Duraci\u00f3n del viaje *<br \/>\n<span class=\"wpcf7-form-control-wrap\" data-name=\"trip-duration\"><select class=\"wpcf7-form-control wpcf7-select wpcf7-validates-as-required\" aria-required=\"true\" aria-invalid=\"false\" name=\"trip-duration\"><option value=\"3\u20135 D\u00edas\">3\u20135 D\u00edas<\/option><option value=\"6\u20138 D\u00edas\">6\u20138 D\u00edas<\/option><option value=\"9\u201311 D\u00edas\">9\u201311 D\u00edas<\/option><option value=\"12\u201314 D\u00edas\">12\u201314 D\u00edas<\/option><option value=\"Personalizado\">Personalizado<\/option><\/select><\/span> <\/label>\n\t\t\t<\/p>\n\t\t<\/div>\n\t<\/div>\n\t<div class=\"col-md-6\">\n\t\t<div class=\"request__quote-item\">\n\t\t\t<p><label>Fecha de viaje preferida<br \/>\n<span class=\"wpcf7-form-control-wrap\" data-name=\"travel-date\"><input class=\"wpcf7-form-control wpcf7-date wpcf7-validates-as-date\" aria-invalid=\"false\" value=\"\" type=\"date\" name=\"travel-date\" \/><\/span> <\/label>\n\t\t\t<\/p>\n\t\t<\/div>\n\t<\/div>\n\t<div class=\"col-md-12\">\n\t\t<div class=\"request__quote-item\">\n\t\t\t<p><label>Seleccionar destinos *<\/label>\n\t\t\t<\/p>\n\t\t<\/div>\n\t\t<div class=\"request__quote-services\">\n\t\t\t<p><span class=\"wpcf7-form-control-wrap\" data-name=\"destinations\"><span class=\"wpcf7-form-control wpcf7-checkbox\"><span class=\"wpcf7-list-item first\"><label><input type=\"checkbox\" name=\"destinations[]\" value=\"El Cairo\" \/><span class=\"wpcf7-list-item-label\">El Cairo<\/span><\/label><\/span><span class=\"wpcf7-list-item\"><label><input type=\"checkbox\" name=\"destinations[]\" value=\"Pir\u00e1mides de Giza\" \/><span class=\"wpcf7-list-item-label\">Pir\u00e1mides de Giza<\/span><\/label><\/span><span class=\"wpcf7-list-item\"><label><input type=\"checkbox\" name=\"destinations[]\" value=\"Gran Museo Egipcio\" \/><span class=\"wpcf7-list-item-label\">Gran Museo Egipcio<\/span><\/label><\/span><span class=\"wpcf7-list-item\"><label><input type=\"checkbox\" name=\"destinations[]\" value=\"Alejandr\u00eda\" \/><span class=\"wpcf7-list-item-label\">Alejandr\u00eda<\/span><\/label><\/span><span class=\"wpcf7-list-item\"><label><input type=\"checkbox\" name=\"destinations[]\" value=\"Asu\u00e1n\" \/><span class=\"wpcf7-list-item-label\">Asu\u00e1n<\/span><\/label><\/span><span class=\"wpcf7-list-item\"><label><input type=\"checkbox\" name=\"destinations[]\" value=\"Abu Simbel\" \/><span class=\"wpcf7-list-item-label\">Abu Simbel<\/span><\/label><\/span><span class=\"wpcf7-list-item\"><label><input type=\"checkbox\" name=\"destinations[]\" value=\"Luxor\" \/><span class=\"wpcf7-list-item-label\">Luxor<\/span><\/label><\/span><span class=\"wpcf7-list-item\"><label><input type=\"checkbox\" name=\"destinations[]\" value=\"Crucero por el Nilo\" \/><span class=\"wpcf7-list-item-label\">Crucero por el Nilo<\/span><\/label><\/span><span class=\"wpcf7-list-item\"><label><input type=\"checkbox\" name=\"destinations[]\" value=\"Hurghada\" \/><span class=\"wpcf7-list-item-label\">Hurghada<\/span><\/label><\/span><span class=\"wpcf7-list-item\"><label><input type=\"checkbox\" name=\"destinations[]\" value=\"Sharm El Sheikh\" \/><span class=\"wpcf7-list-item-label\">Sharm El Sheikh<\/span><\/label><\/span><span class=\"wpcf7-list-item\"><label><input type=\"checkbox\" name=\"destinations[]\" value=\"Oasis de Siwa\" \/><span class=\"wpcf7-list-item-label\">Oasis de Siwa<\/span><\/label><\/span><span class=\"wpcf7-list-item last\"><label><input type=\"checkbox\" name=\"destinations[]\" value=\"Desierto Blanco\" \/><span class=\"wpcf7-list-item-label\">Desierto Blanco<\/span><\/label><\/span><\/span><\/span>\n\t\t\t<\/p>\n\t\t<\/div>\n\t<\/div>\n\t<div class=\"col-md-12\">\n\t\t<div class=\"request__quote-item\">\n\t\t\t<p><label>Estilo de viaje *<\/label>\n\t\t\t<\/p>\n\t\t<\/div>\n\t\t<div class=\"request__quote-services\">\n\t\t\t<p><span class=\"wpcf7-form-control-wrap\" data-name=\"travel-style\"><span class=\"wpcf7-form-control wpcf7-checkbox\"><span class=\"wpcf7-list-item first\"><label><input type=\"checkbox\" name=\"travel-style[]\" value=\"Tour Cl\u00e1sico\" \/><span class=\"wpcf7-list-item-label\">Tour Cl\u00e1sico<\/span><\/label><\/span><span class=\"wpcf7-list-item\"><label><input type=\"checkbox\" name=\"travel-style[]\" value=\"Viaje de Lujo\" \/><span class=\"wpcf7-list-item-label\">Viaje de Lujo<\/span><\/label><\/span><span class=\"wpcf7-list-item\"><label><input type=\"checkbox\" name=\"travel-style[]\" value=\"Viaje Familiar\" \/><span class=\"wpcf7-list-item-label\">Viaje Familiar<\/span><\/label><\/span><span class=\"wpcf7-list-item\"><label><input type=\"checkbox\" name=\"travel-style[]\" value=\"Luna de Miel\" \/><span class=\"wpcf7-list-item-label\">Luna de Miel<\/span><\/label><\/span><span class=\"wpcf7-list-item\"><label><input type=\"checkbox\" name=\"travel-style[]\" value=\"Aventura\" \/><span class=\"wpcf7-list-item-label\">Aventura<\/span><\/label><\/span><span class=\"wpcf7-list-item last\"><label><input type=\"checkbox\" name=\"travel-style[]\" value=\"Playa y Relajaci\u00f3n\" \/><span class=\"wpcf7-list-item-label\">Playa y Relajaci\u00f3n<\/span><\/label><\/span><\/span><\/span>\n\t\t\t<\/p>\n\t\t<\/div>\n\t<\/div>\n\t<div class=\"col-md-12\">\n\t\t<div class=\"request__quote-item\">\n\t\t\t<p><label>Preferencia de alojamiento *<\/label>\n\t\t\t<\/p>\n\t\t<\/div>\n\t\t<div class=\"request__quote-services\">\n\t\t\t<p><span class=\"wpcf7-form-control-wrap\" data-name=\"accommodation\"><span class=\"wpcf7-form-control wpcf7-checkbox\"><span class=\"wpcf7-list-item first\"><label><input type=\"checkbox\" name=\"accommodation[]\" value=\"Hoteles 3\u2605\" \/><span class=\"wpcf7-list-item-label\">Hoteles 3\u2605<\/span><\/label><\/span><span class=\"wpcf7-list-item\"><label><input type=\"checkbox\" name=\"accommodation[]\" value=\"Hoteles 4\u2605\" \/><span class=\"wpcf7-list-item-label\">Hoteles 4\u2605<\/span><\/label><\/span><span class=\"wpcf7-list-item\"><label><input type=\"checkbox\" name=\"accommodation[]\" value=\"Hoteles 5\u2605\" \/><span class=\"wpcf7-list-item-label\">Hoteles 5\u2605<\/span><\/label><\/span><span class=\"wpcf7-list-item\"><label><input type=\"checkbox\" name=\"accommodation[]\" value=\"Hoteles de Lujo\" \/><span class=\"wpcf7-list-item-label\">Hoteles de Lujo<\/span><\/label><\/span><span class=\"wpcf7-list-item\"><label><input type=\"checkbox\" name=\"accommodation[]\" value=\"Crucero por el Nilo\" \/><span class=\"wpcf7-list-item-label\">Crucero por el Nilo<\/span><\/label><\/span><span class=\"wpcf7-list-item last\"><label><input type=\"checkbox\" name=\"accommodation[]\" value=\"Dahabiya\" \/><span class=\"wpcf7-list-item-label\">Dahabiya<\/span><\/label><\/span><\/span><\/span>\n\t\t\t<\/p>\n\t\t<\/div>\n\t<\/div>\n\t<div class=\"col-md-12\">\n\t\t<div class=\"request__quote-item\">\n\t\t\t<p><label>Servicios adicionales<\/label>\n\t\t\t<\/p>\n\t\t<\/div>\n\t\t<div class=\"request__quote-services\">\n\t\t\t<p><span class=\"wpcf7-form-control-wrap\" data-name=\"extras\"><span class=\"wpcf7-form-control wpcf7-checkbox\"><span class=\"wpcf7-list-item first\"><label><input type=\"checkbox\" name=\"extras[]\" value=\"Vuelos dom\u00e9sticos\" \/><span class=\"wpcf7-list-item-label\">Vuelos dom\u00e9sticos<\/span><\/label><\/span><span class=\"wpcf7-list-item\"><label><input type=\"checkbox\" name=\"extras[]\" value=\"Gu\u00eda tur\u00edstico privado\" \/><span class=\"wpcf7-list-item-label\">Gu\u00eda tur\u00edstico privado<\/span><\/label><\/span><span class=\"wpcf7-list-item\"><label><input type=\"checkbox\" name=\"extras[]\" value=\"Asistencia y bienvenida en el aeropuerto\" \/><span class=\"wpcf7-list-item-label\">Asistencia y bienvenida en el aeropuerto<\/span><\/label><\/span><span class=\"wpcf7-list-item\"><label><input type=\"checkbox\" name=\"extras[]\" value=\"Asistencia con la visa de entrada\" \/><span class=\"wpcf7-list-item-label\">Asistencia con la visa de entrada<\/span><\/label><\/span><span class=\"wpcf7-list-item\"><label><input type=\"checkbox\" name=\"extras[]\" value=\"Globo aerost\u00e1tico\" \/><span class=\"wpcf7-list-item-label\">Globo aerost\u00e1tico<\/span><\/label><\/span><span class=\"wpcf7-list-item last\"><label><input type=\"checkbox\" name=\"extras[]\" value=\"Espect\u00e1culo de Sonido y Luz\" \/><span class=\"wpcf7-list-item-label\">Espect\u00e1culo de Sonido y Luz<\/span><\/label><\/span><\/span><\/span>\n\t\t\t<\/p>\n\t\t<\/div>\n\t<\/div>\n\t<div class=\"col-md-12\">\n\t\t<div class=\"request__quote-item\">\n\t\t\t<p><label>Detalles del viaje y peticiones especiales *<br \/>\n<span class=\"wpcf7-form-control-wrap\" data-name=\"message\"><textarea cols=\"40\" rows=\"10\" maxlength=\"2000\" class=\"wpcf7-form-control wpcf7-textarea wpcf7-validates-as-required\" aria-required=\"true\" aria-invalid=\"false\" placeholder=\"Cu\u00e9ntenos m\u00e1s sobre su viaje ideal, hoteles, ritmo o celebraciones especiales\" name=\"message\"><\/textarea><\/span><\/label>\n\t\t\t<\/p>\n\t\t<\/div>\n\t<\/div>\n\t<div class=\"col-lg-12\">\n\t\t<p><input class=\"wpcf7-form-control wpcf7-submit has-spinner\" type=\"submit\" value=\"Enviar mi consulta de viaje\" \/>\n\t\t<\/p>\n\t<\/div>\n<\/div><div class=\"wpcf7-response-output\" aria-hidden=\"true\"><\/div>\n<\/form>\n<\/div>\n\t\t\t<\/div>\n\t\t\t\t\t\t<\/div>\n\t\t\t\t<\/div>\n\t\t\t\t\t<\/div>\n\t\t\t\t<\/div>\n\t\t\t\t<\/div>\n\t\t","protected":false},"excerpt":{"rendered":"<p>Enviar consulta<br \/>\nEnviar consulta para tours en Egipto<br \/>\nDise\u00f1e su viaje perfecto a Egipto con nuestro formulario de consulta de viajes a medida. Elija sus destinos preferidos, el estilo de <\/p>\n","protected":false},"author":4,"featured_media":15912,"parent":0,"menu_order":0,"comment_status":"closed","ping_status":"closed","template":"","meta":{"_acf_changed":false,"footnotes":""},"class_list":["post-15914","page","type-page","status-publish","has-post-thumbnail","hentry"],"acf":[],"_links":{"self":[{"href":"https:\/\/nobles-tours.com\/es\/wp-json\/wp\/v2\/pages\/15914","targetHints":{"allow":["GET"]}}],"collection":[{"href":"https:\/\/nobles-tours.com\/es\/wp-json\/wp\/v2\/pages"}],"about":[{"href":"https:\/\/nobles-tours.com\/es\/wp-json\/wp\/v2\/types\/page"}],"author":[{"embeddable":true,"href":"https:\/\/nobles-tours.com\/es\/wp-json\/wp\/v2\/users\/4"}],"replies":[{"embeddable":true,"href":"https:\/\/nobles-tours.com\/es\/wp-json\/wp\/v2\/comments?post=15914"}],"version-history":[{"count":7,"href":"https:\/\/nobles-tours.com\/es\/wp-json\/wp\/v2\/pages\/15914\/revisions"}],"predecessor-version":[{"id":15922,"href":"https:\/\/nobles-tours.com\/es\/wp-json\/wp\/v2\/pages\/15914\/revisions\/15922"}],"wp:featuredmedia":[{"embeddable":true,"href":"https:\/\/nobles-tours.com\/es\/wp-json\/wp\/v2\/media\/15912"}],"wp:attachment":[{"href":"https:\/\/nobles-tours.com\/es\/wp-json\/wp\/v2\/media?parent=15914"}],"curies":[{"name":"wp","href":"https:\/\/api.w.org\/{rel}","templated":true}]}}