{"id":16027,"date":"2026-01-22T17:43:30","date_gmt":"2026-01-22T17:43:30","guid":{"rendered":"https:\/\/nobles-tours.com\/?post_type=product&#038;p=16027"},"modified":"2026-02-04T11:27:12","modified_gmt":"2026-02-04T11:27:12","slug":"cairo-and-nile-adventure-11-days-10-night","status":"publish","type":"product","link":"https:\/\/nobles-tours.com\/es\/tours\/cairo-and-nile-adventure-11-days-10-night","title":{"rendered":"Aventura en El Cairo y el Nilo \u2013 11 d\u00edas \/ 10 noches"},"content":{"rendered":"<p data-path-to-node=\"1\">Viva un viaje exclusivo de 11 d\u00edas que combina la grandeza de El Cairo con un sereno crucero por el Nilo a bordo de una Dahabiya tradicional. Este tour es la mezcla perfecta de historia antigua, la tranquilidad del r\u00edo y el confort de lujo. Desde las Pir\u00e1mides de Giza hasta templos majestuosos y pintorescos paisajes a la orilla del r\u00edo, los viajeros disfrutar\u00e1n de una experiencia egipcia inmersiva e inolvidable.<\/p>\n<hr data-path-to-node=\"2\" \/>\n<h3 data-path-to-node=\"3\">Incluido<\/h3>\n<ul data-path-to-node=\"4\">\n<li>\n<p data-path-to-node=\"4,0,0\">Servicio de recepci\u00f3n y asistencia en el Aeropuerto Internacional de El Cairo a su llegada.<\/p>\n<\/li>\n<li>\n<p data-path-to-node=\"4,1,0\">Todos los traslados del aeropuerto y tours en un veh\u00edculo privado de lujo con aire acondicionado.<\/p>\n<\/li>\n<li>\n<p data-path-to-node=\"4,2,0\">Visa de entrada a Egipto para nacionalidades elegibles a su llegada.<\/p>\n<\/li>\n<li>\n<p data-path-to-node=\"4,3,0\">3 noches de alojamiento en El Cairo con desayuno diario.<\/p>\n<\/li>\n<li>\n<p data-path-to-node=\"4,4,0\">7 noches a bordo de una Dahabiya con pensi\u00f3n completa (comidas + bebidas a bordo, incluyendo t\u00e9, caf\u00e9 y refrescos).<\/p>\n<\/li>\n<li>\n<p data-path-to-node=\"4,5,0\">Vuelos dom\u00e9sticos: El Cairo \u2192 Luxor \u2192 El Cairo.<\/p>\n<\/li>\n<li>\n<p data-path-to-node=\"4,6,0\">Todas las visitas guiadas en El Cairo con un gu\u00eda privado.<\/p>\n<\/li>\n<li>\n<p data-path-to-node=\"4,7,0\">Todas las visitas tur\u00edsticas durante el crucero Dahabiya (crucero en grupo compartido).<\/p>\n<\/li>\n<li>\n<p data-path-to-node=\"4,8,0\">Entradas a todos los sitios arqueol\u00f3gicos e hist\u00f3ricos indicados.<\/p>\n<\/li>\n<li>\n<p data-path-to-node=\"4,9,0\">Almuerzo en un restaurante local de calidad en los d\u00edas designados.<\/p>\n<\/li>\n<li>\n<p data-path-to-node=\"4,10,0\">Botellas de agua de cortes\u00eda durante los tours y traslados.<\/p>\n<\/li>\n<li>\n<p data-path-to-node=\"4,11,0\">Wi-Fi gratuito durante toda la estancia en Egipto.<\/p>\n<\/li>\n<li>\n<p data-path-to-node=\"4,12,0\">Sesi\u00f3n de fotos de cortes\u00eda alrededor de las Pir\u00e1mides de Giza.<\/p>\n<\/li>\n<li>\n<p data-path-to-node=\"4,13,0\">Todos los cargos por servicio e impuestos aplicables.<\/p>\n<\/li>\n<\/ul>\n<hr data-path-to-node=\"5\" \/>\n<h3 data-path-to-node=\"6\">Excluido<\/h3>\n<ul data-path-to-node=\"7\">\n<li>\n<p data-path-to-node=\"7,0,0\">Vuelos internacionales hacia\/desde Egipto.<\/p>\n<\/li>\n<li>\n<p data-path-to-node=\"7,1,0\">Tours opcionales o actividades no mencionadas en el itinerario.<\/p>\n<\/li>\n<li>\n<p data-path-to-node=\"7,2,0\">Gastos personales (compras, extras, etc.).<\/p>\n<\/li>\n<li>\n<p data-path-to-node=\"7,3,0\">Propinas y gratificaciones.<\/p>\n<\/li>\n<\/ul>\n","protected":false},"excerpt":{"rendered":"<p>Viva un viaje exclusivo de 11 d\u00edas que combina la grandeza de El Cairo con un sereno crucero por el Nilo a bordo de una Dahabiya tradicional. Este tour es <\/p>\n","protected":false},"featured_media":15994,"comment_status":"open","ping_status":"closed","template":"","meta":{"_acf_changed":false},"product_brand":[],"product_cat":[],"product_tag":[],"class_list":{"0":"post-16027","1":"product","2":"type-product","3":"status-publish","4":"has-post-thumbnail","6":"tour_phys-city-tour","7":"tour_phys-culture-and-attractions","8":"tour_phys-desert-safari","9":"tour_phys-rail-tour","10":"pa_destination-cairo","11":"pa_destination-luxor","12":"pa_month-april","13":"pa_month-december","14":"pa_month-february","15":"pa_month-january","16":"pa_month-march","17":"pa_month-november","18":"pa_month-october","20":"first","21":"instock","22":"shipping-taxable","23":"purchasable","24":"product-type-tour_phys"},"acf":[],"_links":{"self":[{"href":"https:\/\/nobles-tours.com\/es\/wp-json\/wp\/v2\/product\/16027","targetHints":{"allow":["GET"]}}],"collection":[{"href":"https:\/\/nobles-tours.com\/es\/wp-json\/wp\/v2\/product"}],"about":[{"href":"https:\/\/nobles-tours.com\/es\/wp-json\/wp\/v2\/types\/product"}],"replies":[{"embeddable":true,"href":"https:\/\/nobles-tours.com\/es\/wp-json\/wp\/v2\/comments?post=16027"}],"wp:featuredmedia":[{"embeddable":true,"href":"https:\/\/nobles-tours.com\/es\/wp-json\/wp\/v2\/media\/15994"}],"wp:attachment":[{"href":"https:\/\/nobles-tours.com\/es\/wp-json\/wp\/v2\/media?parent=16027"}],"wp:term":[{"taxonomy":"product_brand","embeddable":true,"href":"https:\/\/nobles-tours.com\/es\/wp-json\/wp\/v2\/product_brand?post=16027"},{"taxonomy":"product_cat","embeddable":true,"href":"https:\/\/nobles-tours.com\/es\/wp-json\/wp\/v2\/product_cat?post=16027"},{"taxonomy":"product_tag","embeddable":true,"href":"https:\/\/nobles-tours.com\/es\/wp-json\/wp\/v2\/product_tag?post=16027"}],"curies":[{"name":"wp","href":"https:\/\/api.w.org\/{rel}","templated":true}]}}