{"id":16043,"date":"2026-01-20T19:22:49","date_gmt":"2026-01-20T19:22:49","guid":{"rendered":"https:\/\/nobles-tours.com\/product\/abu-simbel-temple-tour-from-aswan\/"},"modified":"2026-02-04T12:24:33","modified_gmt":"2026-02-04T12:24:33","slug":"tour-al-templo-de-abu-simbel-desde-asuan","status":"publish","type":"product","link":"https:\/\/nobles-tours.com\/es\/tours\/tour-al-templo-de-abu-simbel-desde-asuan","title":{"rendered":"Tour al Templo de Abu Simbel desde Asu\u00e1n"},"content":{"rendered":"<h3 data-path-to-node=\"0\">Excursi\u00f3n de un d\u00eda a los Templos de Abu Simbel desde Asu\u00e1n<\/h3>\n<p data-path-to-node=\"1\">Descubra los impresionantes Templos de Abu Simbel, una obra maestra de la arquitectura antigua egipcia y uno de los sitios m\u00e1s ic\u00f3nicos declarados Patrimonio de la Humanidad por la UNESCO. Este tour de d\u00eda completo desde Asu\u00e1n le llevar\u00e1 a las profundidades de Nubia para presenciar las estatuas colosales de Rams\u00e9s II talladas en roca s\u00f3lida, junto con los interiores bellamente conservados que representan escenas de poder, devoci\u00f3n y legado divino.<\/p>\n<p data-path-to-node=\"2\">Viaje c\u00f3modamente en un veh\u00edculo con aire acondicionado (o en avi\u00f3n bajo petici\u00f3n), disfrute de los comentarios expertos de un gu\u00eda licenciado y capture fotos inolvidables de esta maravilla atemporal situada frente al paisaje del desierto. Una experiencia imprescindible para los amantes de la historia y para quienes visitan Egipto por primera vez.<\/p>\n<hr data-path-to-node=\"3\" \/>\n<h3 data-path-to-node=\"4\">Incluido<\/h3>\n<p data-path-to-node=\"5\">\u2714\ufe0f Recogida y traslado de regreso a su hotel en Asu\u00e1n<\/p>\n<p data-path-to-node=\"5\">\u2714\ufe0f Traslados privados en veh\u00edculo con aire acondicionado<\/p>\n<p data-path-to-node=\"5\">\u2714\ufe0f Gu\u00eda egipt\u00f3logo profesional licenciado<\/p>\n<p data-path-to-node=\"5\">\u2714\ufe0f Agua embotellada durante el tour<\/p>\n<p data-path-to-node=\"5\">\u2714\ufe0f Entradas a los Templos de Abu Simbel<\/p>\n<p data-path-to-node=\"5\">\u2714\ufe0f Todos los cargos por servicio e impuestos<\/p>\n<hr data-path-to-node=\"6\" \/>\n<h3 data-path-to-node=\"7\">Excluido<\/h3>\n<p data-path-to-node=\"8\">\u274c Comidas (a menos que se especifique lo contrario)<\/p>\n<p data-path-to-node=\"8\">\u274c Gastos personales<\/p>\n<p data-path-to-node=\"8\">\u274c Actividades opcionales no mencionadas<\/p>\n<p data-path-to-node=\"8\">\u274c Propinas \/ gratificaciones (opcional)<\/p>\n","protected":false},"excerpt":{"rendered":"<table data-path-to-node=\"0\">\n<thead>\n<tr>\n<td><strong>M\u00edn \u2013 M\u00e1x (Personas)<\/strong><\/td>\n<td><strong>Precio Adultos<\/strong><\/td>\n<td><strong>Precio Ni\u00f1os<\/strong><\/td>\n<td><strong>Precio Beb\u00e9s<\/strong><\/td>\n<\/tr>\n<\/thead>\n<tbody>\n<tr>\n<td><span data-path-to-node=\"0,1,0,0\"><b data-path-to-node=\"0,1,0,0\" data-index-in-node=\"0\">1 \u2013 2 Personas<\/b><\/span><\/td>\n<td><span data-path-to-node=\"0,1,1,0\">$150<\/span><\/td>\n<td><span data-path-to-node=\"0,1,2,0\">$75<\/span><\/td>\n<td><span data-path-to-node=\"0,1,3,0\">Gratis<\/span><\/td>\n<\/tr>\n<tr>\n<td><span data-path-to-node=\"0,2,0,0\"><b data-path-to-node=\"0,2,0,0\" data-index-in-node=\"0\">3 \u2013 5 Personas<\/b><\/span><\/td>\n<td><span data-path-to-node=\"0,2,1,0\">$140<\/span><\/td>\n<td><span data-path-to-node=\"0,2,2,0\">$70<\/span><\/td>\n<td><span data-path-to-node=\"0,2,3,0\">Gratis<\/span><\/td>\n<\/tr>\n<tr>\n<td><span data-path-to-node=\"0,3,0,0\"><b data-path-to-node=\"0,3,0,0\" data-index-in-node=\"0\">6 \u2013 9 Personas<\/b><\/span><\/td>\n<td><span data-path-to-node=\"0,3,1,0\">$130<\/span><\/td>\n<td><span data-path-to-node=\"0,3,2,0\">$65<\/span><\/td>\n<td><span data-path-to-node=\"0,3,3,0\">Gratis<\/span><\/td>\n<\/tr>\n<tr>\n<td><span data-path-to-node=\"0,4,0,0\"><b data-path-to-node=\"0,4,0,0\" data-index-in-node=\"0\">10 \u2013 15 Personas<\/b><\/span><\/td>\n<td><span data-path-to-node=\"0,4,1,0\">$120<\/span><\/td>\n<td><span data-path-to-node=\"0,4,2,0\">$60<\/span><\/td>\n<td><span data-path-to-node=\"0,4,3,0\">Gratis<\/span><\/td>\n<\/tr>\n<tr>\n<td><span data-path-to-node=\"0,5,0,0\"><b data-path-to-node=\"0,5,0,0\" data-index-in-node=\"0\">+16 Personas<\/b><\/span><\/td>\n<td><span data-path-to-node=\"0,5,1,0\">Tarifa Especial<\/span><\/td>\n<td><span data-path-to-node=\"0,5,2,0\">Tarifa Especial<\/span><\/td>\n<td><span data-path-to-node=\"0,5,3,0\">Gratis<\/span><\/td>\n<\/tr>\n<\/tbody>\n<\/table>\n<p>&nbsp;<\/p>\n","protected":false},"featured_media":16038,"comment_status":"open","ping_status":"closed","template":"","meta":{"_acf_changed":false},"product_brand":[],"product_cat":[],"product_tag":[],"class_list":{"0":"post-16043","1":"product","2":"type-product","3":"status-publish","4":"has-post-thumbnail","6":"tour_phys-adventure-tours","7":"tour_phys-city-tour","8":"tour_phys-desert-safari","9":"pa_destination-luxor","10":"pa_destination-aswan","11":"pa_month-april","12":"pa_month-december","13":"pa_month-february","14":"pa_month-january","15":"pa_month-march","16":"pa_month-november","17":"pa_month-october","19":"first","20":"instock","21":"shipping-taxable","22":"purchasable","23":"product-type-tour_phys"},"acf":[],"_links":{"self":[{"href":"https:\/\/nobles-tours.com\/es\/wp-json\/wp\/v2\/product\/16043","targetHints":{"allow":["GET"]}}],"collection":[{"href":"https:\/\/nobles-tours.com\/es\/wp-json\/wp\/v2\/product"}],"about":[{"href":"https:\/\/nobles-tours.com\/es\/wp-json\/wp\/v2\/types\/product"}],"replies":[{"embeddable":true,"href":"https:\/\/nobles-tours.com\/es\/wp-json\/wp\/v2\/comments?post=16043"}],"wp:featuredmedia":[{"embeddable":true,"href":"https:\/\/nobles-tours.com\/es\/wp-json\/wp\/v2\/media\/16038"}],"wp:attachment":[{"href":"https:\/\/nobles-tours.com\/es\/wp-json\/wp\/v2\/media?parent=16043"}],"wp:term":[{"taxonomy":"product_brand","embeddable":true,"href":"https:\/\/nobles-tours.com\/es\/wp-json\/wp\/v2\/product_brand?post=16043"},{"taxonomy":"product_cat","embeddable":true,"href":"https:\/\/nobles-tours.com\/es\/wp-json\/wp\/v2\/product_cat?post=16043"},{"taxonomy":"product_tag","embeddable":true,"href":"https:\/\/nobles-tours.com\/es\/wp-json\/wp\/v2\/product_tag?post=16043"}],"curies":[{"name":"wp","href":"https:\/\/api.w.org\/{rel}","templated":true}]}}