{"id":16049,"date":"2026-01-17T06:44:10","date_gmt":"2026-01-17T06:44:10","guid":{"rendered":"https:\/\/nobles-tours.com\/product\/full-day-giza-pyramids-and-sakkara-tour\/"},"modified":"2026-02-04T12:50:59","modified_gmt":"2026-02-04T12:50:59","slug":"full-day-giza-pyramids-and-sakkara-tour","status":"publish","type":"product","link":"https:\/\/nobles-tours.com\/es\/tours\/full-day-giza-pyramids-and-sakkara-tour","title":{"rendered":"Tour de d\u00eda completo: Pir\u00e1mides de Giza, Menfis y Saqqara"},"content":{"rendered":"<h3 data-path-to-node=\"0\">Tour de d\u00eda completo: Pir\u00e1mides de Giza, Menfis y Saqqara<\/h3>\n<p data-path-to-node=\"1\">Explore las maravillas antiguas de Egipto en un tour de d\u00eda completo desde El Cairo. Esta enriquecedora experiencia le llevar\u00e1 a las mundialmente famosas Pir\u00e1mides de Giza, la majestuosa Gran Esfinge, la antigua capital de Menfis y la hist\u00f3rica necr\u00f3polis de Saqqara, hogar de la Pir\u00e1mide Escalonada del Rey Zoser. Descubra los or\u00edgenes de la construcci\u00f3n de las pir\u00e1mides y obtenga una visi\u00f3n profunda de la rica historia fara\u00f3nica y la brillantez arquitect\u00f3nica de Egipto.<\/p>\n<hr data-path-to-node=\"2\" \/>\n<h3 data-path-to-node=\"3\">Incluido<\/h3>\n<ul data-path-to-node=\"4\">\n<li>\n<p data-path-to-node=\"4,0,0\">Recogida y traslado de regreso a su hotel en El Cairo o Giza.<\/p>\n<\/li>\n<li>\n<p data-path-to-node=\"4,1,0\">Veh\u00edculo privado con aire acondicionado durante todo el tour.<\/p>\n<\/li>\n<li>\n<p data-path-to-node=\"4,2,0\">Gu\u00eda egipt\u00f3logo profesional licenciado.<\/p>\n<\/li>\n<li>\n<p data-path-to-node=\"4,3,0\">Agua embotellada durante el tour.<\/p>\n<\/li>\n<li>\n<p data-path-to-node=\"4,4,0\">Todos los cargos por servicio e impuestos.<\/p>\n<\/li>\n<\/ul>\n<hr data-path-to-node=\"5\" \/>\n<h3 data-path-to-node=\"6\">Excluido<\/h3>\n<ul data-path-to-node=\"7\">\n<li>\n<p data-path-to-node=\"7,0,0\">Entradas a los sitios arqueol\u00f3gicos.<\/p>\n<\/li>\n<li>\n<p data-path-to-node=\"7,1,0\">Almuerzos.<\/p>\n<\/li>\n<li>\n<p data-path-to-node=\"7,2,0\">Gastos personales.<\/p>\n<\/li>\n<li>\n<p data-path-to-node=\"7,3,0\">Propinas \/ gratificaciones.<\/p>\n<\/li>\n<\/ul>\n","protected":false},"excerpt":{"rendered":"<table data-path-to-node=\"0\">\n<thead>\n<tr>\n<td><strong>M\u00edn \u2013 M\u00e1x (Personas)<\/strong><\/td>\n<td><strong>Precio Adultos<\/strong><\/td>\n<td><strong>Precio Ni\u00f1os<\/strong><\/td>\n<td><strong>Precio Beb\u00e9s<\/strong><\/td>\n<\/tr>\n<\/thead>\n<tbody>\n<tr>\n<td><span data-path-to-node=\"0,1,0,0\"><b data-path-to-node=\"0,1,0,0\" data-index-in-node=\"0\">1 \u2013 2 Personas<\/b><\/span><\/td>\n<td><span data-path-to-node=\"0,1,1,0\">$95<\/span><\/td>\n<td><span data-path-to-node=\"0,1,2,0\">$45<\/span><\/td>\n<td><span data-path-to-node=\"0,1,3,0\">Gratis<\/span><\/td>\n<\/tr>\n<tr>\n<td><span data-path-to-node=\"0,2,0,0\"><b data-path-to-node=\"0,2,0,0\" data-index-in-node=\"0\">3 \u2013 5 Personas<\/b><\/span><\/td>\n<td><span data-path-to-node=\"0,2,1,0\">$85<\/span><\/td>\n<td><span data-path-to-node=\"0,2,2,0\">$40<\/span><\/td>\n<td><span data-path-to-node=\"0,2,3,0\">Gratis<\/span><\/td>\n<\/tr>\n<tr>\n<td><span data-path-to-node=\"0,3,0,0\"><b data-path-to-node=\"0,3,0,0\" data-index-in-node=\"0\">6 \u2013 9 Personas<\/b><\/span><\/td>\n<td><span data-path-to-node=\"0,3,1,0\">$80<\/span><\/td>\n<td><span data-path-to-node=\"0,3,2,0\">$38<\/span><\/td>\n<td><span data-path-to-node=\"0,3,3,0\">Gratis<\/span><\/td>\n<\/tr>\n<tr>\n<td><span data-path-to-node=\"0,4,0,0\"><b data-path-to-node=\"0,4,0,0\" data-index-in-node=\"0\">10 \u2013 15 Personas<\/b><\/span><\/td>\n<td><span data-path-to-node=\"0,4,1,0\">$75<\/span><\/td>\n<td><span data-path-to-node=\"0,4,2,0\">$35<\/span><\/td>\n<td><span data-path-to-node=\"0,4,3,0\">Gratis<\/span><\/td>\n<\/tr>\n<tr>\n<td><span data-path-to-node=\"0,5,0,0\"><b data-path-to-node=\"0,5,0,0\" data-index-in-node=\"0\">+16 Personas<\/b><\/span><\/td>\n<td><span data-path-to-node=\"0,5,1,0\">Tarifa Especial<\/span><\/td>\n<td><span data-path-to-node=\"0,5,2,0\">Tarifa Especial<\/span><\/td>\n<td><span data-path-to-node=\"0,5,3,0\">Gratis<\/span><\/td>\n<\/tr>\n<\/tbody>\n<\/table>\n<p>&nbsp;<\/p>\n","protected":false},"featured_media":15994,"comment_status":"open","ping_status":"closed","template":"","meta":{"_acf_changed":false},"product_brand":[],"product_cat":[],"product_tag":[],"class_list":{"0":"post-16049","1":"product","2":"type-product","3":"status-publish","4":"has-post-thumbnail","6":"tour_phys-adventure-tours","7":"tour_phys-culture-and-attractions","8":"tour_phys-desert-safari","9":"pa_destination-giza","10":"pa_month-april","11":"pa_month-december","12":"pa_month-february","13":"pa_month-january","14":"pa_month-march","15":"pa_month-november","16":"pa_month-october","18":"first","19":"instock","20":"shipping-taxable","21":"purchasable","22":"product-type-tour_phys"},"acf":[],"_links":{"self":[{"href":"https:\/\/nobles-tours.com\/es\/wp-json\/wp\/v2\/product\/16049","targetHints":{"allow":["GET"]}}],"collection":[{"href":"https:\/\/nobles-tours.com\/es\/wp-json\/wp\/v2\/product"}],"about":[{"href":"https:\/\/nobles-tours.com\/es\/wp-json\/wp\/v2\/types\/product"}],"replies":[{"embeddable":true,"href":"https:\/\/nobles-tours.com\/es\/wp-json\/wp\/v2\/comments?post=16049"}],"wp:featuredmedia":[{"embeddable":true,"href":"https:\/\/nobles-tours.com\/es\/wp-json\/wp\/v2\/media\/15994"}],"wp:attachment":[{"href":"https:\/\/nobles-tours.com\/es\/wp-json\/wp\/v2\/media?parent=16049"}],"wp:term":[{"taxonomy":"product_brand","embeddable":true,"href":"https:\/\/nobles-tours.com\/es\/wp-json\/wp\/v2\/product_brand?post=16049"},{"taxonomy":"product_cat","embeddable":true,"href":"https:\/\/nobles-tours.com\/es\/wp-json\/wp\/v2\/product_cat?post=16049"},{"taxonomy":"product_tag","embeddable":true,"href":"https:\/\/nobles-tours.com\/es\/wp-json\/wp\/v2\/product_tag?post=16049"}],"curies":[{"name":"wp","href":"https:\/\/api.w.org\/{rel}","templated":true}]}}