{"id":16060,"date":"2026-01-17T04:49:38","date_gmt":"2026-01-17T04:49:38","guid":{"rendered":"https:\/\/nobles-tours.com\/product\/siwa-oasis-tour-from-cairo\/"},"modified":"2026-02-04T20:02:58","modified_gmt":"2026-02-04T20:02:58","slug":"siwa-oasis-tour-from-cairo","status":"publish","type":"product","link":"https:\/\/nobles-tours.com\/es\/tours\/siwa-oasis-tour-from-cairo","title":{"rendered":"Tour al Oasis de Siwa desde El Cairo \u2013 3 D\u00edas \/ 2 Noches"},"content":{"rendered":"<h3 data-path-to-node=\"0\">Tour al Oasis de Siwa desde El Cairo<\/h3>\n<p data-path-to-node=\"1\">Esc\u00e1pese de la ciudad y explore la belleza oculta del Oasis de Siwa en una aventura de 3 d\u00edas por el desierto desde El Cairo. Descubra una mezcla \u00fanica de historia, cultura y naturaleza mientras visita templos antiguos, lagos de sal, manantiales naturales y espectaculares paisajes des\u00e9rticos. Desde el legendario Templo del Or\u00e1culo hasta emocionantes aventuras en 4\u00d74 en el Gran Mar de Arena, este viaje ofrece una experiencia de oasis inolvidable.<\/p>\n<hr data-path-to-node=\"2\" \/>\n<h3 data-path-to-node=\"3\">Incluido<\/h3>\n<ul data-path-to-node=\"4\">\n<li>\n<p data-path-to-node=\"4,0,0\">Recogida y traslado de regreso a su hotel en El Cairo.<\/p>\n<\/li>\n<li>\n<p data-path-to-node=\"4,1,0\">Traslados El Cairo \u2194 Siwa en veh\u00edculo con aire acondicionado.<\/p>\n<\/li>\n<li>\n<p data-path-to-node=\"4,2,0\">Todos los traslados locales en Siwa en jeep 4\u00d74.<\/p>\n<\/li>\n<li>\n<p data-path-to-node=\"4,3,0\">2 noches de alojamiento en un hotel en Siwa.<\/p>\n<\/li>\n<li>\n<p data-path-to-node=\"4,4,0\">Almuerzo durante los tours de visita en Siwa.<\/p>\n<\/li>\n<li>\n<p data-path-to-node=\"4,5,0\">Agua embotellada durante el viaje.<\/p>\n<\/li>\n<li>\n<p data-path-to-node=\"4,6,0\">L\u00edder de tour experto y profesional durante todo el recorrido.<\/p>\n<\/li>\n<\/ul>\n<hr data-path-to-node=\"5\" \/>\n<h3 data-path-to-node=\"6\">Excluido<\/h3>\n<ul data-path-to-node=\"7\">\n<li>\n<p data-path-to-node=\"7,0,0\">Entradas a los sitios indicados.<\/p>\n<\/li>\n<li>\n<p data-path-to-node=\"7,1,0\">Tours o actividades opcionales.<\/p>\n<\/li>\n<li>\n<p data-path-to-node=\"7,2,0\">Gastos personales.<\/p>\n<\/li>\n<li>\n<p data-path-to-node=\"7,3,0\">Propinas \/ gratificaciones.<\/p>\n<\/li>\n<\/ul>\n","protected":false},"excerpt":{"rendered":"<table data-path-to-node=\"0\">\n<thead>\n<tr>\n<td><strong>M\u00edn \u2013 M\u00e1x (Personas)<\/strong><\/td>\n<td><strong>Precio Adultos<\/strong><\/td>\n<td><strong>Precio Ni\u00f1os<\/strong><\/td>\n<td><strong>Precio Beb\u00e9s<\/strong><\/td>\n<\/tr>\n<\/thead>\n<tbody>\n<tr>\n<td><span data-path-to-node=\"0,1,0,0\"><b data-path-to-node=\"0,1,0,0\" data-index-in-node=\"0\">1 \u2013 2 Personas<\/b><\/span><\/td>\n<td><span data-path-to-node=\"0,1,1,0\">$450<\/span><\/td>\n<td><span data-path-to-node=\"0,1,2,0\">$350<\/span><\/td>\n<td><span data-path-to-node=\"0,1,3,0\">Gratis<\/span><\/td>\n<\/tr>\n<tr>\n<td><span data-path-to-node=\"0,2,0,0\"><b data-path-to-node=\"0,2,0,0\" data-index-in-node=\"0\">3 \u2013 5 Personas<\/b><\/span><\/td>\n<td><span data-path-to-node=\"0,2,1,0\">$425<\/span><\/td>\n<td><span data-path-to-node=\"0,2,2,0\">$325<\/span><\/td>\n<td><span data-path-to-node=\"0,2,3,0\">Gratis<\/span><\/td>\n<\/tr>\n<tr>\n<td><span data-path-to-node=\"0,3,0,0\"><b data-path-to-node=\"0,3,0,0\" data-index-in-node=\"0\">6 \u2013 9 Personas<\/b><\/span><\/td>\n<td><span data-path-to-node=\"0,3,1,0\">$400<\/span><\/td>\n<td><span data-path-to-node=\"0,3,2,0\">$300<\/span><\/td>\n<td><span data-path-to-node=\"0,3,3,0\">Gratis<\/span><\/td>\n<\/tr>\n<tr>\n<td><span data-path-to-node=\"0,4,0,0\"><b data-path-to-node=\"0,4,0,0\" data-index-in-node=\"0\">10 \u2013 15 Personas<\/b><\/span><\/td>\n<td><span data-path-to-node=\"0,4,1,0\">$375<\/span><\/td>\n<td><span data-path-to-node=\"0,4,2,0\">$275<\/span><\/td>\n<td><span data-path-to-node=\"0,4,3,0\">Gratis<\/span><\/td>\n<\/tr>\n<tr>\n<td><span data-path-to-node=\"0,5,0,0\"><b data-path-to-node=\"0,5,0,0\" data-index-in-node=\"0\">+16 Personas<\/b><\/span><\/td>\n<td><span data-path-to-node=\"0,5,1,0\">Tarifa Especial<\/span><\/td>\n<td><span data-path-to-node=\"0,5,2,0\">Tarifa Especial<\/span><\/td>\n<td><span data-path-to-node=\"0,5,3,0\">Gratis<\/span><\/td>\n<\/tr>\n<\/tbody>\n<\/table>\n","protected":false},"featured_media":16056,"comment_status":"open","ping_status":"closed","template":"","meta":{"_acf_changed":false},"product_brand":[],"product_cat":[],"product_tag":[],"class_list":{"0":"post-16060","1":"product","2":"type-product","3":"status-publish","4":"has-post-thumbnail","6":"tour_phys-adventure-tours","7":"tour_phys-city-tour","8":"tour_phys-culture-and-attractions","9":"pa_destination-giza","10":"pa_month-april","11":"pa_month-december","12":"pa_month-february","13":"pa_month-january","14":"pa_month-march","15":"pa_month-november","16":"pa_month-october","18":"first","19":"instock","20":"shipping-taxable","21":"purchasable","22":"product-type-tour_phys"},"acf":[],"_links":{"self":[{"href":"https:\/\/nobles-tours.com\/es\/wp-json\/wp\/v2\/product\/16060","targetHints":{"allow":["GET"]}}],"collection":[{"href":"https:\/\/nobles-tours.com\/es\/wp-json\/wp\/v2\/product"}],"about":[{"href":"https:\/\/nobles-tours.com\/es\/wp-json\/wp\/v2\/types\/product"}],"replies":[{"embeddable":true,"href":"https:\/\/nobles-tours.com\/es\/wp-json\/wp\/v2\/comments?post=16060"}],"wp:featuredmedia":[{"embeddable":true,"href":"https:\/\/nobles-tours.com\/es\/wp-json\/wp\/v2\/media\/16056"}],"wp:attachment":[{"href":"https:\/\/nobles-tours.com\/es\/wp-json\/wp\/v2\/media?parent=16060"}],"wp:term":[{"taxonomy":"product_brand","embeddable":true,"href":"https:\/\/nobles-tours.com\/es\/wp-json\/wp\/v2\/product_brand?post=16060"},{"taxonomy":"product_cat","embeddable":true,"href":"https:\/\/nobles-tours.com\/es\/wp-json\/wp\/v2\/product_cat?post=16060"},{"taxonomy":"product_tag","embeddable":true,"href":"https:\/\/nobles-tours.com\/es\/wp-json\/wp\/v2\/product_tag?post=16060"}],"curies":[{"name":"wp","href":"https:\/\/api.w.org\/{rel}","templated":true}]}}