{"id":16068,"date":"2026-01-16T04:21:14","date_gmt":"2026-01-16T04:21:14","guid":{"rendered":"https:\/\/nobles-tours.com\/product\/national-museum-citadel-and-khan-el-khalili-bazaar-tour\/"},"modified":"2026-02-04T20:17:35","modified_gmt":"2026-02-04T20:17:35","slug":"tour-del-museo-nacional-la-ciudadela-y-el-bazar-de-khan-el-khalili","status":"publish","type":"product","link":"https:\/\/nobles-tours.com\/es\/tours\/tour-del-museo-nacional-la-ciudadela-y-el-bazar-de-khan-el-khalili","title":{"rendered":"Tour del Museo Nacional, la Ciudadela y el Bazar de Khan El Khalili"},"content":{"rendered":"<h3 data-path-to-node=\"0\">Tour del Museo Nacional, la Ciudadela y el Bazar Khan El Khalili<\/h3>\n<p data-path-to-node=\"1\">Descubra el coraz\u00f3n cultural de El Cairo en un tour guiado de d\u00eda completo visitando algunos de los monumentos m\u00e1s emblem\u00e1ticos de la ciudad. Explore el Museo Nacional de la Civilizaci\u00f3n Egipcia, hogar de las momias reales de Egipto, disfrute de vistas panor\u00e1micas desde la Ciudadela de Saladino y la impresionante Mezquita de Muhammad Ali, y luego pasee por el hist\u00f3rico Bazar Khan El Khalili para realizar compras y vivir experiencias locales.<\/p>\n<hr data-path-to-node=\"2\" \/>\n<h3 data-path-to-node=\"3\">Incluido<\/h3>\n<ul data-path-to-node=\"4\">\n<li>\n<p data-path-to-node=\"4,0,0\">Servicio de recogida y traslado de regreso al hotel.<\/p>\n<\/li>\n<li>\n<p data-path-to-node=\"4,1,0\">Todos los traslados en un veh\u00edculo moderno con aire acondicionado.<\/p>\n<\/li>\n<li>\n<p data-path-to-node=\"4,2,0\">Gu\u00eda egipt\u00f3logo profesional durante el tour.<\/p>\n<\/li>\n<li>\n<p data-path-to-node=\"4,3,0\">Agua embotellada durante el viaje.<\/p>\n<\/li>\n<li>\n<p data-path-to-node=\"4,4,0\">Paradas para compras durante el recorrido.<\/p>\n<\/li>\n<li>\n<p data-path-to-node=\"4,5,0\">Todos los impuestos y cargos por servicio.<\/p>\n<\/li>\n<\/ul>\n<hr data-path-to-node=\"5\" \/>\n<h3 data-path-to-node=\"6\">Excluido<\/h3>\n<ul data-path-to-node=\"7\">\n<li>\n<p data-path-to-node=\"7,0,0\">Entradas a los sitios tur\u00edsticos.<\/p>\n<\/li>\n<li>\n<p data-path-to-node=\"7,1,0\">Cualquier atracci\u00f3n no mencionada en el itinerario.<\/p>\n<\/li>\n<li>\n<p data-path-to-node=\"7,2,0\">Gastos personales.<\/p>\n<\/li>\n<li>\n<p data-path-to-node=\"7,3,0\">Propinas \/ gratificaciones.<\/p>\n<\/li>\n<\/ul>\n<hr data-path-to-node=\"8\" \/>\n<h3 data-path-to-node=\"9\">Informaci\u00f3n Adicional<\/h3>\n<ul data-path-to-node=\"10\">\n<li>\n<p data-path-to-node=\"10,0,0\">Confirmaci\u00f3n de reserva enviada por correo electr\u00f3nico.<\/p>\n<\/li>\n<li>\n<p data-path-to-node=\"10,1,0\">Se requiere un dep\u00f3sito del 30% en l\u00ednea; el saldo restante se paga a la llegada.<\/p>\n<\/li>\n<li>\n<p data-path-to-node=\"10,2,0\">Duraci\u00f3n del tour de d\u00eda completo: aproximadamente 8 horas.<\/p>\n<\/li>\n<li>\n<p data-path-to-node=\"10,3,0\">La propina es opcional y no est\u00e1 incluida.<\/p>\n<\/li>\n<\/ul>\n","protected":false},"excerpt":{"rendered":"<p>Tour del Museo Nacional, la Ciudadela y el Bazar Khan El Khalili<br \/>\nDescubra el coraz\u00f3n cultural de El Cairo en un tour guiado de d\u00eda completo visitando algunos de los <\/p>\n","protected":false},"featured_media":16005,"comment_status":"open","ping_status":"closed","template":"","meta":{"_acf_changed":false},"product_brand":[],"product_cat":[],"product_tag":[],"class_list":{"0":"post-16068","1":"product","2":"type-product","3":"status-publish","4":"has-post-thumbnail","6":"tour_phys-city-tour","7":"tour_phys-culture-and-attractions","8":"pa_destination-giza","9":"pa_month-april","10":"pa_month-december","11":"pa_month-february","12":"pa_month-january","13":"pa_month-march","14":"pa_month-november","15":"pa_month-october","17":"first","18":"instock","19":"shipping-taxable","20":"purchasable","21":"product-type-tour_phys"},"acf":[],"_links":{"self":[{"href":"https:\/\/nobles-tours.com\/es\/wp-json\/wp\/v2\/product\/16068","targetHints":{"allow":["GET"]}}],"collection":[{"href":"https:\/\/nobles-tours.com\/es\/wp-json\/wp\/v2\/product"}],"about":[{"href":"https:\/\/nobles-tours.com\/es\/wp-json\/wp\/v2\/types\/product"}],"replies":[{"embeddable":true,"href":"https:\/\/nobles-tours.com\/es\/wp-json\/wp\/v2\/comments?post=16068"}],"wp:featuredmedia":[{"embeddable":true,"href":"https:\/\/nobles-tours.com\/es\/wp-json\/wp\/v2\/media\/16005"}],"wp:attachment":[{"href":"https:\/\/nobles-tours.com\/es\/wp-json\/wp\/v2\/media?parent=16068"}],"wp:term":[{"taxonomy":"product_brand","embeddable":true,"href":"https:\/\/nobles-tours.com\/es\/wp-json\/wp\/v2\/product_brand?post=16068"},{"taxonomy":"product_cat","embeddable":true,"href":"https:\/\/nobles-tours.com\/es\/wp-json\/wp\/v2\/product_cat?post=16068"},{"taxonomy":"product_tag","embeddable":true,"href":"https:\/\/nobles-tours.com\/es\/wp-json\/wp\/v2\/product_tag?post=16068"}],"curies":[{"name":"wp","href":"https:\/\/api.w.org\/{rel}","templated":true}]}}