{"id":16078,"date":"2026-01-16T04:11:37","date_gmt":"2026-01-16T04:11:37","guid":{"rendered":"https:\/\/nobles-tours.com\/product\/cairo-and-luxor-tour-package\/"},"modified":"2026-02-04T20:33:28","modified_gmt":"2026-02-04T20:33:28","slug":"cairo-and-luxor-tour-package","status":"publish","type":"product","link":"https:\/\/nobles-tours.com\/es\/tours\/cairo-and-luxor-tour-package","title":{"rendered":"Paquete de Tour de 6 D\u00edas en El Cairo y Luxor en Avi\u00f3n"},"content":{"rendered":"<h3 data-path-to-node=\"0\">Paquete de Tour de 6 D\u00edas en El Cairo y Luxor en Avi\u00f3n<\/h3>\n<p data-path-to-node=\"1\">Prep\u00e1rese para una aventura inolvidable de 6 d\u00edas entre El Cairo y Luxor. Descubra los monumentos m\u00e1s emblem\u00e1ticos de Egipto, incluyendo las Pir\u00e1mides de Giza, la Gran Esfinge, el Museo Egipcio y los tesoros de Luxor, como el Valle de los Reyes y el magn\u00edfico Templo de Karnak. Este viaje ofrece una combinaci\u00f3n perfecta de historia antigua, cultura y monumentos impresionantes.<\/p>\n<hr data-path-to-node=\"2\" \/>\n<h3 data-path-to-node=\"3\">Incluido<\/h3>\n<ul data-path-to-node=\"4\">\n<li>\n<p data-path-to-node=\"4,0,0\">Servicio de recepci\u00f3n y asistencia en el Aeropuerto de El Cairo o Luxor.<\/p>\n<\/li>\n<li>\n<p data-path-to-node=\"4,1,0\">Asistencia durante toda su estancia.<\/p>\n<\/li>\n<li>\n<p data-path-to-node=\"4,2,0\">Todo el transporte en veh\u00edculos privados modernos con aire acondicionado.<\/p>\n<\/li>\n<li>\n<p data-path-to-node=\"4,3,0\">4 noches de alojamiento en hotel en El Cairo con desayuno diario.<\/p>\n<\/li>\n<li>\n<p data-path-to-node=\"4,4,0\">1 noche de alojamiento en hotel en Luxor con desayuno.<\/p>\n<\/li>\n<li>\n<p data-path-to-node=\"4,5,0\">Vuelos nacionales: El Cairo \u2194 Luxor.<\/p>\n<\/li>\n<li>\n<p data-path-to-node=\"4,6,0\">Agua embotellada durante los tours.<\/p>\n<\/li>\n<li>\n<p data-path-to-node=\"4,7,0\">Todos los cargos por servicio e impuestos.<\/p>\n<\/li>\n<\/ul>\n<hr data-path-to-node=\"5\" \/>\n<h3 data-path-to-node=\"6\">Excluido<\/h3>\n<ul data-path-to-node=\"7\">\n<li>\n<p data-path-to-node=\"7,0,0\">Entradas a todos los sitios tur\u00edsticos seg\u00fan el itinerario.<\/p>\n<\/li>\n<li>\n<p data-path-to-node=\"7,1,0\">Almuerzos y bebidas.<\/p>\n<\/li>\n<li>\n<p data-path-to-node=\"7,2,0\">Gastos de propinas.<\/p>\n<\/li>\n<li>\n<p data-path-to-node=\"7,3,0\">Cualquier servicio o art\u00edculo no mencionado en el programa.<\/p>\n<\/li>\n<\/ul>\n","protected":false},"excerpt":{"rendered":"<table data-path-to-node=\"0\">\n<thead>\n<tr>\n<td><strong>M\u00edn \u2013 M\u00e1x (Personas)<\/strong><\/td>\n<td><strong>Precio Adultos<\/strong><\/td>\n<td><strong>Precio Ni\u00f1os<\/strong><\/td>\n<td><strong>Precio Beb\u00e9s<\/strong><\/td>\n<\/tr>\n<\/thead>\n<tbody>\n<tr>\n<td><span data-path-to-node=\"0,1,0,0\"><b data-path-to-node=\"0,1,0,0\" data-index-in-node=\"0\">1 \u2013 2 Personas<\/b><\/span><\/td>\n<td><span data-path-to-node=\"0,1,1,0\">$1,650<\/span><\/td>\n<td><span data-path-to-node=\"0,1,2,0\">$1,400<\/span><\/td>\n<td><span data-path-to-node=\"0,1,3,0\">Gratis<\/span><\/td>\n<\/tr>\n<tr>\n<td><span data-path-to-node=\"0,2,0,0\"><b data-path-to-node=\"0,2,0,0\" data-index-in-node=\"0\">3 \u2013 5 Personas<\/b><\/span><\/td>\n<td><span data-path-to-node=\"0,2,1,0\">$1,600<\/span><\/td>\n<td><span data-path-to-node=\"0,2,2,0\">$1,350<\/span><\/td>\n<td><span data-path-to-node=\"0,2,3,0\">Gratis<\/span><\/td>\n<\/tr>\n<tr>\n<td><span data-path-to-node=\"0,3,0,0\"><b data-path-to-node=\"0,3,0,0\" data-index-in-node=\"0\">6 \u2013 9 Personas<\/b><\/span><\/td>\n<td><span data-path-to-node=\"0,3,1,0\">$1,550<\/span><\/td>\n<td><span data-path-to-node=\"0,3,2,0\">$1,300<\/span><\/td>\n<td><span data-path-to-node=\"0,3,3,0\">Gratis<\/span><\/td>\n<\/tr>\n<tr>\n<td><span data-path-to-node=\"0,4,0,0\"><b data-path-to-node=\"0,4,0,0\" data-index-in-node=\"0\">10 \u2013 15 Personas<\/b><\/span><\/td>\n<td><span data-path-to-node=\"0,4,1,0\">$1,500<\/span><\/td>\n<td><span data-path-to-node=\"0,4,2,0\">$1,250<\/span><\/td>\n<td><span data-path-to-node=\"0,4,3,0\">Gratis<\/span><\/td>\n<\/tr>\n<tr>\n<td><span data-path-to-node=\"0,5,0,0\"><b data-path-to-node=\"0,5,0,0\" data-index-in-node=\"0\">+16 Personas<\/b><\/span><\/td>\n<td><span data-path-to-node=\"0,5,1,0\">Tarifa Especial<\/span><\/td>\n<td><span data-path-to-node=\"0,5,2,0\">Tarifa Especial<\/span><\/td>\n<td><span data-path-to-node=\"0,5,3,0\">Gratis<\/span><\/td>\n<\/tr>\n<\/tbody>\n<\/table>\n","protected":false},"featured_media":16066,"comment_status":"open","ping_status":"closed","template":"","meta":{"_acf_changed":false},"product_brand":[],"product_cat":[],"product_tag":[],"class_list":{"0":"post-16078","1":"product","2":"type-product","3":"status-publish","4":"has-post-thumbnail","6":"tour_phys-city-tour","7":"tour_phys-culture-and-attractions","8":"tour_phys-tour-cruise","9":"pa_destination-giza","10":"pa_destination-luxor","11":"pa_month-april","12":"pa_month-december","13":"pa_month-february","14":"pa_month-january","15":"pa_month-march","16":"pa_month-november","17":"pa_month-october","19":"first","20":"instock","21":"shipping-taxable","22":"purchasable","23":"product-type-tour_phys"},"acf":[],"_links":{"self":[{"href":"https:\/\/nobles-tours.com\/es\/wp-json\/wp\/v2\/product\/16078","targetHints":{"allow":["GET"]}}],"collection":[{"href":"https:\/\/nobles-tours.com\/es\/wp-json\/wp\/v2\/product"}],"about":[{"href":"https:\/\/nobles-tours.com\/es\/wp-json\/wp\/v2\/types\/product"}],"replies":[{"embeddable":true,"href":"https:\/\/nobles-tours.com\/es\/wp-json\/wp\/v2\/comments?post=16078"}],"wp:featuredmedia":[{"embeddable":true,"href":"https:\/\/nobles-tours.com\/es\/wp-json\/wp\/v2\/media\/16066"}],"wp:attachment":[{"href":"https:\/\/nobles-tours.com\/es\/wp-json\/wp\/v2\/media?parent=16078"}],"wp:term":[{"taxonomy":"product_brand","embeddable":true,"href":"https:\/\/nobles-tours.com\/es\/wp-json\/wp\/v2\/product_brand?post=16078"},{"taxonomy":"product_cat","embeddable":true,"href":"https:\/\/nobles-tours.com\/es\/wp-json\/wp\/v2\/product_cat?post=16078"},{"taxonomy":"product_tag","embeddable":true,"href":"https:\/\/nobles-tours.com\/es\/wp-json\/wp\/v2\/product_tag?post=16078"}],"curies":[{"name":"wp","href":"https:\/\/api.w.org\/{rel}","templated":true}]}}