{"id":16086,"date":"2026-01-16T03:32:06","date_gmt":"2026-01-16T03:32:06","guid":{"rendered":"https:\/\/nobles-tours.com\/product\/8-days-cairo-and-nile-cruise-starting-from-aswan\/"},"modified":"2026-02-04T21:18:10","modified_gmt":"2026-02-04T21:18:10","slug":"8-days-cairo-and-nile-cruise-starting-from-aswan","status":"publish","type":"product","link":"https:\/\/nobles-tours.com\/es\/tours\/8-days-cairo-and-nile-cruise-starting-from-aswan","title":{"rendered":"Paquete de 8 D\u00edas: El Cairo y Crucero por el Nilo (Iniciando en Asu\u00e1n)"},"content":{"rendered":"<h3 data-path-to-node=\"0\">Paquete de 8 D\u00edas: El Cairo y Crucero por el Nilo (Iniciando en Asu\u00e1n)<\/h3>\n<p data-path-to-node=\"1\">Viva una aventura egipcia inolvidable de 8 d\u00edas que combina lo m\u00e1s destacado de El Cairo con un crucero panor\u00e1mico por el Nilo comenzando en Asu\u00e1n. Disfrute de 4 noches en El Cairo y 3 noches a bordo de un crucero por el Nilo, visitando monumentos ic\u00f3nicos como las Pir\u00e1mides de Giza, el Museo Egipcio y el Templo de Filae. Navegue por el Nilo hacia Luxor, descubriendo templos antiguos y monumentos fascinantes en el camino antes de regresar a El Cairo.<\/p>\n<hr data-path-to-node=\"2\" \/>\n<h3 data-path-to-node=\"3\">Incluido<\/h3>\n<ul data-path-to-node=\"4\">\n<li>\n<p data-path-to-node=\"4,0,0\">Servicio de recepci\u00f3n y asistencia por parte de nuestros representantes en El Cairo, Luxor y Asu\u00e1n.<\/p>\n<\/li>\n<li>\n<p data-path-to-node=\"4,1,0\">4 noches de alojamiento en hotel en El Cairo (Alojamiento y Desayuno).<\/p>\n<\/li>\n<li>\n<p data-path-to-node=\"4,2,0\">3 noches de alojamiento a bordo de un crucero por el Nilo (Pensi\u00f3n Completa).<\/p>\n<\/li>\n<li>\n<p data-path-to-node=\"4,3,0\">Traslados privados a todos los sitios mencionados en veh\u00edculos con aire acondicionado.<\/p>\n<\/li>\n<li>\n<p data-path-to-node=\"4,4,0\">Gu\u00eda de turismo experto certificado para todas las excursiones.<\/p>\n<\/li>\n<li>\n<p data-path-to-node=\"4,5,0\">Vuelos nacionales o viaje por carretera desde El Cairo a Luxor y de Asu\u00e1n a El Cairo.<\/p>\n<\/li>\n<li>\n<p data-path-to-node=\"4,6,0\">Todos los impuestos y cargos por servicio.<\/p>\n<\/li>\n<\/ul>\n<hr data-path-to-node=\"5\" \/>\n<h3 data-path-to-node=\"6\">Excluido<\/h3>\n<ul data-path-to-node=\"7\">\n<li>\n<p data-path-to-node=\"7,0,0\">Visa de entrada a Egipto ($25 USD por persona).<\/p>\n<\/li>\n<li>\n<p data-path-to-node=\"7,1,0\">Vuelos internacionales.<\/p>\n<\/li>\n<li>\n<p data-path-to-node=\"7,2,0\">Entradas a los sitios tur\u00edsticos indicados.<\/p>\n<\/li>\n<li>\n<p data-path-to-node=\"7,3,0\">Almuerzos en El Cairo.<\/p>\n<\/li>\n<li>\n<p data-path-to-node=\"7,4,0\">Propinas para representantes de la compa\u00f1\u00eda, gu\u00eda, conductor, etc.<\/p>\n<\/li>\n<li>\n<p data-path-to-node=\"7,5,0\">Tours opcionales.<\/p>\n<\/li>\n<\/ul>\n","protected":false},"excerpt":{"rendered":"<table data-path-to-node=\"0\">\n<thead>\n<tr>\n<td><strong>M\u00edn \u2013 M\u00e1x (Personas)<\/strong><\/td>\n<td><strong>Precio Adultos<\/strong><\/td>\n<td><strong>Precio Ni\u00f1os<\/strong><\/td>\n<td><strong>Precio Beb\u00e9s<\/strong><\/td>\n<\/tr>\n<\/thead>\n<tbody>\n<tr>\n<td><span data-path-to-node=\"0,1,0,0\"><b data-path-to-node=\"0,1,0,0\" data-index-in-node=\"0\">1 \u2013 2 Personas<\/b><\/span><\/td>\n<td><span data-path-to-node=\"0,1,1,0\">$1,950<\/span><\/td>\n<td><span data-path-to-node=\"0,1,2,0\">$1,700<\/span><\/td>\n<td><span data-path-to-node=\"0,1,3,0\">Gratis<\/span><\/td>\n<\/tr>\n<tr>\n<td><span data-path-to-node=\"0,2,0,0\"><b data-path-to-node=\"0,2,0,0\" data-index-in-node=\"0\">3 \u2013 5 Personas<\/b><\/span><\/td>\n<td><span data-path-to-node=\"0,2,1,0\">$1,900<\/span><\/td>\n<td><span data-path-to-node=\"0,2,2,0\">$1,650<\/span><\/td>\n<td><span data-path-to-node=\"0,2,3,0\">Gratis<\/span><\/td>\n<\/tr>\n<tr>\n<td><span data-path-to-node=\"0,3,0,0\"><b data-path-to-node=\"0,3,0,0\" data-index-in-node=\"0\">6 \u2013 9 Personas<\/b><\/span><\/td>\n<td><span data-path-to-node=\"0,3,1,0\">$1,850<\/span><\/td>\n<td><span data-path-to-node=\"0,3,2,0\">$1,600<\/span><\/td>\n<td><span data-path-to-node=\"0,3,3,0\">Gratis<\/span><\/td>\n<\/tr>\n<tr>\n<td><span data-path-to-node=\"0,4,0,0\"><b data-path-to-node=\"0,4,0,0\" data-index-in-node=\"0\">10 \u2013 15 Personas<\/b><\/span><\/td>\n<td><span data-path-to-node=\"0,4,1,0\">$1,800<\/span><\/td>\n<td><span data-path-to-node=\"0,4,2,0\">$1,550<\/span><\/td>\n<td><span data-path-to-node=\"0,4,3,0\">Gratis<\/span><\/td>\n<\/tr>\n<tr>\n<td><span data-path-to-node=\"0,5,0,0\"><b data-path-to-node=\"0,5,0,0\" data-index-in-node=\"0\">+16 Personas<\/b><\/span><\/td>\n<td><span data-path-to-node=\"0,5,1,0\">Tarifa Especial<\/span><\/td>\n<td><span data-path-to-node=\"0,5,2,0\">Tarifa Especial<\/span><\/td>\n<td><span data-path-to-node=\"0,5,3,0\">Gratis<\/span><\/td>\n<\/tr>\n<\/tbody>\n<\/table>\n<p>&nbsp;<\/p>\n","protected":false},"featured_media":15912,"comment_status":"open","ping_status":"closed","template":"","meta":{"_acf_changed":false},"product_brand":[],"product_cat":[],"product_tag":[],"class_list":{"0":"post-16086","1":"product","2":"type-product","3":"status-publish","4":"has-post-thumbnail","6":"tour_phys-adventure-tours","7":"tour_phys-city-tour","8":"tour_phys-culture-and-attractions","9":"pa_destination-giza","10":"pa_destination-luxor","11":"pa_destination-aswan","12":"pa_month-april","13":"pa_month-december","14":"pa_month-february","15":"pa_month-january","16":"pa_month-march","17":"pa_month-november","18":"pa_month-october","20":"first","21":"instock","22":"shipping-taxable","23":"purchasable","24":"product-type-tour_phys"},"acf":[],"_links":{"self":[{"href":"https:\/\/nobles-tours.com\/es\/wp-json\/wp\/v2\/product\/16086","targetHints":{"allow":["GET"]}}],"collection":[{"href":"https:\/\/nobles-tours.com\/es\/wp-json\/wp\/v2\/product"}],"about":[{"href":"https:\/\/nobles-tours.com\/es\/wp-json\/wp\/v2\/types\/product"}],"replies":[{"embeddable":true,"href":"https:\/\/nobles-tours.com\/es\/wp-json\/wp\/v2\/comments?post=16086"}],"wp:featuredmedia":[{"embeddable":true,"href":"https:\/\/nobles-tours.com\/es\/wp-json\/wp\/v2\/media\/15912"}],"wp:attachment":[{"href":"https:\/\/nobles-tours.com\/es\/wp-json\/wp\/v2\/media?parent=16086"}],"wp:term":[{"taxonomy":"product_brand","embeddable":true,"href":"https:\/\/nobles-tours.com\/es\/wp-json\/wp\/v2\/product_brand?post=16086"},{"taxonomy":"product_cat","embeddable":true,"href":"https:\/\/nobles-tours.com\/es\/wp-json\/wp\/v2\/product_cat?post=16086"},{"taxonomy":"product_tag","embeddable":true,"href":"https:\/\/nobles-tours.com\/es\/wp-json\/wp\/v2\/product_tag?post=16086"}],"curies":[{"name":"wp","href":"https:\/\/api.w.org\/{rel}","templated":true}]}}