{"id":16088,"date":"2026-01-16T02:36:48","date_gmt":"2026-01-16T02:36:48","guid":{"rendered":"https:\/\/nobles-tours.com\/product\/cairo-nile-cruise-hurghada-vacation\/"},"modified":"2026-02-04T21:29:26","modified_gmt":"2026-02-04T21:29:26","slug":"cairo-nile-cruise-hurghada-vacation","status":"publish","type":"product","link":"https:\/\/nobles-tours.com\/es\/tours\/cairo-nile-cruise-hurghada-vacation","title":{"rendered":"10 D\u00edas: El Cairo, Crucero por el Nilo con 3 Noches en Hurghada"},"content":{"rendered":"<p data-path-to-node=\"1\"><b data-path-to-node=\"1\" data-index-in-node=\"0\">Vacaciones en El Cairo, Crucero por el Nilo y Hurghada<\/b><\/p>\n<p data-path-to-node=\"2\">Sum\u00e9rjase en la atm\u00f3sfera m\u00e1gica de El Cairo durante una emocionante aventura cultural, donde la historia antigua se encuentra con la vibrante vida cotidiana. Descubra monumentos ic\u00f3nicos como las Pir\u00e1mides de Giza, el Museo Egipcio y el casco hist\u00f3rico del Viejo Cairo, mientras las bulliciosas calles y los coloridos mercados dan vida a la ciudad.<\/p>\n<p data-path-to-node=\"3\">Contin\u00fae su viaje con un relajante crucero por el Nilo, navegando junto a templos eternos y monumentos legendarios a lo largo de las riberas del r\u00edo, antes de concluir su viaje con una estancia rejuvenecedora en Hurghada, en el Mar Rojo. Este tour combina perfectamente historia, cultura, navegaci\u00f3n y relajaci\u00f3n en la playa para una experiencia egipcia completa.<\/p>\n<hr data-path-to-node=\"4\" \/>\n<h3 data-path-to-node=\"5\">Incluido<\/h3>\n<ul data-path-to-node=\"6\">\n<li>\n<p data-path-to-node=\"6,0,0\">Servicios de recepci\u00f3n y asistencia en los aeropuertos a la llegada y salida.<\/p>\n<\/li>\n<li>\n<p data-path-to-node=\"6,1,0\">3 noches de alojamiento a bordo de un Crucero por el Nilo (pensi\u00f3n completa).<\/p>\n<\/li>\n<li>\n<p data-path-to-node=\"6,2,0\">3 noches de alojamiento en un hotel en El Cairo (alojamiento y desayuno).<\/p>\n<\/li>\n<li>\n<p data-path-to-node=\"6,3,0\">3 noches de alojamiento en un hotel en Hurghada (pensi\u00f3n completa).<\/p>\n<\/li>\n<li>\n<p data-path-to-node=\"6,4,0\">Vuelos nacionales: El Cairo \u2192 Asu\u00e1n y Hurghada \u2192 El Cairo.<\/p>\n<\/li>\n<li>\n<p data-path-to-node=\"6,5,0\">Almuerzos durante los tours en El Cairo.<\/p>\n<\/li>\n<li>\n<p data-path-to-node=\"6,6,0\">Todos los traslados en veh\u00edculos de lujo con aire acondicionado.<\/p>\n<\/li>\n<li>\n<p data-path-to-node=\"6,7,0\">Servicios de un gu\u00eda de turismo experto certificado para todas las excursiones.<\/p>\n<\/li>\n<li>\n<p data-path-to-node=\"6,8,0\">Todos los impuestos del crucero y cargos por servicio.<\/p>\n<\/li>\n<\/ul>\n<hr data-path-to-node=\"7\" \/>\n<h3 data-path-to-node=\"8\">Excluido<\/h3>\n<ul data-path-to-node=\"9\">\n<li>\n<p data-path-to-node=\"9,0,0\">Visa de entrada a Egipto.<\/p>\n<\/li>\n<li>\n<p data-path-to-node=\"9,1,0\">Vuelos internacionales.<\/p>\n<\/li>\n<li>\n<p data-path-to-node=\"9,2,0\">Entradas a todos los sitios tur\u00edsticos mencionados.<\/p>\n<\/li>\n<li>\n<p data-path-to-node=\"9,3,0\">Propinas para los representantes de la compa\u00f1\u00eda, gu\u00eda y conductor.<\/p>\n<\/li>\n<li>\n<p data-path-to-node=\"9,4,0\">Tours o actividades opcionales.<\/p>\n<\/li>\n<\/ul>\n","protected":false},"excerpt":{"rendered":"<table data-path-to-node=\"0\">\n<thead>\n<tr>\n<td><strong>M\u00edn \u2013 M\u00e1x (Personas)<\/strong><\/td>\n<td><strong>Precio Adultos<\/strong><\/td>\n<td><strong>Precio Ni\u00f1os<\/strong><\/td>\n<td><strong>Precio Beb\u00e9s<\/strong><\/td>\n<\/tr>\n<\/thead>\n<tbody>\n<tr>\n<td><span data-path-to-node=\"0,1,0,0\"><b data-path-to-node=\"0,1,0,0\" data-index-in-node=\"0\">1 \u2013 2 Personas<\/b><\/span><\/td>\n<td><span data-path-to-node=\"0,1,1,0\">$2,050<\/span><\/td>\n<td><span data-path-to-node=\"0,1,2,0\">$1,750<\/span><\/td>\n<td><span data-path-to-node=\"0,1,3,0\">Gratis<\/span><\/td>\n<\/tr>\n<tr>\n<td><span data-path-to-node=\"0,2,0,0\"><b data-path-to-node=\"0,2,0,0\" data-index-in-node=\"0\">3 \u2013 5 Personas<\/b><\/span><\/td>\n<td><span data-path-to-node=\"0,2,1,0\">$2,000<\/span><\/td>\n<td><span data-path-to-node=\"0,2,2,0\">$1,700<\/span><\/td>\n<td><span data-path-to-node=\"0,2,3,0\">Gratis<\/span><\/td>\n<\/tr>\n<tr>\n<td><span data-path-to-node=\"0,3,0,0\"><b data-path-to-node=\"0,3,0,0\" data-index-in-node=\"0\">6 \u2013 9 Personas<\/b><\/span><\/td>\n<td><span data-path-to-node=\"0,3,1,0\">$1,950<\/span><\/td>\n<td><span data-path-to-node=\"0,3,2,0\">$1,650<\/span><\/td>\n<td><span data-path-to-node=\"0,3,3,0\">Gratis<\/span><\/td>\n<\/tr>\n<tr>\n<td><span data-path-to-node=\"0,4,0,0\"><b data-path-to-node=\"0,4,0,0\" data-index-in-node=\"0\">10 \u2013 15 Personas<\/b><\/span><\/td>\n<td><span data-path-to-node=\"0,4,1,0\">$1,900<\/span><\/td>\n<td><span data-path-to-node=\"0,4,2,0\">$1,600<\/span><\/td>\n<td><span data-path-to-node=\"0,4,3,0\">Gratis<\/span><\/td>\n<\/tr>\n<tr>\n<td><span data-path-to-node=\"0,5,0,0\"><b data-path-to-node=\"0,5,0,0\" data-index-in-node=\"0\">+16 Personas<\/b><\/span><\/td>\n<td><span data-path-to-node=\"0,5,1,0\">Tarifa Especial<\/span><\/td>\n<td><span data-path-to-node=\"0,5,2,0\">Tarifa Especial<\/span><\/td>\n<td><span data-path-to-node=\"0,5,3,0\">Gratis<\/span><\/td>\n<\/tr>\n<\/tbody>\n<\/table>\n","protected":false},"featured_media":16082,"comment_status":"open","ping_status":"closed","template":"","meta":{"_acf_changed":false},"product_brand":[],"product_cat":[],"product_tag":[],"class_list":{"0":"post-16088","1":"product","2":"type-product","3":"status-publish","4":"has-post-thumbnail","6":"tour_phys-adventure-tours","7":"tour_phys-city-tour","8":"tour_phys-culture-and-attractions","9":"tour_phys-tour-cruise","10":"pa_destination-giza","11":"pa_destination-luxor","12":"pa_destination-aswan","13":"pa_destination-hurghada","14":"pa_month-april","15":"pa_month-december","16":"pa_month-february","17":"pa_month-january","18":"pa_month-march","19":"pa_month-november","20":"pa_month-october","22":"first","23":"instock","24":"shipping-taxable","25":"purchasable","26":"product-type-tour_phys"},"acf":[],"_links":{"self":[{"href":"https:\/\/nobles-tours.com\/es\/wp-json\/wp\/v2\/product\/16088","targetHints":{"allow":["GET"]}}],"collection":[{"href":"https:\/\/nobles-tours.com\/es\/wp-json\/wp\/v2\/product"}],"about":[{"href":"https:\/\/nobles-tours.com\/es\/wp-json\/wp\/v2\/types\/product"}],"replies":[{"embeddable":true,"href":"https:\/\/nobles-tours.com\/es\/wp-json\/wp\/v2\/comments?post=16088"}],"wp:featuredmedia":[{"embeddable":true,"href":"https:\/\/nobles-tours.com\/es\/wp-json\/wp\/v2\/media\/16082"}],"wp:attachment":[{"href":"https:\/\/nobles-tours.com\/es\/wp-json\/wp\/v2\/media?parent=16088"}],"wp:term":[{"taxonomy":"product_brand","embeddable":true,"href":"https:\/\/nobles-tours.com\/es\/wp-json\/wp\/v2\/product_brand?post=16088"},{"taxonomy":"product_cat","embeddable":true,"href":"https:\/\/nobles-tours.com\/es\/wp-json\/wp\/v2\/product_cat?post=16088"},{"taxonomy":"product_tag","embeddable":true,"href":"https:\/\/nobles-tours.com\/es\/wp-json\/wp\/v2\/product_tag?post=16088"}],"curies":[{"name":"wp","href":"https:\/\/api.w.org\/{rel}","templated":true}]}}