{"id":16090,"date":"2026-01-15T09:55:34","date_gmt":"2026-01-15T09:55:34","guid":{"rendered":"https:\/\/nobles-tours.com\/product\/11-days-cairo-nile-cruise-and-hurghada-vacation\/"},"modified":"2026-02-04T21:41:08","modified_gmt":"2026-02-04T21:41:08","slug":"vacaciones-de-11-dias-el-cairo","status":"publish","type":"product","link":"https:\/\/nobles-tours.com\/es\/tours\/vacaciones-de-11-dias-el-cairo","title":{"rendered":"Vacaciones de 11 D\u00edas: El Cairo, Crucero por el Nilo y Hurghada"},"content":{"rendered":"<p data-path-to-node=\"1\"><b data-path-to-node=\"1\" data-index-in-node=\"0\">Crucero por el Nilo y Vacaciones en Hurghada<\/b><\/p>\n<p data-path-to-node=\"2\">Sum\u00e9rjase en una experiencia completa en Egipto que combina la magia cultural de El Cairo, la belleza eterna del Nilo y las relajantes playas de Hurghada. Este viaje de 11 d\u00edas comienza en El Cairo, donde explorar\u00e1 monumentos ic\u00f3nicos como las Grandes Pir\u00e1mides de Giza, el Museo Egipcio y el casco hist\u00f3rico del Viejo Cairo.<\/p>\n<p data-path-to-node=\"3\">Contin\u00fae su aventura con un crucero panor\u00e1mico por el Nilo, descubriendo templos antiguos a lo largo de las riberas del r\u00edo, antes de finalizar su viaje con una estancia relajante en el Mar Rojo, en Hurghada. Este tour ofrece el equilibrio perfecto entre historia, cultura, navegaci\u00f3n y relajaci\u00f3n costera.<\/p>\n<hr data-path-to-node=\"4\" \/>\n<h3 data-path-to-node=\"5\">Incluido<\/h3>\n<ul data-path-to-node=\"6\">\n<li>\n<p data-path-to-node=\"6,0,0\">Servicios de recepci\u00f3n y asistencia por parte de representantes en los aeropuertos a la llegada y salida.<\/p>\n<\/li>\n<li>\n<p data-path-to-node=\"6,1,0\">Todos los traslados y tours en veh\u00edculos de lujo con aire acondicionado.<\/p>\n<\/li>\n<li>\n<p data-path-to-node=\"6,2,0\">Vuelos nacionales: El Cairo \u2192 Asu\u00e1n y Hurghada \u2192 El Cairo.<\/p>\n<\/li>\n<li>\n<p data-path-to-node=\"6,3,0\">4 noches de alojamiento en hotel en El Cairo (alojamiento y desayuno).<\/p>\n<\/li>\n<li>\n<p data-path-to-node=\"6,4,0\">3 noches de alojamiento a bordo de un crucero por el Nilo (pensi\u00f3n completa).<\/p>\n<\/li>\n<li>\n<p data-path-to-node=\"6,5,0\">3 noches de alojamiento en hotel en Hurghada (pensi\u00f3n completa).<\/p>\n<\/li>\n<li>\n<p data-path-to-node=\"6,6,0\">Servicios de un gu\u00eda de turismo profesional totalmente certificado para todas las excursiones.<\/p>\n<\/li>\n<li>\n<p data-path-to-node=\"6,7,0\">Alojamiento en el crucero incluyendo todos los cargos por servicio e impuestos aplicables.<\/p>\n<\/li>\n<\/ul>\n<hr data-path-to-node=\"7\" \/>\n<h3 data-path-to-node=\"8\">Excluido<\/h3>\n<ul data-path-to-node=\"9\">\n<li>\n<p data-path-to-node=\"9,0,0\">Visa de entrada a Egipto.<\/p>\n<\/li>\n<li>\n<p data-path-to-node=\"9,1,0\">Vuelos internacionales.<\/p>\n<\/li>\n<li>\n<p data-path-to-node=\"9,2,0\">Entradas a los sitios tur\u00edsticos indicados.<\/p>\n<\/li>\n<li>\n<p data-path-to-node=\"9,3,0\">Tours opcionales o actividades no mencionadas en el itinerario.<\/p>\n<\/li>\n<li>\n<p data-path-to-node=\"9,4,0\">Propinas para representantes de la compa\u00f1\u00eda, gu\u00eda, conductor y personal del crucero.<\/p>\n<\/li>\n<\/ul>\n","protected":false},"excerpt":{"rendered":"<table data-path-to-node=\"1\">\n<thead>\n<tr>\n<td><strong>M\u00edn &#8211; M\u00e1x (Personas)<\/strong><\/td>\n<td><strong>Precio Adultos<\/strong><\/td>\n<td><strong>Precio Ni\u00f1os<\/strong><\/td>\n<td><strong>Precio Beb\u00e9s<\/strong><\/td>\n<\/tr>\n<\/thead>\n<tbody>\n<tr>\n<td><span data-path-to-node=\"1,1,0,0\"><b data-path-to-node=\"1,1,0,0\" data-index-in-node=\"0\">1 &#8211; 2 Personas<\/b><\/span><\/td>\n<td><span data-path-to-node=\"1,1,1,0\">$2,200<\/span><\/td>\n<td><span data-path-to-node=\"1,1,2,0\">$1,800<\/span><\/td>\n<td><span data-path-to-node=\"1,1,3,0\">Gratis<\/span><\/td>\n<\/tr>\n<tr>\n<td><span data-path-to-node=\"1,2,0,0\"><b data-path-to-node=\"1,2,0,0\" data-index-in-node=\"0\">3 &#8211; 5 Personas<\/b><\/span><\/td>\n<td><span data-path-to-node=\"1,2,1,0\">$2,100<\/span><\/td>\n<td><span data-path-to-node=\"1,2,2,0\">$1,700<\/span><\/td>\n<td><span data-path-to-node=\"1,2,3,0\">Gratis<\/span><\/td>\n<\/tr>\n<tr>\n<td><span data-path-to-node=\"1,3,0,0\"><b data-path-to-node=\"1,3,0,0\" data-index-in-node=\"0\">6 &#8211; 9 Personas<\/b><\/span><\/td>\n<td><span data-path-to-node=\"1,3,1,0\">$2,000<\/span><\/td>\n<td><span data-path-to-node=\"1,3,2,0\">$1,650<\/span><\/td>\n<td><span data-path-to-node=\"1,3,3,0\">Gratis<\/span><\/td>\n<\/tr>\n<tr>\n<td><span data-path-to-node=\"1,4,0,0\"><b data-path-to-node=\"1,4,0,0\" data-index-in-node=\"0\">10 &#8211; 15 Personas<\/b><\/span><\/td>\n<td><span data-path-to-node=\"1,4,1,0\">$1,900<\/span><\/td>\n<td><span data-path-to-node=\"1,4,2,0\">$1,600<\/span><\/td>\n<td><span data-path-to-node=\"1,4,3,0\">Gratis<\/span><\/td>\n<\/tr>\n<\/tbody>\n<\/table>\n<p>&nbsp;<\/p>\n","protected":false},"featured_media":16004,"comment_status":"open","ping_status":"closed","template":"","meta":{"_acf_changed":false},"product_brand":[],"product_cat":[],"product_tag":[],"class_list":{"0":"post-16090","1":"product","2":"type-product","3":"status-publish","4":"has-post-thumbnail","6":"tour_phys-adventure-tours","7":"tour_phys-city-tour","8":"tour_phys-tour-cruise","9":"pa_destination-giza","10":"pa_destination-luxor","11":"pa_destination-aswan","12":"pa_destination-hurghada","13":"pa_month-april","14":"pa_month-december","15":"pa_month-february","16":"pa_month-january","17":"pa_month-march","18":"pa_month-november","19":"pa_month-october","21":"first","22":"instock","23":"shipping-taxable","24":"purchasable","25":"product-type-tour_phys"},"acf":[],"_links":{"self":[{"href":"https:\/\/nobles-tours.com\/es\/wp-json\/wp\/v2\/product\/16090","targetHints":{"allow":["GET"]}}],"collection":[{"href":"https:\/\/nobles-tours.com\/es\/wp-json\/wp\/v2\/product"}],"about":[{"href":"https:\/\/nobles-tours.com\/es\/wp-json\/wp\/v2\/types\/product"}],"replies":[{"embeddable":true,"href":"https:\/\/nobles-tours.com\/es\/wp-json\/wp\/v2\/comments?post=16090"}],"wp:featuredmedia":[{"embeddable":true,"href":"https:\/\/nobles-tours.com\/es\/wp-json\/wp\/v2\/media\/16004"}],"wp:attachment":[{"href":"https:\/\/nobles-tours.com\/es\/wp-json\/wp\/v2\/media?parent=16090"}],"wp:term":[{"taxonomy":"product_brand","embeddable":true,"href":"https:\/\/nobles-tours.com\/es\/wp-json\/wp\/v2\/product_brand?post=16090"},{"taxonomy":"product_cat","embeddable":true,"href":"https:\/\/nobles-tours.com\/es\/wp-json\/wp\/v2\/product_cat?post=16090"},{"taxonomy":"product_tag","embeddable":true,"href":"https:\/\/nobles-tours.com\/es\/wp-json\/wp\/v2\/product_tag?post=16090"}],"curies":[{"name":"wp","href":"https:\/\/api.w.org\/{rel}","templated":true}]}}