{"id":16128,"date":"2026-01-14T01:15:41","date_gmt":"2026-01-14T01:15:41","guid":{"rendered":"https:\/\/nobles-tours.com\/product\/cairo-and-nile-adventure\/"},"modified":"2026-02-06T04:43:24","modified_gmt":"2026-02-06T04:43:24","slug":"cairo-and-nile-adventure","status":"publish","type":"product","link":"https:\/\/nobles-tours.com\/es\/tours\/cairo-and-nile-adventure","title":{"rendered":"Aventura por El Cairo y el Nilo \u2013 11 D\u00edas \/ 10 Noches"},"content":{"rendered":"<p data-path-to-node=\"1\"><b data-path-to-node=\"1\" data-index-in-node=\"0\">Aventura por El Cairo y el Nilo<\/b><\/p>\n<p data-path-to-node=\"2\">Disfrute de un viaje exclusivo de 11 d\u00edas que combina la grandeza de El Cairo con un tranquilo crucero por el Nilo a bordo de una <b data-path-to-node=\"2\" data-index-in-node=\"130\">Dahabiya<\/b> tradicional. Esta experiencia \u00fanica mezcla la historia antigua de Egipto con la serenidad del r\u00edo y un confort refinado. Desde las ic\u00f3nicas Pir\u00e1mides de Giza hasta templos eternos y paisajes esc\u00e9nicos a orillas del Nilo, este tour ofrece una aventura egipcia inolvidable e inmersiva.<\/p>\n<hr data-path-to-node=\"3\" \/>\n<h3 data-path-to-node=\"4\">Incluido<\/h3>\n<ul data-path-to-node=\"5\">\n<li>\n<p data-path-to-node=\"5,0,0\">Servicio de recepci\u00f3n y asistencia en el Aeropuerto Internacional de El Cairo a su llegada.<\/p>\n<\/li>\n<li>\n<p data-path-to-node=\"5,1,0\">Todos los traslados al aeropuerto y tours en un veh\u00edculo privado de lujo con aire acondicionado.<\/p>\n<\/li>\n<li>\n<p data-path-to-node=\"5,2,0\">Visa de entrada a Egipto para nacionalidades elegibles a su llegada.<\/p>\n<\/li>\n<li>\n<p data-path-to-node=\"5,3,0\">3 noches de alojamiento en El Cairo con desayuno diario.<\/p>\n<\/li>\n<li>\n<p data-path-to-node=\"5,4,0\">7 noches a bordo de una Dahabiya tradicional en r\u00e9gimen de pensi\u00f3n completa, incluyendo comidas y bebidas a bordo (t\u00e9, caf\u00e9 y refrescos).<\/p>\n<\/li>\n<li>\n<p data-path-to-node=\"5,5,0\">Vuelos nacionales: El Cairo \u2192 Luxor \u2192 El Cairo.<\/p>\n<\/li>\n<li>\n<p data-path-to-node=\"5,6,0\">Todos los tours guiados en El Cairo con un gu\u00eda profesional privado.<\/p>\n<\/li>\n<li>\n<p data-path-to-node=\"5,7,0\">Todos los tours durante el crucero en Dahabiya en base a grupo compartido.<\/p>\n<\/li>\n<li>\n<p data-path-to-node=\"5,8,0\">Entradas a todos los sitios arqueol\u00f3gicos e hist\u00f3ricos indicados.<\/p>\n<\/li>\n<li>\n<p data-path-to-node=\"5,9,0\">Almuerzo en un restaurante local de calidad en los d\u00edas designados.<\/p>\n<\/li>\n<li>\n<p data-path-to-node=\"5,10,0\">Agua embotellada de cortes\u00eda durante los tours y traslados.<\/p>\n<\/li>\n<li>\n<p data-path-to-node=\"5,11,0\">Wi-Fi gratuito durante toda la estancia en Egipto.<\/p>\n<\/li>\n<li>\n<p data-path-to-node=\"5,12,0\">Sesi\u00f3n de fotos de cortes\u00eda alrededor de las Pir\u00e1mides de Giza.<\/p>\n<\/li>\n<li>\n<p data-path-to-node=\"5,13,0\">Todos los cargos por servicio e impuestos aplicables.<\/p>\n<\/li>\n<\/ul>\n<hr data-path-to-node=\"6\" \/>\n<h3 data-path-to-node=\"7\">Excluido<\/h3>\n<ul data-path-to-node=\"8\">\n<li>\n<p data-path-to-node=\"8,0,0\">Tarifas de vuelos internacionales hacia\/desde Egipto.<\/p>\n<\/li>\n<li>\n<p data-path-to-node=\"8,1,0\">Tours opcionales o actividades no especificadas en el itinerario.<\/p>\n<\/li>\n<li>\n<p data-path-to-node=\"8,2,0\">Gastos personales (compras, extras, etc.).<\/p>\n<\/li>\n<li>\n<p data-path-to-node=\"8,3,0\">Propinas y gratificaciones.<\/p>\n<\/li>\n<\/ul>\n","protected":false},"excerpt":{"rendered":"<p>Aventura por El Cairo y el Nilo<br \/>\nDisfrute de un viaje exclusivo de 11 d\u00edas que combina la grandeza de El Cairo con un tranquilo crucero por el Nilo a <\/p>\n","protected":false},"featured_media":16039,"comment_status":"open","ping_status":"closed","template":"","meta":{"_acf_changed":false},"product_brand":[],"product_cat":[],"product_tag":[],"class_list":{"0":"post-16128","1":"product","2":"type-product","3":"status-publish","4":"has-post-thumbnail","6":"tour_phys-adventure-tours","7":"tour_phys-city-tour","8":"tour_phys-culture-and-attractions","9":"tour_phys-desert-safari","10":"pa_destination-giza","11":"pa_destination-luxor","12":"pa_destination-aswan","13":"pa_month-april","14":"pa_month-december","15":"pa_month-february","16":"pa_month-january","17":"pa_month-march","18":"pa_month-november","19":"pa_month-october","21":"first","22":"instock","23":"shipping-taxable","24":"purchasable","25":"product-type-tour_phys"},"acf":[],"_links":{"self":[{"href":"https:\/\/nobles-tours.com\/es\/wp-json\/wp\/v2\/product\/16128","targetHints":{"allow":["GET"]}}],"collection":[{"href":"https:\/\/nobles-tours.com\/es\/wp-json\/wp\/v2\/product"}],"about":[{"href":"https:\/\/nobles-tours.com\/es\/wp-json\/wp\/v2\/types\/product"}],"replies":[{"embeddable":true,"href":"https:\/\/nobles-tours.com\/es\/wp-json\/wp\/v2\/comments?post=16128"}],"wp:featuredmedia":[{"embeddable":true,"href":"https:\/\/nobles-tours.com\/es\/wp-json\/wp\/v2\/media\/16039"}],"wp:attachment":[{"href":"https:\/\/nobles-tours.com\/es\/wp-json\/wp\/v2\/media?parent=16128"}],"wp:term":[{"taxonomy":"product_brand","embeddable":true,"href":"https:\/\/nobles-tours.com\/es\/wp-json\/wp\/v2\/product_brand?post=16128"},{"taxonomy":"product_cat","embeddable":true,"href":"https:\/\/nobles-tours.com\/es\/wp-json\/wp\/v2\/product_cat?post=16128"},{"taxonomy":"product_tag","embeddable":true,"href":"https:\/\/nobles-tours.com\/es\/wp-json\/wp\/v2\/product_tag?post=16128"}],"curies":[{"name":"wp","href":"https:\/\/api.w.org\/{rel}","templated":true}]}}