{"id":16130,"date":"2026-01-14T00:58:15","date_gmt":"2026-01-14T00:58:15","guid":{"rendered":"https:\/\/nobles-tours.com\/product\/pyramids-nile-cruise-abu-simbel-8-days-7-nights\/"},"modified":"2026-02-06T05:13:08","modified_gmt":"2026-02-06T05:13:08","slug":"piramides-crucero-por-el-nilo-y-abu-simbel","status":"publish","type":"product","link":"https:\/\/nobles-tours.com\/es\/tours\/piramides-crucero-por-el-nilo-y-abu-simbel","title":{"rendered":"Pir\u00e1mides, Crucero por el Nilo y Abu Simbel \u2013 8 D\u00edas \/ 7 Noches"},"content":{"rendered":"<p data-path-to-node=\"1\">Descubra los tesoros m\u00e1s grandes de Egipto en este viaje inolvidable de 8 d\u00edas. Comience en El Cairo con visitas a las ic\u00f3nicas Pir\u00e1mides de Giza y el Gran Museo Egipcio, luego viaje al sur, a Asu\u00e1n, para explorar los magn\u00edficos templos de Abu Simbel. Contin\u00fae su aventura con un lujoso crucero de 5 estrellas por el Nilo navegando de Asu\u00e1n a Luxor, lo que le permitir\u00e1 experimentar la historia antigua de Egipto, monumentos impresionantes y el paisaje eterno del Nilo en un itinerario perfectamente equilibrado.<\/p>\n<hr data-path-to-node=\"2\" \/>\n<h3 data-path-to-node=\"3\">Incluido<\/h3>\n<ul data-path-to-node=\"4\">\n<li>\n<p data-path-to-node=\"4,0,0\">Servicio de recepci\u00f3n y asistencia a la llegada al aeropuerto y durante toda la estancia.<\/p>\n<\/li>\n<li>\n<p data-path-to-node=\"4,1,0\">Todos los traslados entre el aeropuerto, hoteles y el crucero en veh\u00edculo privado con aire acondicionado.<\/p>\n<\/li>\n<li>\n<p data-path-to-node=\"4,2,0\">Vuelos nacionales: El Cairo \u2192 Asu\u00e1n y Luxor \u2192 El Cairo.<\/p>\n<\/li>\n<li>\n<p data-path-to-node=\"4,3,0\">Alojamiento que incluye 3 noches en El Cairo con desayuno diario, 1 noche en Asu\u00e1n con desayuno y 3 noches a bordo de un crucero por el Nilo de 5 estrellas en r\u00e9gimen de pensi\u00f3n completa.<\/p>\n<\/li>\n<li>\n<p data-path-to-node=\"4,4,0\">Todos los tours privados en El Cairo seg\u00fan el itinerario.<\/p>\n<\/li>\n<li>\n<p data-path-to-node=\"4,5,0\">Todos los tours durante el crucero por el Nilo en base a grupo compartido.<\/p>\n<\/li>\n<li>\n<p data-path-to-node=\"4,6,0\">Servicios de un gu\u00eda local profesional de habla inglesa durante todos los tours.<\/p>\n<\/li>\n<li>\n<p data-path-to-node=\"4,7,0\">Entradas a todos los sitios hist\u00f3ricos y arqueol\u00f3gicos mencionados en el itinerario.<\/p>\n<\/li>\n<li>\n<p data-path-to-node=\"4,8,0\">Comidas seg\u00fan lo especificado en el itinerario (estancias en hoteles, crucero y d\u00edas de tour).<\/p>\n<\/li>\n<li>\n<p data-path-to-node=\"4,9,0\">Agua embotellada de cortes\u00eda durante todo el viaje.<\/p>\n<\/li>\n<li>\n<p data-path-to-node=\"4,10,0\">Servicio de maleteros cuando sea necesario.<\/p>\n<\/li>\n<li>\n<p data-path-to-node=\"4,11,0\">Todos los cargos por servicio e impuestos aplicables.<\/p>\n<\/li>\n<\/ul>\n<hr data-path-to-node=\"5\" \/>\n<h3 data-path-to-node=\"6\">Excluido<\/h3>\n<ul data-path-to-node=\"7\">\n<li>\n<p data-path-to-node=\"7,0,0\">Tarifas de vuelos internacionales hacia\/desde Egipto.<\/p>\n<\/li>\n<li>\n<p data-path-to-node=\"7,1,0\">Visa de entrada a Egipto.<\/p>\n<\/li>\n<li>\n<p data-path-to-node=\"7,2,0\">Tours opcionales o actividades no enumeradas en el itinerario.<\/p>\n<\/li>\n<li>\n<p data-path-to-node=\"7,3,0\">Gastos personales, incluyendo compras y extras.<\/p>\n<\/li>\n<li>\n<p data-path-to-node=\"7,4,0\">Propinas y gratificaciones.<\/p>\n<\/li>\n<\/ul>\n","protected":false},"excerpt":{"rendered":"<p>Descubra los tesoros m\u00e1s grandes de Egipto en este viaje inolvidable de 8 d\u00edas. Comience en El Cairo con visitas a las ic\u00f3nicas Pir\u00e1mides de Giza y el Gran Museo <\/p>\n","protected":false},"featured_media":16096,"comment_status":"open","ping_status":"closed","template":"","meta":{"_acf_changed":false},"product_brand":[],"product_cat":[],"product_tag":[],"class_list":{"0":"post-16130","1":"product","2":"type-product","3":"status-publish","4":"has-post-thumbnail","6":"tour_phys-adventure-tours","7":"tour_phys-culture-and-attractions","8":"tour_phys-desert-safari","9":"pa_destination-giza","10":"pa_destination-luxor","11":"pa_destination-aswan","12":"pa_month-april","13":"pa_month-december","14":"pa_month-february","15":"pa_month-january","16":"pa_month-march","17":"pa_month-november","18":"pa_month-october","20":"first","21":"instock","22":"shipping-taxable","23":"purchasable","24":"product-type-tour_phys"},"acf":[],"_links":{"self":[{"href":"https:\/\/nobles-tours.com\/es\/wp-json\/wp\/v2\/product\/16130","targetHints":{"allow":["GET"]}}],"collection":[{"href":"https:\/\/nobles-tours.com\/es\/wp-json\/wp\/v2\/product"}],"about":[{"href":"https:\/\/nobles-tours.com\/es\/wp-json\/wp\/v2\/types\/product"}],"replies":[{"embeddable":true,"href":"https:\/\/nobles-tours.com\/es\/wp-json\/wp\/v2\/comments?post=16130"}],"wp:featuredmedia":[{"embeddable":true,"href":"https:\/\/nobles-tours.com\/es\/wp-json\/wp\/v2\/media\/16096"}],"wp:attachment":[{"href":"https:\/\/nobles-tours.com\/es\/wp-json\/wp\/v2\/media?parent=16130"}],"wp:term":[{"taxonomy":"product_brand","embeddable":true,"href":"https:\/\/nobles-tours.com\/es\/wp-json\/wp\/v2\/product_brand?post=16130"},{"taxonomy":"product_cat","embeddable":true,"href":"https:\/\/nobles-tours.com\/es\/wp-json\/wp\/v2\/product_cat?post=16130"},{"taxonomy":"product_tag","embeddable":true,"href":"https:\/\/nobles-tours.com\/es\/wp-json\/wp\/v2\/product_tag?post=16130"}],"curies":[{"name":"wp","href":"https:\/\/api.w.org\/{rel}","templated":true}]}}