{"id":16132,"date":"2026-01-14T00:13:50","date_gmt":"2026-01-14T00:13:50","guid":{"rendered":"https:\/\/nobles-tours.com\/product\/luxury-egypt-and-the-nile-tour-8-days-7-nights\/"},"modified":"2026-02-06T05:22:31","modified_gmt":"2026-02-06T05:22:31","slug":"tour-de-lujo-por-egipto-y-el-nilo","status":"publish","type":"product","link":"https:\/\/nobles-tours.com\/es\/tours\/tour-de-lujo-por-egipto-y-el-nilo","title":{"rendered":"Tour de Lujo por Egipto y el Nilo \u2013 8 D\u00edas \/ 7 Noches"},"content":{"rendered":"<p data-path-to-node=\"1\"><b data-path-to-node=\"1\" data-index-in-node=\"0\">Tour de Lujo por Egipto y el Nilo<\/b><\/p>\n<p data-path-to-node=\"2\">Este tour de lujo por Egipto ofrece un viaje excepcional de 8 d\u00edas que combina la herencia cultural de El Cairo con un crucero premium por el Nilo, navegando de Luxor a Asu\u00e1n. Explore los monumentos m\u00e1s ic\u00f3nicos de Egipto, incluyendo las Pir\u00e1mides de Giza, el Gran Museo Egipcio y una colecci\u00f3n de templos y sitios arqueol\u00f3gicos de fama mundial; todo esto mientras disfruta de alojamiento de primera clase, transporte impecable y asistencia profesional para una experiencia de viaje verdaderamente refinada.<\/p>\n<hr data-path-to-node=\"3\" \/>\n<h3 data-path-to-node=\"4\">Incluido<\/h3>\n<ul data-path-to-node=\"5\">\n<li>\n<p data-path-to-node=\"5,0,0\">Servicio de recepci\u00f3n y asistencia a su llegada al Aeropuerto Internacional de El Cairo.<\/p>\n<\/li>\n<li>\n<p data-path-to-node=\"5,1,0\">Traslados privados de lujo con aire acondicionado para todos los trayectos al aeropuerto y excursiones.<\/p>\n<\/li>\n<li>\n<p data-path-to-node=\"5,2,0\">Visa de entrada a Egipto para nacionalidades elegibles.<\/p>\n<\/li>\n<li>\n<p data-path-to-node=\"5,3,0\">3 noches de alojamiento en El Cairo con desayuno diario.<\/p>\n<\/li>\n<li>\n<p data-path-to-node=\"5,4,0\">4 noches a bordo de un crucero por el Nilo de 5 estrellas en r\u00e9gimen de pensi\u00f3n completa.<\/p>\n<\/li>\n<li>\n<p data-path-to-node=\"5,5,0\">Vuelos nacionales: El Cairo \u2192 Luxor \/ Asu\u00e1n \u2192 El Cairo.<\/p>\n<\/li>\n<li>\n<p data-path-to-node=\"5,6,0\">Todas las visitas tur\u00edsticas en El Cairo, Luxor y Asu\u00e1n seg\u00fan el itinerario.<\/p>\n<\/li>\n<li>\n<p data-path-to-node=\"5,7,0\"><b data-path-to-node=\"5,7,0\" data-index-in-node=\"0\">Gu\u00eda profesional de habla hispana<\/b> durante todos los tours.<\/p>\n<\/li>\n<li>\n<p data-path-to-node=\"5,8,0\">Entradas a todos los sitios enumerados en el itinerario.<\/p>\n<\/li>\n<li>\n<p data-path-to-node=\"5,9,0\">Almuerzo en un restaurante local durante el tour en El Cairo.<\/p>\n<\/li>\n<li>\n<p data-path-to-node=\"5,10,0\">Agua embotellada de cortes\u00eda durante los tours y traslados.<\/p>\n<\/li>\n<li>\n<p data-path-to-node=\"5,11,0\">Todos los cargos por servicio e impuestos aplicables.<\/p>\n<\/li>\n<\/ul>\n<hr data-path-to-node=\"6\" \/>\n<h3 data-path-to-node=\"7\">Excluido<\/h3>\n<ul data-path-to-node=\"8\">\n<li>\n<p data-path-to-node=\"8,0,0\">Tarifas de vuelos internacionales hacia\/desde Egipto.<\/p>\n<\/li>\n<li>\n<p data-path-to-node=\"8,1,0\">Actividades opcionales o excursiones no enumeradas en el itinerario.<\/p>\n<\/li>\n<li>\n<p data-path-to-node=\"8,2,0\">Gastos personales.<\/p>\n<\/li>\n<li>\n<p data-path-to-node=\"8,3,0\">Propinas y gratificaciones.<\/p>\n<\/li>\n<\/ul>\n","protected":false},"excerpt":{"rendered":"<p>Tour de Lujo por Egipto y el Nilo<br \/>\nEste tour de lujo por Egipto ofrece un viaje excepcional de 8 d\u00edas que combina la herencia cultural de El Cairo con <\/p>\n","protected":false},"featured_media":16039,"comment_status":"open","ping_status":"closed","template":"","meta":{"_acf_changed":false},"product_brand":[],"product_cat":[],"product_tag":[],"class_list":{"0":"post-16132","1":"product","2":"type-product","3":"status-publish","4":"has-post-thumbnail","6":"tour_phys-culture-and-attractions","7":"tour_phys-desert-safari","8":"pa_destination-cairo","9":"pa_destination-giza","10":"pa_destination-luxor","11":"pa_destination-aswan","12":"pa_month-april","13":"pa_month-december","14":"pa_month-february","15":"pa_month-january","16":"pa_month-march","17":"pa_month-november","18":"pa_month-october","20":"first","21":"instock","22":"shipping-taxable","23":"purchasable","24":"product-type-tour_phys"},"acf":[],"_links":{"self":[{"href":"https:\/\/nobles-tours.com\/es\/wp-json\/wp\/v2\/product\/16132","targetHints":{"allow":["GET"]}}],"collection":[{"href":"https:\/\/nobles-tours.com\/es\/wp-json\/wp\/v2\/product"}],"about":[{"href":"https:\/\/nobles-tours.com\/es\/wp-json\/wp\/v2\/types\/product"}],"replies":[{"embeddable":true,"href":"https:\/\/nobles-tours.com\/es\/wp-json\/wp\/v2\/comments?post=16132"}],"wp:featuredmedia":[{"embeddable":true,"href":"https:\/\/nobles-tours.com\/es\/wp-json\/wp\/v2\/media\/16039"}],"wp:attachment":[{"href":"https:\/\/nobles-tours.com\/es\/wp-json\/wp\/v2\/media?parent=16132"}],"wp:term":[{"taxonomy":"product_brand","embeddable":true,"href":"https:\/\/nobles-tours.com\/es\/wp-json\/wp\/v2\/product_brand?post=16132"},{"taxonomy":"product_cat","embeddable":true,"href":"https:\/\/nobles-tours.com\/es\/wp-json\/wp\/v2\/product_cat?post=16132"},{"taxonomy":"product_tag","embeddable":true,"href":"https:\/\/nobles-tours.com\/es\/wp-json\/wp\/v2\/product_tag?post=16132"}],"curies":[{"name":"wp","href":"https:\/\/api.w.org\/{rel}","templated":true}]}}