{"id":16133,"date":"2026-01-13T07:58:35","date_gmt":"2026-01-13T07:58:35","guid":{"rendered":"https:\/\/nobles-tours.com\/product\/round-trip-nile-cruise-and-pyramids-10-days-9-nights\/"},"modified":"2026-02-06T05:41:56","modified_gmt":"2026-02-06T05:41:56","slug":"crucero-por-el-nilo-de-ida-y-vuelta-y-piramides","status":"publish","type":"product","link":"https:\/\/nobles-tours.com\/es\/tours\/crucero-por-el-nilo-de-ida-y-vuelta-y-piramides","title":{"rendered":"Crucero por el Nilo de Ida y Vuelta y Pir\u00e1mides \u2013 10 D\u00edas \/ 9 Noches"},"content":{"rendered":"<p data-path-to-node=\"1\"><b data-path-to-node=\"1\" data-index-in-node=\"0\">Crucero por el Nilo de Ida y Vuelta y Pir\u00e1mides<\/b><\/p>\n<p data-path-to-node=\"2\">Viva un viaje completo por Egipto que combina las maravillas antiguas de El Cairo con un crucero por el Nilo de ida y vuelta completa. Comience en El Cairo con visitas a las Grandes Pir\u00e1mides de Giza, la Esfinge y el Gran Museo Egipcio; luego, disfrute de un esc\u00e9nico crucero de seis noches por el Nilo navegando entre Luxor y Asu\u00e1n. A lo largo del camino, explore los sitios hist\u00f3ricos m\u00e1s importantes que bordean el Nilo, creando una experiencia perfectamente equilibrada de cultura, historia y relajaci\u00f3n.<\/p>\n<hr data-path-to-node=\"3\" \/>\n<h3 data-path-to-node=\"4\">Incluido<\/h3>\n<ul data-path-to-node=\"5\">\n<li>\n<p data-path-to-node=\"5,0,0\">Servicio de recepci\u00f3n y asistencia a su llegada al aeropuerto y durante toda la estancia.<\/p>\n<\/li>\n<li>\n<p data-path-to-node=\"5,1,0\">Todos los traslados entre aeropuertos y hoteles en veh\u00edculo privado con aire acondicionado.<\/p>\n<\/li>\n<li>\n<p data-path-to-node=\"5,2,0\">3 noches de alojamiento en El Cairo con desayuno diario.<\/p>\n<\/li>\n<li>\n<p data-path-to-node=\"5,3,0\">6 noches de alojamiento a bordo de un crucero por el Nilo en r\u00e9gimen de pensi\u00f3n completa.<\/p>\n<\/li>\n<li>\n<p data-path-to-node=\"5,4,0\">Vuelos nacionales: El Cairo \u21c4 Luxor.<\/p>\n<\/li>\n<li>\n<p data-path-to-node=\"5,5,0\">Todos los tours guiados en El Cairo.<\/p>\n<\/li>\n<li>\n<p data-path-to-node=\"5,6,0\">Todos los tours durante el crucero por el Nilo seg\u00fan el itinerario.<\/p>\n<\/li>\n<li>\n<p data-path-to-node=\"5,7,0\">Entradas a todos los sitios hist\u00f3ricos y arqueol\u00f3gicos enumerados.<\/p>\n<\/li>\n<li>\n<p data-path-to-node=\"5,8,0\"><b data-path-to-node=\"5,8,0\" data-index-in-node=\"0\">Gu\u00eda profesional de habla hispana.<\/b><\/p>\n<\/li>\n<li>\n<p data-path-to-node=\"5,9,0\">Comidas seg\u00fan lo establecido en el itinerario.<\/p>\n<\/li>\n<li>\n<p data-path-to-node=\"5,10,0\">Agua embotellada de cortes\u00eda durante las excursiones.<\/p>\n<\/li>\n<li>\n<p data-path-to-node=\"5,11,0\">Todos los cargos por servicio e impuestos aplicables.<\/p>\n<\/li>\n<\/ul>\n<hr data-path-to-node=\"6\" \/>\n<h3 data-path-to-node=\"7\">Excluido<\/h3>\n<ul data-path-to-node=\"8\">\n<li>\n<p data-path-to-node=\"8,0,0\">Tarifas de vuelos internacionales hacia\/desde Egipto.<\/p>\n<\/li>\n<li>\n<p data-path-to-node=\"8,1,0\">Visa de entrada a Egipto.<\/p>\n<\/li>\n<li>\n<p data-path-to-node=\"8,2,0\">Tours opcionales o actividades no enumeradas en el itinerario.<\/p>\n<\/li>\n<li>\n<p data-path-to-node=\"8,3,0\">Gastos personales.<\/p>\n<\/li>\n<li>\n<p data-path-to-node=\"8,4,0\">Propinas y gratificaciones.<\/p>\n<\/li>\n<\/ul>\n","protected":false},"excerpt":{"rendered":"<p>Crucero por el Nilo de Ida y Vuelta y Pir\u00e1mides<br \/>\nViva un viaje completo por Egipto que combina las maravillas antiguas de El Cairo con un crucero por el Nilo <\/p>\n","protected":false},"featured_media":16096,"comment_status":"open","ping_status":"closed","template":"","meta":{"_acf_changed":false},"product_brand":[],"product_cat":[],"product_tag":[],"class_list":{"0":"post-16133","1":"product","2":"type-product","3":"status-publish","4":"has-post-thumbnail","6":"pa_destination-giza","7":"pa_destination-luxor","8":"pa_destination-aswan","9":"pa_month-december","10":"pa_month-february","11":"pa_month-january","12":"pa_month-march","13":"pa_month-november","14":"pa_month-october","16":"first","17":"instock","18":"shipping-taxable","19":"purchasable","20":"product-type-tour_phys"},"acf":[],"_links":{"self":[{"href":"https:\/\/nobles-tours.com\/es\/wp-json\/wp\/v2\/product\/16133","targetHints":{"allow":["GET"]}}],"collection":[{"href":"https:\/\/nobles-tours.com\/es\/wp-json\/wp\/v2\/product"}],"about":[{"href":"https:\/\/nobles-tours.com\/es\/wp-json\/wp\/v2\/types\/product"}],"replies":[{"embeddable":true,"href":"https:\/\/nobles-tours.com\/es\/wp-json\/wp\/v2\/comments?post=16133"}],"wp:featuredmedia":[{"embeddable":true,"href":"https:\/\/nobles-tours.com\/es\/wp-json\/wp\/v2\/media\/16096"}],"wp:attachment":[{"href":"https:\/\/nobles-tours.com\/es\/wp-json\/wp\/v2\/media?parent=16133"}],"wp:term":[{"taxonomy":"product_brand","embeddable":true,"href":"https:\/\/nobles-tours.com\/es\/wp-json\/wp\/v2\/product_brand?post=16133"},{"taxonomy":"product_cat","embeddable":true,"href":"https:\/\/nobles-tours.com\/es\/wp-json\/wp\/v2\/product_cat?post=16133"},{"taxonomy":"product_tag","embeddable":true,"href":"https:\/\/nobles-tours.com\/es\/wp-json\/wp\/v2\/product_tag?post=16133"}],"curies":[{"name":"wp","href":"https:\/\/api.w.org\/{rel}","templated":true}]}}