{"id":16136,"date":"2026-01-10T18:52:20","date_gmt":"2026-01-10T18:52:20","guid":{"rendered":"https:\/\/nobles-tours.com\/product\/nile-cruise-and-red-sea-holiday\/"},"modified":"2026-02-06T06:32:26","modified_gmt":"2026-02-06T06:32:26","slug":"vacaciones-en-el-crucero-por-el-nilo-y-el-mar-rojo","status":"publish","type":"product","link":"https:\/\/nobles-tours.com\/es\/tours\/vacaciones-en-el-crucero-por-el-nilo-y-el-mar-rojo","title":{"rendered":"Vacaciones en el Crucero por el Nilo y el Mar Rojo \u2013 12 D\u00edas \/ 11 Noches"},"content":{"rendered":"<p data-path-to-node=\"1\"><strong>Vacaciones en el Crucero por el Nilo y el Mar Rojo<\/strong><\/p>\n<p data-path-to-node=\"2\">Disfrute de una aventura completa por Egipto que combina las maravillas antiguas de El Cairo, un esc\u00e9nico crucero por el Nilo y d\u00edas de relax en el Mar Rojo. El viaje comienza en El Cairo con visitas a las Pir\u00e1mides y museos, contin\u00faa con un inolvidable crucero por el Nilo navegando de Asu\u00e1n a Luxor, y concluye con una estancia de playa en Hurghada, en el Mar Rojo.<\/p>\n<p data-path-to-node=\"3\">Este itinerario equilibrado ofrece la mezcla perfecta de historia, cultura, relajaci\u00f3n y experiencias junto al mar.<\/p>\n<hr data-path-to-node=\"4\" \/>\n<h3 data-path-to-node=\"5\">Incluido<\/h3>\n<ul data-path-to-node=\"6\">\n<li>\n<p data-path-to-node=\"6,0,0\">Servicio de recepci\u00f3n y asistencia a su llegada al aeropuerto y durante toda la estancia.<\/p>\n<\/li>\n<li>\n<p data-path-to-node=\"6,1,0\">Todos los traslados en veh\u00edculo privado con aire acondicionado.<\/p>\n<\/li>\n<li>\n<p data-path-to-node=\"6,2,0\">Vuelos nacionales: El Cairo \u2194 Asu\u00e1n y Hurghada \u2194 El Cairo.<\/p>\n<\/li>\n<li>\n<p data-path-to-node=\"6,3,0\">Traslado de Luxor a Hurghada en veh\u00edculo con aire acondicionado.<\/p>\n<\/li>\n<li>\n<p data-path-to-node=\"6,4,0\">3 noches de alojamiento en El Cairo con r\u00e9gimen de alojamiento y desayuno.<\/p>\n<\/li>\n<li>\n<p data-path-to-node=\"6,5,0\">2 noches de alojamiento en Asu\u00e1n con r\u00e9gimen de alojamiento y desayuno.<\/p>\n<\/li>\n<li>\n<p data-path-to-node=\"6,6,0\">3 noches a bordo de un crucero por el Nilo de 5 estrellas superior en r\u00e9gimen de pensi\u00f3n completa.<\/p>\n<\/li>\n<li>\n<p data-path-to-node=\"6,7,0\">3 noches de alojamiento en Hurghada con desayuno diario.<\/p>\n<\/li>\n<li>\n<p data-path-to-node=\"6,8,0\"><b data-path-to-node=\"6,8,0\" data-index-in-node=\"0\">Gu\u00eda egipt\u00f3logo profesional de habla hispana<\/b> durante los tours.<\/p>\n<\/li>\n<li>\n<p data-path-to-node=\"6,9,0\">Todas las visitas tur\u00edsticas en El Cairo, Luxor, Asu\u00e1n y el crucero por el Nilo seg\u00fan el itinerario.<\/p>\n<\/li>\n<li>\n<p data-path-to-node=\"6,10,0\">Entradas a todos los sitios arqueol\u00f3gicos e hist\u00f3ricos enumerados.<\/p>\n<\/li>\n<li>\n<p data-path-to-node=\"6,11,0\">Almuerzo durante la parte del viaje en El Cairo.<\/p>\n<\/li>\n<li>\n<p data-path-to-node=\"6,12,0\">Todas las comidas seg\u00fan lo establecido durante los d\u00edas de crucero y tour.<\/p>\n<\/li>\n<li>\n<p data-path-to-node=\"6,13,0\">Agua embotellada durante las excursiones fuera del hotel o crucero.<\/p>\n<\/li>\n<li>\n<p data-path-to-node=\"6,14,0\">Servicio de maleteros cuando sea necesario.<\/p>\n<\/li>\n<li>\n<p data-path-to-node=\"6,15,0\">Todos los cargos por servicio e impuestos aplicables.<\/p>\n<\/li>\n<\/ul>\n<hr data-path-to-node=\"7\" \/>\n<h3 data-path-to-node=\"8\">Excluido<\/h3>\n<ul data-path-to-node=\"9\">\n<li>\n<p data-path-to-node=\"9,0,0\">Tarifas de vuelos internacionales hacia\/desde Egipto.<\/p>\n<\/li>\n<li>\n<p data-path-to-node=\"9,1,0\">Visa de entrada a Egipto.<\/p>\n<\/li>\n<li>\n<p data-path-to-node=\"9,2,0\">Tours opcionales o actividades extras no mencionadas en el itinerario.<\/p>\n<\/li>\n<li>\n<p data-path-to-node=\"9,3,0\">Gastos personales.<\/p>\n<\/li>\n<li>\n<p data-path-to-node=\"9,4,0\">Propinas.<\/p>\n<\/li>\n<\/ul>\n<hr data-path-to-node=\"10\" \/>\n<h3 data-path-to-node=\"11\">Escapada al Mar Rojo \u2013 Relax en Hurghada<\/h3>\n<p data-path-to-node=\"12\">Despu\u00e9s de desembarcar en Luxor, viajar\u00e1 en un veh\u00edculo con aire acondicionado hacia Hurghada, el destino tur\u00edstico m\u00e1s popular del Mar Rojo en Egipto. Aqu\u00ed, el ritmo disminuye mientras disfruta de tres d\u00edas completos de relajaci\u00f3n en la playa.<\/p>\n<p data-path-to-node=\"13\">Hurghada es famosa por sus aguas turquesas, arrecifes de coral y vida marina, lo que la hace ideal para el snorkel, el buceo y los deportes acu\u00e1ticos. Ya sea que elija la aventura o el descanso total, la parte del Mar Rojo equilibra perfectamente la intensidad hist\u00f3rica de los d\u00edas anteriores.<\/p>\n<h3 data-path-to-node=\"14\">Regreso fluido a El Cairo y Salida<\/h3>\n<p data-path-to-node=\"15\">El viaje concluye con un vuelo de regreso a El Cairo, donde disfrutar\u00e1 de una \u00faltima noche de estancia antes de su salida internacional. De principio a fin, cada detalle est\u00e1 cuidadosamente organizado para garantizar una experiencia de viaje fluida y sin estr\u00e9s.<\/p>\n<hr data-path-to-node=\"16\" \/>\n<h3 data-path-to-node=\"17\">\u00bfPor qu\u00e9 elegir este tour?<\/h3>\n<ul data-path-to-node=\"18\">\n<li>\n<p data-path-to-node=\"18,0,0\">\u2714 <b data-path-to-node=\"18,0,0\" data-index-in-node=\"2\">Combina historia, crucero y relax en la playa.<\/b><\/p>\n<\/li>\n<li>\n<p data-path-to-node=\"18,1,0\">\u2714 Ideal para quienes visitan Egipto por primera vez.<\/p>\n<\/li>\n<li>\n<p data-path-to-node=\"18,2,0\">\u2714 Incluye vuelos nacionales y traslados privados.<\/p>\n<\/li>\n<li>\n<p data-path-to-node=\"18,3,0\">\u2714 Dirigido por <b data-path-to-node=\"18,3,0\" data-index-in-node=\"15\">gu\u00edas egipt\u00f3logos profesionales de habla hispana<\/b>.<\/p>\n<\/li>\n<li>\n<p data-path-to-node=\"18,4,0\">\u2714 Itinerario cuidadosamente planificado con tiempo libre.<\/p>\n<\/li>\n<li>\n<p data-path-to-node=\"18,5,0\">\u2714 Excelente relaci\u00f3n calidad-precio para un viaje multi-destino.<\/p>\n<\/li>\n<\/ul>\n","protected":false},"excerpt":{"rendered":"<p>Vacaciones en el Crucero por el Nilo y el Mar Rojo<br \/>\nDisfrute de una aventura completa por Egipto que combina las maravillas antiguas de El Cairo, un esc\u00e9nico crucero por <\/p>\n","protected":false},"featured_media":15994,"comment_status":"open","ping_status":"closed","template":"","meta":{"_acf_changed":false},"product_brand":[],"product_cat":[],"product_tag":[],"class_list":{"0":"post-16136","1":"product","2":"type-product","3":"status-publish","4":"has-post-thumbnail","6":"tour_phys-adventure-tours","7":"tour_phys-city-tour","8":"tour_phys-culture-and-attractions","9":"tour_phys-desert-safari","10":"tour_phys-rail-tour","11":"pa_destination-giza","12":"pa_destination-luxor","13":"pa_destination-aswan","14":"pa_destination-hurghada","15":"pa_month-december","16":"pa_month-february","17":"pa_month-january","18":"pa_month-march","19":"pa_month-november","20":"pa_month-october","22":"first","23":"instock","24":"shipping-taxable","25":"purchasable","26":"product-type-tour_phys"},"acf":[],"_links":{"self":[{"href":"https:\/\/nobles-tours.com\/es\/wp-json\/wp\/v2\/product\/16136","targetHints":{"allow":["GET"]}}],"collection":[{"href":"https:\/\/nobles-tours.com\/es\/wp-json\/wp\/v2\/product"}],"about":[{"href":"https:\/\/nobles-tours.com\/es\/wp-json\/wp\/v2\/types\/product"}],"replies":[{"embeddable":true,"href":"https:\/\/nobles-tours.com\/es\/wp-json\/wp\/v2\/comments?post=16136"}],"wp:featuredmedia":[{"embeddable":true,"href":"https:\/\/nobles-tours.com\/es\/wp-json\/wp\/v2\/media\/15994"}],"wp:attachment":[{"href":"https:\/\/nobles-tours.com\/es\/wp-json\/wp\/v2\/media?parent=16136"}],"wp:term":[{"taxonomy":"product_brand","embeddable":true,"href":"https:\/\/nobles-tours.com\/es\/wp-json\/wp\/v2\/product_brand?post=16136"},{"taxonomy":"product_cat","embeddable":true,"href":"https:\/\/nobles-tours.com\/es\/wp-json\/wp\/v2\/product_cat?post=16136"},{"taxonomy":"product_tag","embeddable":true,"href":"https:\/\/nobles-tours.com\/es\/wp-json\/wp\/v2\/product_tag?post=16136"}],"curies":[{"name":"wp","href":"https:\/\/api.w.org\/{rel}","templated":true}]}}