{"id":16137,"date":"2026-01-10T18:27:26","date_gmt":"2026-01-10T18:27:26","guid":{"rendered":"https:\/\/nobles-tours.com\/product\/luxury-egypt-and-nile-tour\/"},"modified":"2026-02-06T06:57:28","modified_gmt":"2026-02-06T06:57:28","slug":"luxury-egypt-and-nile-tour","status":"publish","type":"product","link":"https:\/\/nobles-tours.com\/es\/tours\/luxury-egypt-and-nile-tour","title":{"rendered":"Tour de Lujo por Egipto y el Nilo \u2013 8 D\u00edas \/ 7 Noches"},"content":{"rendered":"<p data-path-to-node=\"1\"><b data-path-to-node=\"1\" data-index-in-node=\"0\">Tour de Lujo por Egipto y el Nilo<\/b><\/p>\n<p data-path-to-node=\"2\">Viva Egipto con el m\u00e1ximo confort en este Tour de Lujo por Egipto y el Nilo, un paquete de viaje exclusivo de 8 d\u00edas y 7 noches que combina las maravillas antiguas de El Cairo con un crucero de lujo de 5 estrellas de Luxor a Asu\u00e1n. Este viaje, cuidadosamente seleccionado, le permite explorar los monumentos m\u00e1s ic\u00f3nicos de Egipto, incluyendo las Grandes Pir\u00e1mides de Giza, el Gran Museo Egipcio, el Templo de Karnak, el Valle de los Reyes, el Templo de Filae y mucho m\u00e1s.<\/p>\n<p data-path-to-node=\"3\">Dise\u00f1ado para viajeros que buscan elegancia, comodidad y una organizaci\u00f3n impecable, este tour de lujo ofrece servicios premium, gu\u00edas expertos, alojamientos de lujo y gestiones de viaje sin estr\u00e9s, brindando una experiencia egipcia verdaderamente inolvidable.<\/p>\n<hr data-path-to-node=\"4\" \/>\n<h3 data-path-to-node=\"5\">Qu\u00e9 est\u00e1 Incluido<\/h3>\n<ul data-path-to-node=\"6\">\n<li>\n<p data-path-to-node=\"6,0,0\">Servicio de recepci\u00f3n y asistencia a la llegada y salida.<\/p>\n<\/li>\n<li>\n<p data-path-to-node=\"6,1,0\">Traslados privados con aire acondicionado durante todo el viaje.<\/p>\n<\/li>\n<li>\n<p data-path-to-node=\"6,2,0\">Visa de entrada a Egipto a la llegada (para nacionalidades elegibles).<\/p>\n<\/li>\n<li>\n<p data-path-to-node=\"6,3,0\">3 noches en un hotel de lujo de 5 estrellas en El Cairo con desayuno diario.<\/p>\n<\/li>\n<li>\n<p data-path-to-node=\"6,4,0\">4 noches a bordo de un crucero por el Nilo de gran lujo de 5 estrellas en r\u00e9gimen de pensi\u00f3n completa.<\/p>\n<\/li>\n<li>\n<p data-path-to-node=\"6,5,0\">Vuelos nacionales: El Cairo \u2192 Luxor \/ Asu\u00e1n \u2192 El Cairo.<\/p>\n<\/li>\n<li>\n<p data-path-to-node=\"6,6,0\">Todos los tours guiados en El Cairo.<\/p>\n<\/li>\n<li>\n<p data-path-to-node=\"6,7,0\">Todos los tours grupales guiados durante el crucero por el Nilo.<\/p>\n<\/li>\n<li>\n<p data-path-to-node=\"6,8,0\"><b data-path-to-node=\"6,8,0\" data-index-in-node=\"0\">Gu\u00edas profesionales de habla hispana<\/b> durante todo el viaje.<\/p>\n<\/li>\n<li>\n<p data-path-to-node=\"6,9,0\">Entradas a todos los sitios mencionados en el itinerario.<\/p>\n<\/li>\n<li>\n<p data-path-to-node=\"6,10,0\">Almuerzo durante los tours de El Cairo.<\/p>\n<\/li>\n<li>\n<p data-path-to-node=\"6,11,0\">Agua embotellada de cortes\u00eda durante las excursiones.<\/p>\n<\/li>\n<li>\n<p data-path-to-node=\"6,12,0\">Todos los cargos por servicio e impuestos aplicables.<\/p>\n<\/li>\n<\/ul>\n<hr data-path-to-node=\"7\" \/>\n<h3 data-path-to-node=\"8\">Qu\u00e9 est\u00e1 Excluido<\/h3>\n<ul data-path-to-node=\"9\">\n<li>\n<p data-path-to-node=\"9,0,0\">Tarifas de vuelos internacionales.<\/p>\n<\/li>\n<li>\n<p data-path-to-node=\"9,1,0\">Actividades y excursiones opcionales.<\/p>\n<\/li>\n<li>\n<p data-path-to-node=\"9,2,0\">Gastos personales.<\/p>\n<\/li>\n<li>\n<p data-path-to-node=\"9,3,0\">Propinas.<\/p>\n<\/li>\n<\/ul>\n","protected":false},"excerpt":{"rendered":"<p>Tour de Lujo por Egipto y el Nilo<br \/>\nViva Egipto con el m\u00e1ximo confort en este Tour de Lujo por Egipto y el Nilo, un paquete de viaje exclusivo de <\/p>\n","protected":false},"featured_media":16000,"comment_status":"open","ping_status":"closed","template":"","meta":{"_acf_changed":false},"product_brand":[],"product_cat":[],"product_tag":[],"class_list":{"0":"post-16137","1":"product","2":"type-product","3":"status-publish","4":"has-post-thumbnail","6":"tour_phys-adventure-tours","7":"tour_phys-city-tour","8":"tour_phys-culture-and-attractions","9":"tour_phys-desert-safari","10":"pa_destination-giza","11":"pa_destination-luxor","12":"pa_destination-aswan","13":"pa_month-december","14":"pa_month-february","15":"pa_month-january","16":"pa_month-march","17":"pa_month-november","18":"pa_month-october","20":"first","21":"instock","22":"shipping-taxable","23":"purchasable","24":"product-type-tour_phys"},"acf":[],"_links":{"self":[{"href":"https:\/\/nobles-tours.com\/es\/wp-json\/wp\/v2\/product\/16137","targetHints":{"allow":["GET"]}}],"collection":[{"href":"https:\/\/nobles-tours.com\/es\/wp-json\/wp\/v2\/product"}],"about":[{"href":"https:\/\/nobles-tours.com\/es\/wp-json\/wp\/v2\/types\/product"}],"replies":[{"embeddable":true,"href":"https:\/\/nobles-tours.com\/es\/wp-json\/wp\/v2\/comments?post=16137"}],"wp:featuredmedia":[{"embeddable":true,"href":"https:\/\/nobles-tours.com\/es\/wp-json\/wp\/v2\/media\/16000"}],"wp:attachment":[{"href":"https:\/\/nobles-tours.com\/es\/wp-json\/wp\/v2\/media?parent=16137"}],"wp:term":[{"taxonomy":"product_brand","embeddable":true,"href":"https:\/\/nobles-tours.com\/es\/wp-json\/wp\/v2\/product_brand?post=16137"},{"taxonomy":"product_cat","embeddable":true,"href":"https:\/\/nobles-tours.com\/es\/wp-json\/wp\/v2\/product_cat?post=16137"},{"taxonomy":"product_tag","embeddable":true,"href":"https:\/\/nobles-tours.com\/es\/wp-json\/wp\/v2\/product_tag?post=16137"}],"curies":[{"name":"wp","href":"https:\/\/api.w.org\/{rel}","templated":true}]}}