{"id":16138,"date":"2026-01-10T09:24:28","date_gmt":"2026-01-10T09:24:28","guid":{"rendered":"https:\/\/nobles-tours.com\/product\/cairo-and-luxor-tour\/"},"modified":"2026-02-06T07:09:00","modified_gmt":"2026-02-06T07:09:00","slug":"cairo-and-luxor-tour","status":"publish","type":"product","link":"https:\/\/nobles-tours.com\/es\/tours\/cairo-and-luxor-tour","title":{"rendered":"Tour por El Cairo y Luxor \u2013 5 D\u00edas \/ 4 Noches"},"content":{"rendered":"<p data-path-to-node=\"1\"><b data-path-to-node=\"1\" data-index-in-node=\"0\">Tour por El Cairo y Luxor<\/b><\/p>\n<p data-path-to-node=\"2\">Descubra el coraz\u00f3n del antiguo Egipto en este inolvidable tour por El Cairo y Luxor, dise\u00f1ado para viajeros que buscan una experiencia hist\u00f3rica breve pero inmersiva. Este paquete de viaje de 5 d\u00edas combina lo m\u00e1s emblem\u00e1tico de El Cairo, incluyendo las Grandes Pir\u00e1mides de Giza y el Museo Egipcio, con las maravillas eternas de Luxor, hogar del legendario Valle de los Reyes y el magn\u00edfico Templo de Karnak.<\/p>\n<p data-path-to-node=\"3\">Perfecto para quienes visitan el pa\u00eds por primera vez y para los amantes de la historia, este tour ofrece una experiencia de viaje fluida con asistencia profesional, alojamientos confortables y visitas cuidadosamente seleccionadas, permiti\u00e9ndole explorar los monumentos m\u00e1s famosos de Egipto en poco tiempo.<\/p>\n<hr data-path-to-node=\"4\" \/>\n<h3 data-path-to-node=\"5\">Qu\u00e9 est\u00e1 Incluido<\/h3>\n<ul data-path-to-node=\"6\">\n<li>\n<p data-path-to-node=\"6,0,0\">Servicio de recepci\u00f3n y asistencia a la llegada y salida.<\/p>\n<\/li>\n<li>\n<p data-path-to-node=\"6,1,0\">Todos los traslados en veh\u00edculo privado con aire acondicionado.<\/p>\n<\/li>\n<li>\n<p data-path-to-node=\"6,2,0\">Vuelos nacionales: El Cairo \u2013 Luxor \u2013 El Cairo.<\/p>\n<\/li>\n<li>\n<p data-path-to-node=\"6,3,0\">4 noches de alojamiento en hotel:<\/p>\n<ul data-path-to-node=\"6,3,1\">\n<li>\n<p data-path-to-node=\"6,3,1,0,0\">El Cairo: 3 noches.<\/p>\n<\/li>\n<li>\n<p data-path-to-node=\"6,3,1,1,0\">Luxor: 1 noche.<\/p>\n<\/li>\n<\/ul>\n<\/li>\n<li>\n<p data-path-to-node=\"6,4,0\">Desayuno diario incluido.<\/p>\n<\/li>\n<li>\n<p data-path-to-node=\"6,5,0\">Todos los tours de inter\u00e9s tur\u00edstico mencionados en el itinerario.<\/p>\n<\/li>\n<li>\n<p data-path-to-node=\"6,6,0\"><b data-path-to-node=\"6,6,0\" data-index-in-node=\"0\">Gu\u00edas locales profesionales de habla hispana.<\/b><\/p>\n<\/li>\n<li>\n<p data-path-to-node=\"6,7,0\">Entradas a todas las atracciones enumeradas.<\/p>\n<\/li>\n<li>\n<p data-path-to-node=\"6,8,0\">Comidas seg\u00fan se especifica en el programa.<\/p>\n<\/li>\n<li>\n<p data-path-to-node=\"6,9,0\">Todos los cargos por servicio e impuestos aplicables.<\/p>\n<\/li>\n<\/ul>\n<hr data-path-to-node=\"7\" \/>\n<h3 data-path-to-node=\"8\">Qu\u00e9 est\u00e1 Excluido<\/h3>\n<ul data-path-to-node=\"9\">\n<li>\n<p data-path-to-node=\"9,0,0\">Tarifas de vuelos internacionales.<\/p>\n<\/li>\n<li>\n<p data-path-to-node=\"9,1,0\">Visa de entrada a Egipto.<\/p>\n<\/li>\n<li>\n<p data-path-to-node=\"9,2,0\">Tours opcionales.<\/p>\n<\/li>\n<li>\n<p data-path-to-node=\"9,3,0\">Gastos personales.<\/p>\n<\/li>\n<li>\n<p data-path-to-node=\"9,4,0\">Propinas.<\/p>\n<\/li>\n<\/ul>\n<hr data-path-to-node=\"10\" \/>\n<h3 data-path-to-node=\"11\">\u00bfPor qu\u00e9 elegir este Tour por El Cairo y Luxor?<\/h3>\n<p data-path-to-node=\"12\">Este paquete de viaje es ideal para quienes desean experimentar los sitios hist\u00f3ricos m\u00e1s ic\u00f3nicos de Egipto en un periodo corto de tiempo. Con gu\u00edas expertos, vuelos nacionales y traslados privados, ofrece comodidad, eficiencia y un viaje cultural enriquecedor, convirti\u00e9ndolo en uno de los paquetes cortos por Egipto m\u00e1s populares.<\/p>\n","protected":false},"excerpt":{"rendered":"<p>Tour por El Cairo y Luxor<br \/>\nDescubra el coraz\u00f3n del antiguo Egipto en este inolvidable tour por El Cairo y Luxor, dise\u00f1ado para viajeros que buscan una experiencia hist\u00f3rica breve <\/p>\n","protected":false},"featured_media":15713,"comment_status":"open","ping_status":"closed","template":"","meta":{"_acf_changed":false},"product_brand":[],"product_cat":[],"product_tag":[],"class_list":{"0":"post-16138","1":"product","2":"type-product","3":"status-publish","4":"has-post-thumbnail","6":"tour_phys-adventure-tours","7":"tour_phys-city-tour","8":"tour_phys-desert-safari","9":"tour_phys-rail-tour","10":"pa_destination-giza","11":"pa_destination-luxor","12":"pa_month-december","13":"pa_month-february","14":"pa_month-january","15":"pa_month-march","16":"pa_month-november","17":"pa_month-october","19":"first","20":"instock","21":"shipping-taxable","22":"purchasable","23":"product-type-tour_phys"},"acf":[],"_links":{"self":[{"href":"https:\/\/nobles-tours.com\/es\/wp-json\/wp\/v2\/product\/16138","targetHints":{"allow":["GET"]}}],"collection":[{"href":"https:\/\/nobles-tours.com\/es\/wp-json\/wp\/v2\/product"}],"about":[{"href":"https:\/\/nobles-tours.com\/es\/wp-json\/wp\/v2\/types\/product"}],"replies":[{"embeddable":true,"href":"https:\/\/nobles-tours.com\/es\/wp-json\/wp\/v2\/comments?post=16138"}],"wp:featuredmedia":[{"embeddable":true,"href":"https:\/\/nobles-tours.com\/es\/wp-json\/wp\/v2\/media\/15713"}],"wp:attachment":[{"href":"https:\/\/nobles-tours.com\/es\/wp-json\/wp\/v2\/media?parent=16138"}],"wp:term":[{"taxonomy":"product_brand","embeddable":true,"href":"https:\/\/nobles-tours.com\/es\/wp-json\/wp\/v2\/product_brand?post=16138"},{"taxonomy":"product_cat","embeddable":true,"href":"https:\/\/nobles-tours.com\/es\/wp-json\/wp\/v2\/product_cat?post=16138"},{"taxonomy":"product_tag","embeddable":true,"href":"https:\/\/nobles-tours.com\/es\/wp-json\/wp\/v2\/product_tag?post=16138"}],"curies":[{"name":"wp","href":"https:\/\/api.w.org\/{rel}","templated":true}]}}