{"id":16139,"date":"2024-08-13T02:55:52","date_gmt":"2024-08-13T02:55:52","guid":{"rendered":"https:\/\/nobles-tours.com\/product\/cairo-and-nile-cruise-holiday\/"},"modified":"2026-02-06T07:19:16","modified_gmt":"2026-02-06T07:19:16","slug":"cairo-and-nile-cruise-holiday","status":"publish","type":"product","link":"https:\/\/nobles-tours.com\/es\/tours\/cairo-and-nile-cruise-holiday","title":{"rendered":"Vacaciones en El Cairo y Crucero por el Nilo \u2013 Tour de Lujo de 8 D\u00edas"},"content":{"rendered":"<p data-path-to-node=\"1\"><b data-path-to-node=\"1\" data-index-in-node=\"0\">Vacaciones en El Cairo y Crucero por el Nilo<\/b><\/p>\n<p data-path-to-node=\"2\">Experimente la mezcla perfecta de historia antigua y cruceros de lujo por el Nilo con Nobles Tours, una agencia de viajes de confianza en Egipto. Este exclusivo tour privado por Egipto de 8 d\u00edas combina lo m\u00e1s destacado de El Cairo, hogar de las Grandes Pir\u00e1mides de Giza y el Gran Museo Egipcio, con un relajante crucero por el Nilo de 5 estrellas desde Luxor hasta Asu\u00e1n.<\/p>\n<p data-path-to-node=\"3\">Estas vacaciones, cuidadosamente dise\u00f1adas, ofrecen arreglos de viaje impecables, <b data-path-to-node=\"3\" data-index-in-node=\"82\">gu\u00edas egipt\u00f3logos profesionales de habla hispana<\/b>, experiencias tur\u00edsticas seleccionadas y alojamientos premium, garantizando un viaje egipcio inolvidable y verdaderamente aut\u00e9ntico.<\/p>\n<hr data-path-to-node=\"4\" \/>\n<h3 data-path-to-node=\"5\">Puntos Destacados del Tour<\/h3>\n<ul data-path-to-node=\"6\">\n<li>\n<p data-path-to-node=\"6,0,0\">Explore las Grandes Pir\u00e1mides de Giza y las principales atracciones de El Cairo.<\/p>\n<\/li>\n<li>\n<p data-path-to-node=\"6,1,0\">Disfrute de un crucero de lujo de 5 estrellas por el Nilo entre Luxor y Asu\u00e1n.<\/p>\n<\/li>\n<li>\n<p data-path-to-node=\"6,2,0\">Descubra los templos y sitios hist\u00f3ricos m\u00e1s ic\u00f3nicos de Egipto.<\/p>\n<\/li>\n<li>\n<p data-path-to-node=\"6,3,0\">Viaje c\u00f3modamente con traslados privados y vuelos nacionales.<\/p>\n<\/li>\n<li>\n<p data-path-to-node=\"6,4,0\">Experimente un servicio personalizado de un operador tur\u00edstico de confianza en Egipto.<\/p>\n<\/li>\n<\/ul>\n<hr data-path-to-node=\"7\" \/>\n<h3 data-path-to-node=\"8\">Qu\u00e9 est\u00e1 Incluido<\/h3>\n<ul data-path-to-node=\"9\">\n<li>\n<p data-path-to-node=\"9,0,0\">Servicio de recepci\u00f3n y asistencia a su llegada al Aeropuerto Internacional de El Cairo.<\/p>\n<\/li>\n<li>\n<p data-path-to-node=\"9,1,0\">Todos los traslados en veh\u00edculo privado con aire acondicionado.<\/p>\n<\/li>\n<li>\n<p data-path-to-node=\"9,2,0\">Vuelos nacionales: El Cairo \u2192 Luxor \/ Asu\u00e1n \u2192 El Cairo.<\/p>\n<\/li>\n<li>\n<p data-path-to-node=\"9,3,0\">3 noches en El Cairo en un hotel de 5 estrellas con desayuno diario.<\/p>\n<\/li>\n<li>\n<p data-path-to-node=\"9,4,0\">4 noches en un crucero por el Nilo de 5 estrellas en r\u00e9gimen de pensi\u00f3n completa.<\/p>\n<\/li>\n<li>\n<p data-path-to-node=\"9,5,0\">Tours privados guiados en El Cairo.<\/p>\n<\/li>\n<li>\n<p data-path-to-node=\"9,6,0\">Visitas tur\u00edsticas grupales durante el crucero por el Nilo.<\/p>\n<\/li>\n<li>\n<p data-path-to-node=\"9,7,0\"><b data-path-to-node=\"9,7,0\" data-index-in-node=\"0\">Gu\u00eda egipt\u00f3logo profesional de habla hispana<\/b> durante todo el viaje.<\/p>\n<\/li>\n<li>\n<p data-path-to-node=\"9,8,0\">Entradas a todos los sitios mencionados en el itinerario.<\/p>\n<\/li>\n<li>\n<p data-path-to-node=\"9,9,0\">Comidas seg\u00fan se especifica en el programa.<\/p>\n<\/li>\n<li>\n<p data-path-to-node=\"9,10,0\">Agua embotellada de cortes\u00eda durante los tours.<\/p>\n<\/li>\n<li>\n<p data-path-to-node=\"9,11,0\">Todos los cargos por servicio e impuestos aplicables.<\/p>\n<\/li>\n<\/ul>\n<hr data-path-to-node=\"10\" \/>\n<h3 data-path-to-node=\"11\">Qu\u00e9 est\u00e1 Excluido<\/h3>\n<ul data-path-to-node=\"12\">\n<li>\n<p data-path-to-node=\"12,0,0\">Tarifas de vuelos internacionales.<\/p>\n<\/li>\n<li>\n<p data-path-to-node=\"12,1,0\">Visa de entrada a Egipto.<\/p>\n<\/li>\n<li>\n<p data-path-to-node=\"12,2,0\">Tours opcionales y actividades personales.<\/p>\n<\/li>\n<li>\n<p data-path-to-node=\"12,3,0\">Gastos personales.<\/p>\n<\/li>\n<li>\n<p data-path-to-node=\"12,4,0\">Propinas.<\/p>\n<\/li>\n<\/ul>\n","protected":false},"excerpt":{"rendered":"<p>Vacaciones en El Cairo y Crucero por el Nilo<br \/>\nExperimente la mezcla perfecta de historia antigua y cruceros de lujo por el Nilo con Nobles Tours, una agencia de viajes <\/p>\n","protected":false},"featured_media":16076,"comment_status":"open","ping_status":"closed","template":"","meta":{"_acf_changed":false},"product_brand":[],"product_cat":[],"product_tag":[],"class_list":{"0":"post-16139","1":"product","2":"type-product","3":"status-publish","4":"has-post-thumbnail","6":"tour_phys-escorted-tour","7":"tour_phys-rail-tour","8":"tour_phys-tour-cruise","10":"first","11":"instock","12":"shipping-taxable","13":"purchasable","14":"product-type-tour_phys"},"acf":[],"_links":{"self":[{"href":"https:\/\/nobles-tours.com\/es\/wp-json\/wp\/v2\/product\/16139","targetHints":{"allow":["GET"]}}],"collection":[{"href":"https:\/\/nobles-tours.com\/es\/wp-json\/wp\/v2\/product"}],"about":[{"href":"https:\/\/nobles-tours.com\/es\/wp-json\/wp\/v2\/types\/product"}],"replies":[{"embeddable":true,"href":"https:\/\/nobles-tours.com\/es\/wp-json\/wp\/v2\/comments?post=16139"}],"wp:featuredmedia":[{"embeddable":true,"href":"https:\/\/nobles-tours.com\/es\/wp-json\/wp\/v2\/media\/16076"}],"wp:attachment":[{"href":"https:\/\/nobles-tours.com\/es\/wp-json\/wp\/v2\/media?parent=16139"}],"wp:term":[{"taxonomy":"product_brand","embeddable":true,"href":"https:\/\/nobles-tours.com\/es\/wp-json\/wp\/v2\/product_brand?post=16139"},{"taxonomy":"product_cat","embeddable":true,"href":"https:\/\/nobles-tours.com\/es\/wp-json\/wp\/v2\/product_cat?post=16139"},{"taxonomy":"product_tag","embeddable":true,"href":"https:\/\/nobles-tours.com\/es\/wp-json\/wp\/v2\/product_tag?post=16139"}],"curies":[{"name":"wp","href":"https:\/\/api.w.org\/{rel}","templated":true}]}}