{"id":16612,"date":"2026-01-22T17:43:30","date_gmt":"2026-01-22T17:43:30","guid":{"rendered":"https:\/\/nobles-tours.com\/product\/cairo-and-nile-adventure-11-days-10-night\/"},"modified":"2026-02-11T03:52:53","modified_gmt":"2026-02-11T03:52:53","slug":"avventura-tra-il-cairo-e-il-nilo","status":"publish","type":"product","link":"https:\/\/nobles-tours.com\/it\/tours\/avventura-tra-il-cairo-e-il-nilo","title":{"rendered":"Avventura tra il Cairo e il Nilo \u2013 11 Giorni \/ 10 Notti"},"content":{"rendered":"<h3 data-path-to-node=\"1\"><b data-path-to-node=\"1\" data-index-in-node=\"0\">Avventura tra il Cairo e il Nilo<\/b><\/h3>\n<p data-path-to-node=\"2\">Vivi un viaggio esclusivo di 11 giorni che unisce la grandiosit\u00e0 del Cairo a una serena crociera sul Nilo a bordo di una tradizionale Dahabiya. Questo tour \u00e8 il perfetto connubio tra storia antica, tranquillit\u00e0 fluviale e comfort lussuoso. Dalle Piramidi di Giza ai maestosi templi, fino ai pittoreschi paesaggi lungo il fiume, i viaggiatori godranno di un&#8217;esperienza egiziana immersiva e indimenticabile.<\/p>\n<hr data-path-to-node=\"3\" \/>\n<h3 data-path-to-node=\"4\"><b data-path-to-node=\"4\" data-index-in-node=\"0\">Incluso<\/b><\/h3>\n<ul data-path-to-node=\"5\">\n<li>\n<p data-path-to-node=\"5,0,0\"><b data-path-to-node=\"5,0,0\" data-index-in-node=\"0\">Servizio di accoglienza e assistenza<\/b> all&#8217;Aeroporto Internazionale del Cairo all&#8217;arrivo.<\/p>\n<\/li>\n<li>\n<p data-path-to-node=\"5,1,0\"><b data-path-to-node=\"5,1,0\" data-index-in-node=\"0\">Tutti i trasferimenti<\/b> (aeroporto e tour) in veicolo privato di lusso con aria condizionata.<\/p>\n<\/li>\n<li>\n<p data-path-to-node=\"5,2,0\"><b data-path-to-node=\"5,2,0\" data-index-in-node=\"0\">Visto d&#8217;ingresso per l&#8217;Egitto<\/b> per le nazionalit\u00e0 idonee all&#8217;arrivo.<\/p>\n<\/li>\n<li>\n<p data-path-to-node=\"5,3,0\"><b data-path-to-node=\"5,3,0\" data-index-in-node=\"0\">3 notti di pernottamento al Cairo<\/b> con colazione inclusa.<\/p>\n<\/li>\n<li>\n<p data-path-to-node=\"5,4,0\"><b data-path-to-node=\"5,4,0\" data-index-in-node=\"0\">7 notti a bordo di una Dahabiya<\/b> con pensione completa (pasti + bevande a bordo, inclusi t\u00e8, caff\u00e8 e bibite analcoliche).<\/p>\n<\/li>\n<li>\n<p data-path-to-node=\"5,5,0\"><b data-path-to-node=\"5,5,0\" data-index-in-node=\"0\">Voli nazionali:<\/b> Cairo \u2192 Luxor \u2192 Cairo.<\/p>\n<\/li>\n<li>\n<p data-path-to-node=\"5,6,0\"><b data-path-to-node=\"5,6,0\" data-index-in-node=\"0\">Tutte le visite guidate al Cairo<\/b> con guida privata.<\/p>\n<\/li>\n<li>\n<p data-path-to-node=\"5,7,0\"><b data-path-to-node=\"5,7,0\" data-index-in-node=\"0\">Tutte le visite durante la crociera Dahabiya<\/b> (gruppo condiviso della crociera).<\/p>\n<\/li>\n<li>\n<p data-path-to-node=\"5,8,0\"><b data-path-to-node=\"5,8,0\" data-index-in-node=\"0\">Biglietti d&#8217;ingresso<\/b> a tutti i siti archeologici e storici indicati.<\/p>\n<\/li>\n<li>\n<p data-path-to-node=\"5,9,0\"><b data-path-to-node=\"5,9,0\" data-index-in-node=\"0\">Pranzo in un ristorante locale di qualit\u00e0<\/b> nei giorni prestabiliti.<\/p>\n<\/li>\n<li>\n<p data-path-to-node=\"5,10,0\"><b data-path-to-node=\"5,10,0\" data-index-in-node=\"0\">Acqua in bottiglia in omaggio<\/b> durante i tour e i trasferimenti.<\/p>\n<\/li>\n<li>\n<p data-path-to-node=\"5,11,0\"><b data-path-to-node=\"5,11,0\" data-index-in-node=\"0\">Wi-Fi gratuito<\/b> per tutto il soggiorno in Egitto.<\/p>\n<\/li>\n<li>\n<p data-path-to-node=\"5,12,0\"><b data-path-to-node=\"5,12,0\" data-index-in-node=\"0\">Servizio fotografico in omaggio<\/b> presso le Piramidi di Giza.<\/p>\n<\/li>\n<li>\n<p data-path-to-node=\"5,13,0\"><b data-path-to-node=\"5,13,0\" data-index-in-node=\"0\">Tutti i costi di servizio e tasse applicabili.<\/b><\/p>\n<\/li>\n<\/ul>\n<hr data-path-to-node=\"6\" \/>\n<h3 data-path-to-node=\"7\"><b data-path-to-node=\"7\" data-index-in-node=\"0\">Escluso<\/b><\/h3>\n<ul data-path-to-node=\"8\">\n<li>\n<p data-path-to-node=\"8,0,0\"><b data-path-to-node=\"8,0,0\" data-index-in-node=\"0\">Voli internazionali<\/b> da\/per l&#8217;Egitto.<\/p>\n<\/li>\n<li>\n<p data-path-to-node=\"8,1,0\"><b data-path-to-node=\"8,1,0\" data-index-in-node=\"0\">Tour opzionali<\/b> o attivit\u00e0 non elencate nell&#8217;itinerario.<\/p>\n<\/li>\n<li>\n<p data-path-to-node=\"8,2,0\"><b data-path-to-node=\"8,2,0\" data-index-in-node=\"0\">Spese personali<\/b> (shopping, extra, ecc.).<\/p>\n<\/li>\n<li>\n<p data-path-to-node=\"8,3,0\"><b data-path-to-node=\"8,3,0\" data-index-in-node=\"0\">Mance e gratificazioni.<\/b><\/p>\n<\/li>\n<\/ul>\n","protected":false},"excerpt":{"rendered":"<p>Avventura tra il Cairo e il Nilo<br \/>\nVivi un viaggio esclusivo di 11 giorni che unisce la grandiosit\u00e0 del Cairo a una serena crociera sul Nilo a bordo di una <\/p>\n","protected":false},"featured_media":16588,"comment_status":"open","ping_status":"closed","template":"","meta":{"_acf_changed":false},"product_brand":[],"product_cat":[],"product_tag":[],"class_list":{"0":"post-16612","1":"product","2":"type-product","3":"status-publish","4":"has-post-thumbnail","6":"tour_phys-city-tour","7":"tour_phys-culture-and-attractions","8":"tour_phys-desert-safari","9":"tour_phys-rail-tour","10":"pa_destination-il-cairo","11":"pa_destination-luxor","12":"pa_month-april","13":"pa_month-december","14":"pa_month-february","15":"pa_month-january","16":"pa_month-march","17":"pa_month-november","18":"pa_month-october","20":"first","21":"instock","22":"shipping-taxable","23":"purchasable","24":"product-type-tour_phys"},"acf":[],"_links":{"self":[{"href":"https:\/\/nobles-tours.com\/it\/wp-json\/wp\/v2\/product\/16612","targetHints":{"allow":["GET"]}}],"collection":[{"href":"https:\/\/nobles-tours.com\/it\/wp-json\/wp\/v2\/product"}],"about":[{"href":"https:\/\/nobles-tours.com\/it\/wp-json\/wp\/v2\/types\/product"}],"replies":[{"embeddable":true,"href":"https:\/\/nobles-tours.com\/it\/wp-json\/wp\/v2\/comments?post=16612"}],"wp:featuredmedia":[{"embeddable":true,"href":"https:\/\/nobles-tours.com\/it\/wp-json\/wp\/v2\/media\/16588"}],"wp:attachment":[{"href":"https:\/\/nobles-tours.com\/it\/wp-json\/wp\/v2\/media?parent=16612"}],"wp:term":[{"taxonomy":"product_brand","embeddable":true,"href":"https:\/\/nobles-tours.com\/it\/wp-json\/wp\/v2\/product_brand?post=16612"},{"taxonomy":"product_cat","embeddable":true,"href":"https:\/\/nobles-tours.com\/it\/wp-json\/wp\/v2\/product_cat?post=16612"},{"taxonomy":"product_tag","embeddable":true,"href":"https:\/\/nobles-tours.com\/it\/wp-json\/wp\/v2\/product_tag?post=16612"}],"curies":[{"name":"wp","href":"https:\/\/api.w.org\/{rel}","templated":true}]}}