{"id":16619,"date":"2026-01-20T19:22:49","date_gmt":"2026-01-20T19:22:49","guid":{"rendered":"https:\/\/nobles-tours.com\/product\/abu-simbel-temple-tour-from-aswan\/"},"modified":"2026-02-11T04:05:06","modified_gmt":"2026-02-11T04:05:06","slug":"abu-simbel-da-assuan","status":"publish","type":"product","link":"https:\/\/nobles-tours.com\/it\/tours\/abu-simbel-da-assuan","title":{"rendered":"Tour dei Templi di Abu Simbel da Assuan"},"content":{"rendered":"<h3 data-path-to-node=\"1\"><b data-path-to-node=\"1\" data-index-in-node=\"0\">Escursione in giornata ai Templi di Abu Simbel da Assuan<\/b><\/h3>\n<p data-path-to-node=\"2\">Scopri i maestosi Templi di Abu Simbel, un capolavoro dell&#8217;architettura dell&#8217;antico Egitto e uno dei siti pi\u00f9 iconici dichiarati Patrimonio dell&#8217;Umanit\u00e0 dall&#8217;UNESCO. Questo tour di un&#8217;intera giornata da Assuan ti porter\u00e0 nel cuore della Nubia per ammirare le colossali statue di Ramses II scolpite nella roccia, insieme agli interni splendidamente conservati che ritraggono scene di potere, devozione e leggenda divina.<\/p>\n<p data-path-to-node=\"3\">Viaggia in totale comfort a bordo di un veicolo climatizzato (o in aereo su richiesta), approfitta delle spiegazioni esperte di una guida autorizzata e scatta foto indimenticabili a questa meraviglia senza tempo incastonata nel paesaggio desertico. Un&#8217;esperienza imperdibile per gli amanti della storia e per chi visita l&#8217;Egitto per la prima volta.<\/p>\n<hr data-path-to-node=\"4\" \/>\n<h3 data-path-to-node=\"5\"><b data-path-to-node=\"5\" data-index-in-node=\"0\">Incluso<\/b><\/h3>\n<p data-path-to-node=\"6,0,0\">\u2714\ufe0f Prelievo (pick-up) e rientro (drop-off) in hotel ad Assuan<\/p>\n<p data-path-to-node=\"6,1,0\">\u2714\ufe0f Trasferimenti privati in veicolo climatizzato<\/p>\n<p data-path-to-node=\"6,2,0\">\u2714\ufe0f Guida egittologa professionista autorizzata<\/p>\n<p data-path-to-node=\"6,3,0\">\u2714\ufe0f Acqua in bottiglia durante il tour<\/p>\n<p data-path-to-node=\"6,4,0\">\u2714\ufe0f Biglietti d&#8217;ingresso ai Templi di Abu Simbel<\/p>\n<p data-path-to-node=\"6,4,0\">\u2714\ufe0f Tutti i costi di servizio e tasse<\/p>\n<h3 data-path-to-node=\"7\"><b data-path-to-node=\"7\" data-index-in-node=\"0\">Escluso<\/b><\/h3>\n<p data-path-to-node=\"8,0,0\">\u274c Pasti (salvo diversamente specificato)<\/p>\n<p data-path-to-node=\"8,1,0\">\u274c Spese personali<\/p>\n<p data-path-to-node=\"8,2,0\">\u274c Attivit\u00e0 opzionali non menzionate<\/p>\n<p data-path-to-node=\"8,3,0\">\u274c Mance e gratificazioni (facoltative)<\/p>\n","protected":false},"excerpt":{"rendered":"<table>\n<thead>\n<tr>\n<th>Min \u2013 Max (Persons)<\/th>\n<th>Adult Price<\/th>\n<th>Children Price<\/th>\n<th>Babies Price<\/th>\n<\/tr>\n<\/thead>\n<tbody>\n<tr>\n<td>1 \u2013 2 Persons<\/td>\n<td>$150<\/td>\n<td>$75<\/td>\n<td>Free<\/td>\n<\/tr>\n<tr>\n<td>3 \u2013 5 Persons<\/td>\n<td>$140<\/td>\n<td>$70<\/td>\n<td>Free<\/td>\n<\/tr>\n<tr>\n<td>6 \u2013 9 Persons<\/td>\n<td>$130<\/td>\n<td>$65<\/td>\n<td>Free<\/td>\n<\/tr>\n<tr>\n<td>10 \u2013 15 Persons<\/td>\n<td>$120<\/td>\n<td>$60<\/td>\n<td>Free<\/td>\n<\/tr>\n<tr>\n<td>+16 Persons<\/td>\n<td>Special Rate<\/td>\n<td>Special Rate<\/td>\n<td>Free<\/td>\n<\/tr>\n<\/tbody>\n<\/table>\n","protected":false},"featured_media":16614,"comment_status":"open","ping_status":"closed","template":"","meta":{"_acf_changed":false},"product_brand":[],"product_cat":[],"product_tag":[],"class_list":{"0":"post-16619","1":"product","2":"type-product","3":"status-publish","4":"has-post-thumbnail","6":"tour_phys-adventure-tours","7":"tour_phys-city-tour","8":"tour_phys-desert-safari","9":"pa_destination-luxor","10":"pa_destination-assuan","11":"pa_month-april","12":"pa_month-december","13":"pa_month-february","14":"pa_month-january","15":"pa_month-march","16":"pa_month-november","17":"pa_month-october","19":"first","20":"instock","21":"shipping-taxable","22":"purchasable","23":"product-type-tour_phys"},"acf":[],"_links":{"self":[{"href":"https:\/\/nobles-tours.com\/it\/wp-json\/wp\/v2\/product\/16619","targetHints":{"allow":["GET"]}}],"collection":[{"href":"https:\/\/nobles-tours.com\/it\/wp-json\/wp\/v2\/product"}],"about":[{"href":"https:\/\/nobles-tours.com\/it\/wp-json\/wp\/v2\/types\/product"}],"replies":[{"embeddable":true,"href":"https:\/\/nobles-tours.com\/it\/wp-json\/wp\/v2\/comments?post=16619"}],"wp:featuredmedia":[{"embeddable":true,"href":"https:\/\/nobles-tours.com\/it\/wp-json\/wp\/v2\/media\/16614"}],"wp:attachment":[{"href":"https:\/\/nobles-tours.com\/it\/wp-json\/wp\/v2\/media?parent=16619"}],"wp:term":[{"taxonomy":"product_brand","embeddable":true,"href":"https:\/\/nobles-tours.com\/it\/wp-json\/wp\/v2\/product_brand?post=16619"},{"taxonomy":"product_cat","embeddable":true,"href":"https:\/\/nobles-tours.com\/it\/wp-json\/wp\/v2\/product_cat?post=16619"},{"taxonomy":"product_tag","embeddable":true,"href":"https:\/\/nobles-tours.com\/it\/wp-json\/wp\/v2\/product_tag?post=16619"}],"curies":[{"name":"wp","href":"https:\/\/api.w.org\/{rel}","templated":true}]}}