{"id":14886,"date":"2024-11-11T13:11:42","date_gmt":"2024-11-11T13:11:42","guid":{"rendered":"https:\/\/nobles-tours.com\/carrinho\/"},"modified":"2026-01-24T06:31:43","modified_gmt":"2026-01-24T06:31:43","slug":"carrinho","status":"publish","type":"page","link":"https:\/\/nobles-tours.com\/pt-pt\/carrinho\/","title":{"rendered":"Carrinho"},"content":{"rendered":"\n<div data-block-name=\"woocommerce\/cart\" class=\"wp-block-woocommerce-cart alignwide is-loading\">\n<div data-block-name=\"woocommerce\/filled-cart-block\" class=\"wp-block-woocommerce-filled-cart-block\">\n<div data-block-name=\"woocommerce\/cart-items-block\" class=\"wp-block-woocommerce-cart-items-block\">\n<div data-block-name=\"woocommerce\/cart-line-items-block\" class=\"wp-block-woocommerce-cart-line-items-block\"><\/div>\n\n\n<\/div>\n\n\n\n\n<div data-block-name=\"woocommerce\/cart-totals-block\" class=\"wp-block-woocommerce-cart-totals-block\">\n<div data-block-name=\"woocommerce\/cart-order-summary-block\" class=\"wp-block-woocommerce-cart-order-summary-block\">\n<div data-block-name=\"woocommerce\/cart-order-summary-heading-block\" class=\"wp-block-woocommerce-cart-order-summary-heading-block\"><\/div><div data-block-name=\"woocommerce\/cart-order-summary-coupon-form-block\" class=\"wp-block-woocommerce-cart-order-summary-coupon-form-block\"><\/div><div data-block-name=\"woocommerce\/cart-order-summary-totals-block\" class=\"wp-block-woocommerce-cart-order-summary-totals-block\">\n<div data-block-name=\"woocommerce\/cart-order-summary-subtotal-block\" class=\"wp-block-woocommerce-cart-order-summary-subtotal-block\"><\/div>\n<div data-block-name=\"woocommerce\/cart-order-summary-discount-block\" class=\"wp-block-woocommerce-cart-order-summary-discount-block\"><\/div>\n<div data-block-name=\"woocommerce\/cart-order-summary-fee-block\" class=\"wp-block-woocommerce-cart-order-summary-fee-block\"><\/div>\n<div data-block-name=\"woocommerce\/cart-order-summary-shipping-block\" class=\"wp-block-woocommerce-cart-order-summary-shipping-block\"><\/div>\n<div data-block-name=\"woocommerce\/cart-order-summary-taxes-block\" class=\"wp-block-woocommerce-cart-order-summary-taxes-block\"><\/div><\/div>\n<\/div>\n\n\n\n<div data-block-name=\"woocommerce\/cart-express-payment-block\" class=\"wp-block-woocommerce-cart-express-payment-block\"><\/div>\n\n\n\n<div data-block-name=\"woocommerce\/proceed-to-checkout-block\" class=\"wp-block-woocommerce-proceed-to-checkout-block\"><\/div>\n<div id=\"ppcp-recaptcha-v2-container\" style=\"margin:20px 0;\"><\/div>\n\n\n<div data-block-name=\"woocommerce\/cart-accepted-payment-methods-block\" class=\"wp-block-woocommerce-cart-accepted-payment-methods-block\"><\/div>\n<\/div>\n<\/div>\n\n\n\n<div data-block-name=\"woocommerce\/empty-cart-block\" class=\"wp-block-woocommerce-empty-cart-block\">\n<h2 class=\"wp-block-heading has-text-align-center with-empty-cart-icon wc-block-cart__empty-cart__title\">O seu carrinho est\u00e1 vazio!<\/h2>\n\n\n\n<hr class=\"wp-block-separator has-alpha-channel-opacity is-style-dots\"\/>\n\n\n\n<h2 class=\"wp-block-heading has-text-align-center\">Novo na loja<\/h2>\n\n\n<div data-block-name=\"woocommerce\/product-new\" data-columns=\"4\" data-rows=\"1\" class=\"wc-block-grid wp-block-product-new wp-block-woocommerce-product-new wc-block-product-new has-4-columns\"><ul class=\"wc-block-grid__products\"><li class=\"wc-block-grid__product\">\n\t\t\t\t<a href=\"https:\/\/nobles-tours.com\/pt-pt\/produto\/aventura-no-cairo-e-no-nilo-11-dias-10-noites-2\/\" class=\"wc-block-grid__product-link\">\n\t\t\t\t\t\n\t\t\t\t\t<div class=\"wc-block-grid__product-image\"><img fetchpriority=\"high\" decoding=\"async\" width=\"320\" height=\"320\" src=\"https:\/\/nobles-tours.com\/wp-content\/uploads\/2026\/01\/Untitled-design-28-320x320.png\" class=\"attachment-woocommerce_thumbnail size-woocommerce_thumbnail\" alt=\"Tour de Dia Inteiro pelas Pir\u00e2mides de Giz\u00e9, M\u00eanfis e Saqqara\" srcset=\"https:\/\/nobles-tours.com\/wp-content\/uploads\/2026\/01\/Untitled-design-28-320x320.png 320w, https:\/\/nobles-tours.com\/wp-content\/uploads\/2026\/01\/Untitled-design-28-150x150.png 150w, https:\/\/nobles-tours.com\/wp-content\/uploads\/2026\/01\/Untitled-design-28-100x100.png 100w, https:\/\/nobles-tours.com\/wp-content\/uploads\/2026\/01\/Untitled-design-28-32x32.png 32w\" sizes=\"(max-width: 320px) 100vw, 320px\" title=\"\"><\/div>\n\t\t\t\t\t<div class=\"wc-block-grid__product-title\">Aventura no Cairo e no Nilo \u2013 11 Dias \/ 10 Noites #2<\/div>\n\t\t\t\t<\/a>\n\t\t\t\t<div class=\"wc-block-grid__product-price price\"><\/div>\n\t\t\t\t\n\t\t\t\t<div class=\"wp-block-button wc-block-grid__product-add-to-cart\"><a href=\"https:\/\/nobles-tours.com\/pt-pt\/produto\/aventura-no-cairo-e-no-nilo-11-dias-10-noites-2\/\" aria-label=\"Leia mais sobre &ldquo;Aventura no Cairo e no Nilo \u2013 11 Dias \/ 10 Noites #2&rdquo;\" data-quantity=\"1\" data-product_id=\"15506\" data-product_sku=\"\" data-price=\"0\" rel=\"nofollow\" class=\"wp-block-button__link  add_to_cart_button\">Ler mais<\/a><\/div>\n\t\t\t<\/li><li class=\"wc-block-grid__product\">\n\t\t\t\t<a href=\"https:\/\/nobles-tours.com\/pt-pt\/tours\/aventura-no-cairo-e-no-nilo-11-dias-10-noites\" class=\"wc-block-grid__product-link\">\n\t\t\t\t\t\n\t\t\t\t\t<div class=\"wc-block-grid__product-image\"><img fetchpriority=\"high\" decoding=\"async\" width=\"320\" height=\"320\" src=\"https:\/\/nobles-tours.com\/wp-content\/uploads\/2026\/01\/Untitled-design-28-320x320.png\" class=\"attachment-woocommerce_thumbnail size-woocommerce_thumbnail\" alt=\"Tour de Dia Inteiro pelas Pir\u00e2mides de Giz\u00e9, M\u00eanfis e Saqqara\" srcset=\"https:\/\/nobles-tours.com\/wp-content\/uploads\/2026\/01\/Untitled-design-28-320x320.png 320w, https:\/\/nobles-tours.com\/wp-content\/uploads\/2026\/01\/Untitled-design-28-150x150.png 150w, https:\/\/nobles-tours.com\/wp-content\/uploads\/2026\/01\/Untitled-design-28-100x100.png 100w, https:\/\/nobles-tours.com\/wp-content\/uploads\/2026\/01\/Untitled-design-28-32x32.png 32w\" sizes=\"(max-width: 320px) 100vw, 320px\" title=\"\"><\/div>\n\t\t\t\t\t<div class=\"wc-block-grid__product-title\">Aventura no Cairo e no Nilo \u2013 11 Dias \/ 10 Noites<\/div>\n\t\t\t\t<\/a>\n\t\t\t\t<div class=\"wc-block-grid__product-price price\"><span class=\"woocommerce-Price-amount amount\"><span class=\"woocommerce-Price-currencySymbol\">&#036;<\/span>5,289.00<\/span><\/div>\n\t\t\t\t\n\t\t\t\t<div class=\"wp-block-button wc-block-grid__product-add-to-cart\"><a href=\"https:\/\/nobles-tours.com\/pt-pt\/tours\/aventura-no-cairo-e-no-nilo-11-dias-10-noites\" aria-label=\"Leia mais sobre &ldquo;Aventura no Cairo e no Nilo \u2013 11 Dias \/ 10 Noites&rdquo;\" data-quantity=\"1\" data-product_id=\"15500\" data-product_sku=\"\" data-price=\"5289\" rel=\"nofollow\" class=\"wp-block-button__link  add_to_cart_button\">Ler mais<\/a><\/div>\n\t\t\t<\/li><li class=\"wc-block-grid__product\">\n\t\t\t\t<a href=\"https:\/\/nobles-tours.com\/pt-pt\/tours\/tour-ao-templo-de-abu-simbel-saindo-de-aswan\" class=\"wc-block-grid__product-link\">\n\t\t\t\t\t\n\t\t\t\t\t<div class=\"wc-block-grid__product-image\"><img decoding=\"async\" width=\"320\" height=\"320\" src=\"https:\/\/nobles-tours.com\/wp-content\/uploads\/2026\/01\/Untitled-design-52-320x320.png\" class=\"attachment-woocommerce_thumbnail size-woocommerce_thumbnail\" alt=\"Abu Simbel Temple Tour from Aswan\" srcset=\"https:\/\/nobles-tours.com\/wp-content\/uploads\/2026\/01\/Untitled-design-52-320x320.png 320w, https:\/\/nobles-tours.com\/wp-content\/uploads\/2026\/01\/Untitled-design-52-150x150.png 150w, https:\/\/nobles-tours.com\/wp-content\/uploads\/2026\/01\/Untitled-design-52-100x100.png 100w\" sizes=\"(max-width: 320px) 100vw, 320px\" title=\"\"><\/div>\n\t\t\t\t\t<div class=\"wc-block-grid__product-title\">Tour ao Templo de Abu Simbel saindo de Aswan<\/div>\n\t\t\t\t<\/a>\n\t\t\t\t<div class=\"wc-block-grid__product-price price\"><span class=\"woocommerce-Price-amount amount\"><span class=\"woocommerce-Price-currencySymbol\">&#036;<\/span>150.00<\/span><\/div>\n\t\t\t\t\n\t\t\t\t<div class=\"wp-block-button wc-block-grid__product-add-to-cart\"><a href=\"https:\/\/nobles-tours.com\/pt-pt\/tours\/tour-ao-templo-de-abu-simbel-saindo-de-aswan\" aria-label=\"Leia mais sobre &ldquo;Tour ao Templo de Abu Simbel saindo de Aswan&rdquo;\" data-quantity=\"1\" data-product_id=\"15504\" data-product_sku=\"\" data-price=\"150\" rel=\"nofollow\" class=\"wp-block-button__link  add_to_cart_button\">Ler mais<\/a><\/div>\n\t\t\t<\/li><li class=\"wc-block-grid__product\">\n\t\t\t\t<a href=\"https:\/\/nobles-tours.com\/pt-pt\/tours\/tour-de-dia-inteiro-piramides-de-gize-menfis-e-saqqara\" class=\"wc-block-grid__product-link\">\n\t\t\t\t\t\n\t\t\t\t\t<div class=\"wc-block-grid__product-image\"><img fetchpriority=\"high\" decoding=\"async\" width=\"320\" height=\"320\" src=\"https:\/\/nobles-tours.com\/wp-content\/uploads\/2026\/01\/Untitled-design-28-320x320.png\" class=\"attachment-woocommerce_thumbnail size-woocommerce_thumbnail\" alt=\"Tour de Dia Inteiro pelas Pir\u00e2mides de Giz\u00e9, M\u00eanfis e Saqqara\" srcset=\"https:\/\/nobles-tours.com\/wp-content\/uploads\/2026\/01\/Untitled-design-28-320x320.png 320w, https:\/\/nobles-tours.com\/wp-content\/uploads\/2026\/01\/Untitled-design-28-150x150.png 150w, https:\/\/nobles-tours.com\/wp-content\/uploads\/2026\/01\/Untitled-design-28-100x100.png 100w, https:\/\/nobles-tours.com\/wp-content\/uploads\/2026\/01\/Untitled-design-28-32x32.png 32w\" sizes=\"(max-width: 320px) 100vw, 320px\" title=\"\"><\/div>\n\t\t\t\t\t<div class=\"wc-block-grid__product-title\">Tour de dia inteiro: Pir\u00e2mides de Giz\u00e9, M\u00eanfis e Saqqara<\/div>\n\t\t\t\t<\/a>\n\t\t\t\t<div class=\"wc-block-grid__product-price price\"><span class=\"woocommerce-Price-amount amount\"><span class=\"woocommerce-Price-currencySymbol\">&#036;<\/span>95.00<\/span><\/div>\n\t\t\t\t\n\t\t\t\t<div class=\"wp-block-button wc-block-grid__product-add-to-cart\"><a href=\"https:\/\/nobles-tours.com\/pt-pt\/tours\/tour-de-dia-inteiro-piramides-de-gize-menfis-e-saqqara\" aria-label=\"Leia mais sobre &ldquo;Tour de dia inteiro: Pir\u00e2mides de Giz\u00e9, M\u00eanfis e Saqqara&rdquo;\" data-quantity=\"1\" data-product_id=\"15513\" data-product_sku=\"\" data-price=\"95\" rel=\"nofollow\" class=\"wp-block-button__link  add_to_cart_button\">Ler mais<\/a><\/div>\n\t\t\t<\/li><\/ul><\/div><\/div>\n<\/div>\n","protected":false},"excerpt":{"rendered":"<p>\n<br \n<\/p>\n","protected":false},"author":4,"featured_media":0,"parent":0,"menu_order":0,"comment_status":"closed","ping_status":"closed","template":"","meta":{"_acf_changed":false,"footnotes":""},"class_list":["post-14886","page","type-page","status-publish","hentry"],"acf":[],"_links":{"self":[{"href":"https:\/\/nobles-tours.com\/pt-pt\/wp-json\/wp\/v2\/pages\/14886","targetHints":{"allow":["GET"]}}],"collection":[{"href":"https:\/\/nobles-tours.com\/pt-pt\/wp-json\/wp\/v2\/pages"}],"about":[{"href":"https:\/\/nobles-tours.com\/pt-pt\/wp-json\/wp\/v2\/types\/page"}],"author":[{"embeddable":true,"href":"https:\/\/nobles-tours.com\/pt-pt\/wp-json\/wp\/v2\/users\/4"}],"replies":[{"embeddable":true,"href":"https:\/\/nobles-tours.com\/pt-pt\/wp-json\/wp\/v2\/comments?post=14886"}],"version-history":[{"count":0,"href":"https:\/\/nobles-tours.com\/pt-pt\/wp-json\/wp\/v2\/pages\/14886\/revisions"}],"wp:attachment":[{"href":"https:\/\/nobles-tours.com\/pt-pt\/wp-json\/wp\/v2\/media?parent=14886"}],"curies":[{"name":"wp","href":"https:\/\/api.w.org\/{rel}","templated":true}]}}