{"id":15210,"date":"2026-01-20T03:04:45","date_gmt":"2026-01-20T03:04:45","guid":{"rendered":"https:\/\/nobles-tours.com\/enviar-consulta\/"},"modified":"2026-01-26T05:19:45","modified_gmt":"2026-01-26T05:19:45","slug":"enviar-consulta","status":"publish","type":"page","link":"https:\/\/nobles-tours.com\/pt-pt\/enviar-consulta\/","title":{"rendered":"Enviar consulta"},"content":{"rendered":"\t\t<div data-elementor-type=\"wp-page\" data-elementor-id=\"15210\" class=\"elementor elementor-15210 elementor-14703\" data-elementor-post-type=\"page\">\n\t\t\t\t<div class=\"elementor-element elementor-element-3b2f77c e-flex e-con-boxed e-con e-parent\" data-id=\"3b2f77c\" data-element_type=\"container\" data-e-type=\"container\">\n\t\t\t\t\t<div class=\"e-con-inner\">\n\t\t\t\t\t<\/div>\n\t\t\t\t<\/div>\n\t\t<div class=\"elementor-element elementor-element-ffd5b37 e-flex e-con-boxed e-con e-parent\" data-id=\"ffd5b37\" data-element_type=\"container\" data-e-type=\"container\">\n\t\t\t\t\t<div class=\"e-con-inner\">\n\t\t\t\t<div class=\"elementor-element elementor-element-deadff8 elementor-hidden-desktop elementor-hidden-laptop elementor-hidden-tablet elementor-hidden-mobile_extra elementor-hidden-mobile elementor-widget elementor-widget-heading\" data-id=\"deadff8\" data-element_type=\"widget\" data-e-type=\"widget\" data-widget_type=\"heading.default\">\n\t\t\t\t<div class=\"elementor-widget-container\">\n\t\t\t\t\t<h2 class=\"elementor-heading-title elementor-size-default\">Enviar consulta<\/h2>\t\t\t\t<\/div>\n\t\t\t\t<\/div>\n\t\t\t\t<div class=\"elementor-element elementor-element-d752a44 elementor-widget elementor-widget-text-editor\" data-id=\"d752a44\" data-element_type=\"widget\" data-e-type=\"widget\" data-widget_type=\"text-editor.default\">\n\t\t\t\t<div class=\"elementor-widget-container\">\n\t\t\t\t\t\t\t\t\t<p data-pm-slice=\"1 1 []\">Personalize sua viagem perfeita pelo Egito com nosso formul\u00e1rio de consulta sob medida. Escolha seus destinos preferidos, estilo de viagem, n\u00edvel de acomoda\u00e7\u00e3o e servi\u00e7os extras, e conte-nos exatamente como voc\u00ea deseja que seja sua viagem. Esteja voc\u00ea planejando um tour cultural cl\u00e1ssico, uma fuga de luxo, f\u00e9rias em fam\u00edlia ou uma lua de mel, nossa equipe de especialistas criar\u00e1 um itiner\u00e1rio personalizado que corresponda ao seu ritmo, interesses e or\u00e7amento \u2014 garantindo uma experi\u00eancia fluida e inesquec\u00edvel pelos locais mais ic\u00f4nicos do Egito.  <\/p>\t\t\t\t\t\t\t\t<\/div>\n\t\t\t\t<\/div>\n\t\t\t\t\t<\/div>\n\t\t\t\t<\/div>\n\t\t<div class=\"elementor-element elementor-element-8793fff elementor-hidden-desktop elementor-hidden-laptop elementor-hidden-tablet elementor-hidden-mobile_extra elementor-hidden-mobile e-flex e-con-boxed e-con e-parent\" data-id=\"8793fff\" data-element_type=\"container\" data-e-type=\"container\">\n\t\t\t\t\t<div class=\"e-con-inner\">\n\t\t\t\t<div class=\"elementor-element elementor-element-b4dc8c5 elementor-hidden-desktop elementor-hidden-laptop elementor-hidden-tablet elementor-hidden-mobile_extra elementor-hidden-mobile elementor-widget elementor-widget-heading\" data-id=\"b4dc8c5\" data-element_type=\"widget\" data-e-type=\"widget\" data-widget_type=\"heading.default\">\n\t\t\t\t<div class=\"elementor-widget-container\">\n\t\t\t\t\t<h2 class=\"elementor-heading-title elementor-size-default\">Enviar consulta<\/h2>\t\t\t\t<\/div>\n\t\t\t\t<\/div>\n\t\t\t\t<div class=\"elementor-element elementor-element-bb123b1 elementor-widget elementor-widget-text-editor\" data-id=\"bb123b1\" data-element_type=\"widget\" data-e-type=\"widget\" data-widget_type=\"text-editor.default\">\n\t\t\t\t<div class=\"elementor-widget-container\">\n\t\t\t\t\t\t\t\t\t<p data-pm-slice=\"1 1 []\"><a href=\"https:\/\/nobles-tours.com\/pt-pt\/\">Enviar Consulta para Tours no Egito<\/a><\/p><p>Personalize sua viagem perfeita pelo Egito com nosso formul\u00e1rio de consulta sob medida. Escolha seus destinos preferidos, estilo de viagem, n\u00edvel de acomoda\u00e7\u00e3o e servi\u00e7os extras, e conte-nos exatamente como voc\u00ea deseja que seja sua viagem. Esteja voc\u00ea planejando um tour cultural cl\u00e1ssico, uma fuga de luxo, f\u00e9rias em fam\u00edlia ou uma lua de mel, nossa equipe de especialistas criar\u00e1 um itiner\u00e1rio personalizado que corresponda ao seu ritmo, interesses e or\u00e7amento \u2014 garantindo uma experi\u00eancia fluida e inesquec\u00edvel pelos locais mais ic\u00f4nicos do Egito.  <\/p><p data-pm-slice=\"1 1 []\">Enviar Consulta para Tours no Egito<\/p><p>Personalize sua viagem perfeita pelo Egito com nosso formul\u00e1rio de consulta sob medida. Escolha seus destinos preferidos, estilo de viagem, n\u00edvel de acomoda\u00e7\u00e3o e servi\u00e7os extras, e conte-nos exatamente como voc\u00ea deseja que seja sua viagem. Esteja voc\u00ea planejando um tour cultural cl\u00e1ssico, uma fuga de luxo, f\u00e9rias em fam\u00edlia ou uma lua de mel, nossa equipe de especialistas criar\u00e1 um itiner\u00e1rio personalizado que corresponda ao seu ritmo, interesses e or\u00e7amento \u2014 garantindo uma experi\u00eancia fluida e inesquec\u00edvel pelos locais mais ic\u00f4nicos do Egito.  <\/p><p data-pm-slice=\"1 1 []\">Enviar Consulta para Tours no Egito<\/p><p>Personalize sua viagem perfeita pelo Egito com nosso formul\u00e1rio de consulta sob medida. Escolha seus destinos preferidos, estilo de viagem, n\u00edvel de acomoda\u00e7\u00e3o e servi\u00e7os extras, e conte-nos exatamente como voc\u00ea deseja que seja sua viagem. Esteja voc\u00ea planejando um tour cultural cl\u00e1ssico, uma fuga de luxo, f\u00e9rias em fam\u00edlia ou uma lua de mel, nossa equipe de especialistas criar\u00e1 um itiner\u00e1rio personalizado que corresponda ao seu ritmo, interesses e or\u00e7amento \u2014 garantindo uma experi\u00eancia fluida e inesquec\u00edvel pelos locais mais ic\u00f4nicos do Egito.  <\/p><p data-pm-slice=\"1 1 []\">Enviar Consulta para Tours no Egito<\/p><p>Personalize sua viagem perfeita pelo Egito com nosso formul\u00e1rio de consulta sob medida. Escolha seus destinos preferidos, estilo de viagem, n\u00edvel de acomoda\u00e7\u00e3o e servi\u00e7os extras, e conte-nos exatamente como voc\u00ea deseja que seja sua viagem. Esteja voc\u00ea planejando um tour cultural cl\u00e1ssico, uma fuga de luxo, f\u00e9rias em fam\u00edlia ou uma lua de mel, nossa equipe de especialistas criar\u00e1 um itiner\u00e1rio personalizado que corresponda ao seu ritmo, interesses e or\u00e7amento \u2014 garantindo uma experi\u00eancia fluida e inesquec\u00edvel pelos locais mais ic\u00f4nicos do Egito.  <\/p><p data-pm-slice=\"1 1 []\">Enviar Consulta para Tours no Egito<\/p><p>Personalize sua viagem perfeita pelo Egito com nosso formul\u00e1rio de consulta sob medida. Escolha seus destinos preferidos, estilo de viagem, n\u00edvel de acomoda\u00e7\u00e3o e servi\u00e7os extras, e conte-nos exatamente como voc\u00ea deseja que seja sua viagem. Esteja voc\u00ea planejando um tour cultural cl\u00e1ssico, uma fuga de luxo, f\u00e9rias em fam\u00edlia ou uma lua de mel, nossa equipe de especialistas criar\u00e1 um itiner\u00e1rio personalizado que corresponda ao seu ritmo, interesses e or\u00e7amento \u2014 garantindo uma experi\u00eancia fluida e inesquec\u00edvel pelos locais mais ic\u00f4nicos do Egito.  <\/p><p data-pm-slice=\"1 1 []\">Enviar Consulta para Tours no Egito<\/p><p>Personalize sua viagem perfeita pelo Egito com nosso formul\u00e1rio de consulta sob medida. Escolha seus destinos preferidos, estilo de viagem, n\u00edvel de acomoda\u00e7\u00e3o e servi\u00e7os extras, e conte-nos exatamente como voc\u00ea deseja que seja sua viagem. Esteja voc\u00ea planejando um tour cultural cl\u00e1ssico, uma fuga de luxo, f\u00e9rias em fam\u00edlia ou uma lua de mel, nossa equipe de especialistas criar\u00e1 um itiner\u00e1rio personalizado que corresponda ao seu ritmo, interesses e or\u00e7amento \u2014 garantindo uma experi\u00eancia fluida e inesquec\u00edvel pelos locais mais ic\u00f4nicos do Egito.  <\/p><p data-pm-slice=\"1 1 []\">Enviar Consulta para Tours no Egito<\/p><p>Personalize sua viagem perfeita pelo Egito com nosso formul\u00e1rio de consulta sob medida. Escolha seus destinos preferidos, estilo de viagem, n\u00edvel de acomoda\u00e7\u00e3o e servi\u00e7os extras, e conte-nos exatamente como voc\u00ea deseja que seja sua viagem. Esteja voc\u00ea planejando um tour cultural cl\u00e1ssico, uma fuga de luxo, f\u00e9rias em fam\u00edlia ou uma lua de mel, nossa equipe de especialistas criar\u00e1 um itiner\u00e1rio personalizado que corresponda ao seu ritmo, interesses e or\u00e7amento \u2014 garantindo uma experi\u00eancia fluida e inesquec\u00edvel pelos locais mais ic\u00f4nicos do Egito.  <\/p><p data-pm-slice=\"1 1 []\">Enviar Consulta para Tours no Egito<\/p><p>Personalize sua viagem perfeita pelo Egito com nosso formul\u00e1rio de consulta sob medida. Escolha seus destinos preferidos, estilo de viagem, n\u00edvel de acomoda\u00e7\u00e3o e servi\u00e7os extras, e conte-nos exatamente como voc\u00ea deseja que seja sua viagem. Esteja voc\u00ea planejando um tour cultural cl\u00e1ssico, uma fuga de luxo, f\u00e9rias em fam\u00edlia ou uma lua de mel, nossa equipe de especialistas criar\u00e1 um itiner\u00e1rio personalizado que corresponda ao seu ritmo, interesses e or\u00e7amento \u2014 garantindo uma experi\u00eancia fluida e inesquec\u00edvel pelos locais mais ic\u00f4nicos do Egito.  <\/p><p data-pm-slice=\"1 1 []\">Enviar Consulta para Tours no Egito<\/p><p>Custom-build your perfect Egypt journey with our tailored travel inquiry form. Choose your preferred destinations, travel style, accommodation level, and extra services, then tell us exactly how you want your trip to look. Whether you\u2019re planning a classic cultural tour, a luxury escape, a family vacation, or a honeymoon, our expert team will design a personalized itinerary that <a href=\"https:\/\/nobles-tours.com\/pt-pt\/\">matches your pace, interests, and budget<\/a> \u2014 ensuring a seamless, unforgettable experience across Egypt\u2019s most iconic locations.  <\/p>\t\t\t\t\t\t\t\t<\/div>\n\t\t\t\t<\/div>\n\t\t\t\t<div class=\"elementor-element elementor-element-82a0fdf elementor-widget elementor-widget-image\" data-id=\"82a0fdf\" data-element_type=\"widget\" data-e-type=\"widget\" data-widget_type=\"image.default\">\n\t\t\t\t<div class=\"elementor-widget-container\">\n\t\t\t\t\t\t\t\t\t\t\t\t\t\t\t<img fetchpriority=\"high\" decoding=\"async\" width=\"640\" height=\"320\" src=\"https:\/\/nobles-tours.com\/wp-content\/uploads\/2026\/01\/368418-\u0627\u062c\u0648\u0627\u0621-\u0631\u0645\u0636\u0627\u0646\u064a\u0629-\u0641\u064a-\u062e\u0627\u0646-\u0627\u0644\u062e\u0644\u064a\u0644\u064a.jpg\" class=\"attachment-large size-large wp-image-15056\" alt=\"Enviar Consulta para Tours no Egito\" srcset=\"https:\/\/nobles-tours.com\/wp-content\/uploads\/2026\/01\/368418-\u0627\u062c\u0648\u0627\u0621-\u0631\u0645\u0636\u0627\u0646\u064a\u0629-\u0641\u064a-\u062e\u0627\u0646-\u0627\u0644\u062e\u0644\u064a\u0644\u064a.jpg 900w, https:\/\/nobles-tours.com\/wp-content\/uploads\/2026\/01\/368418-\u0627\u062c\u0648\u0627\u0621-\u0631\u0645\u0636\u0627\u0646\u064a\u0629-\u0641\u064a-\u062e\u0627\u0646-\u0627\u0644\u062e\u0644\u064a\u0644\u064a-768x384.jpg 768w, https:\/\/nobles-tours.com\/wp-content\/uploads\/2026\/01\/368418-\u0627\u062c\u0648\u0627\u0621-\u0631\u0645\u0636\u0627\u0646\u064a\u0629-\u0641\u064a-\u062e\u0627\u0646-\u0627\u0644\u062e\u0644\u064a\u0644\u064a-820x410.jpg 820w, https:\/\/nobles-tours.com\/wp-content\/uploads\/2026\/01\/368418-\u0627\u062c\u0648\u0627\u0621-\u0631\u0645\u0636\u0627\u0646\u064a\u0629-\u0641\u064a-\u062e\u0627\u0646-\u0627\u0644\u062e\u0644\u064a\u0644\u064a-600x300.jpg 600w\" sizes=\"(max-width: 640px) 100vw, 640px\" title=\"\">\t\t\t\t\t\t\t\t\t\t\t\t\t\t\t<\/div>\n\t\t\t\t<\/div>\n\t\t\t\t\t<\/div>\n\t\t\t\t<\/div>\n\t\t<div class=\"elementor-element elementor-element-2314c26 e-flex e-con-boxed e-con e-parent\" data-id=\"2314c26\" data-element_type=\"container\" data-e-type=\"container\">\n\t\t\t\t\t<div class=\"e-con-inner\">\n\t\t\t\t<div class=\"elementor-element elementor-element-4afcb36 elementor-widget elementor-widget-thim-ekits-contact-form-7\" data-id=\"4afcb36\" data-element_type=\"widget\" data-e-type=\"widget\" data-widget_type=\"thim-ekits-contact-form-7.default\">\n\t\t\t\t<div class=\"elementor-widget-container\">\n\t\t\t\t\t\t\t\t<div class=\"thim-ekit-wpcf7\">\n\t\t\t\t\n<div class=\"wpcf7 no-js\" id=\"wpcf7-f15771-o1\" lang=\"pt-PT\" dir=\"ltr\" data-wpcf7-id=\"15771\">\n<div class=\"screen-reader-response\"><p role=\"status\" aria-live=\"polite\" aria-atomic=\"true\"><\/p> <ul><\/ul><\/div>\n<form action=\"\/pt-pt\/wp-json\/wp\/v2\/pages\/15210#wpcf7-f15771-o1\" method=\"post\" class=\"wpcf7-form init\" aria-label=\"Formul\u00e1rio de contacto\" novalidate=\"novalidate\" data-status=\"init\">\n<fieldset class=\"hidden-fields-container\"><input type=\"hidden\" name=\"_wpcf7\" value=\"15771\" \/><input type=\"hidden\" name=\"_wpcf7_version\" value=\"6.1.5\" \/><input type=\"hidden\" name=\"_wpcf7_locale\" value=\"pt_PT\" \/><input type=\"hidden\" name=\"_wpcf7_unit_tag\" value=\"wpcf7-f15771-o1\" \/><input type=\"hidden\" name=\"_wpcf7_container_post\" value=\"0\" \/><input type=\"hidden\" name=\"_wpcf7_posted_data_hash\" value=\"\" \/>\n<\/fieldset>\n<div class=\"row\">\n\t<div class=\"col-md-6\">\n\t\t<div class=\"request__quote-item\">\n\t\t\t<p><label> Nome Completo *<br \/>\n<span class=\"wpcf7-form-control-wrap\" data-name=\"full-name\"><input size=\"40\" maxlength=\"400\" class=\"wpcf7-form-control wpcf7-text wpcf7-validates-as-required\" aria-required=\"true\" aria-invalid=\"false\" placeholder=\"Digite seu nome completo\" value=\"\" type=\"text\" name=\"full-name\" \/><\/span> <\/label>\n\t\t\t<\/p>\n\t\t<\/div>\n\t<\/div>\n\t<div class=\"col-md-6\">\n\t\t<div class=\"request__quote-item\">\n\t\t\t<p><label>Endere\u00e7o de E-mail *<br \/>\n<span class=\"wpcf7-form-control-wrap\" data-name=\"your-email\"><input size=\"40\" maxlength=\"400\" class=\"wpcf7-form-control wpcf7-email wpcf7-validates-as-required wpcf7-text wpcf7-validates-as-email\" aria-required=\"true\" aria-invalid=\"false\" placeholder=\"Digite seu endere\u00e7o de e-mail\" value=\"\" type=\"email\" name=\"your-email\" \/><\/span><\/label>\n\t\t\t<\/p>\n\t\t<\/div>\n\t<\/div>\n\t<div class=\"col-md-6\">\n\t\t<div class=\"request__quote-item\">\n\t\t\t<p><label>N\u00famero de Telefone \/ WhatsApp *<br \/>\n<span class=\"wpcf7-form-control-wrap\" data-name=\"phone-number\"><input size=\"40\" maxlength=\"400\" class=\"wpcf7-form-control wpcf7-text wpcf7-validates-as-required\" aria-required=\"true\" aria-invalid=\"false\" placeholder=\"Digite seu telefone ou WhatsApp\" value=\"\" type=\"text\" name=\"phone-number\" \/><\/span> <\/label>\n\t\t\t<\/p>\n\t\t<\/div>\n\t<\/div>\n\t<div class=\"col-md-6\">\n\t\t<div class=\"request__quote-item\">\n\t\t\t<p><label>Pa\u00eds<br \/>\n<span class=\"wpcf7-form-control-wrap\" data-name=\"country\"><input size=\"40\" maxlength=\"400\" class=\"wpcf7-form-control wpcf7-text\" aria-invalid=\"false\" placeholder=\"Seu pa\u00eds\" value=\"\" type=\"text\" name=\"country\" \/><\/span> <\/label>\n\t\t\t<\/p>\n\t\t<\/div>\n\t<\/div>\n\t<div class=\"col-md-6\">\n\t\t<div class=\"request__quote-item\">\n\t\t\t<p><label>N\u00famero de Adultos *<br \/>\n<span class=\"wpcf7-form-control-wrap\" data-name=\"adults\"><input class=\"wpcf7-form-control wpcf7-number wpcf7-validates-as-required wpcf7-validates-as-number\" min=\"1\" aria-required=\"true\" aria-invalid=\"false\" placeholder=\"Adultos\" value=\"\" type=\"number\" name=\"adults\" \/><\/span> <\/label>\n\t\t\t<\/p>\n\t\t<\/div>\n\t<\/div>\n\t<div class=\"col-md-6\">\n\t\t<div class=\"request__quote-item\">\n\t\t\t<p><label>Crian\u00e7as (se houver)<br \/>\n<span class=\"wpcf7-form-control-wrap\" data-name=\"children\"><input class=\"wpcf7-form-control wpcf7-number wpcf7-validates-as-number\" min=\"0\" aria-invalid=\"false\" placeholder=\"Crian\u00e7as\" value=\"\" type=\"number\" name=\"children\" \/><\/span> <\/label>\n\t\t\t<\/p>\n\t\t<\/div>\n\t<\/div>\n\t<div class=\"col-md-6\">\n\t\t<div class=\"request__quote-item\">\n\t\t\t<p><label>Dura\u00e7\u00e3o da Viagem *<br \/>\n<span class=\"wpcf7-form-control-wrap\" data-name=\"trip-duration\"><select class=\"wpcf7-form-control wpcf7-select wpcf7-validates-as-required\" aria-required=\"true\" aria-invalid=\"false\" name=\"trip-duration\"><option value=\"3\u20135 Dias\">3\u20135 Dias<\/option><option value=\"6\u20138 Dias\">6\u20138 Dias<\/option><option value=\"9\u201311 Dias\">9\u201311 Dias<\/option><option value=\"12\u201314 Dias\">12\u201314 Dias<\/option><option value=\"Personalizado\">Personalizado<\/option><\/select><\/span> <\/label>\n\t\t\t<\/p>\n\t\t<\/div>\n\t<\/div>\n\t<div class=\"col-md-6\">\n\t\t<div class=\"request__quote-item\">\n\t\t\t<p><label>Data de Viagem Preferencial<br \/>\n<span class=\"wpcf7-form-control-wrap\" data-name=\"travel-date\"><input class=\"wpcf7-form-control wpcf7-date wpcf7-validates-as-date\" aria-invalid=\"false\" value=\"\" type=\"date\" name=\"travel-date\" \/><\/span> <\/label>\n\t\t\t<\/p>\n\t\t<\/div>\n\t<\/div>\n\t<div class=\"col-md-12\">\n\t\t<div class=\"request__quote-item\">\n\t\t\t<p><label>Selecione os Destinos *<\/label>\n\t\t\t<\/p>\n\t\t<\/div>\n\t\t<div class=\"request__quote-services\">\n\t\t\t<p><span class=\"wpcf7-form-control-wrap\" data-name=\"destinations\"><span class=\"wpcf7-form-control wpcf7-checkbox\"><span class=\"wpcf7-list-item first\"><label><input type=\"checkbox\" name=\"destinations[]\" value=\"Cairo\" \/><span class=\"wpcf7-list-item-label\">Cairo<\/span><\/label><\/span><span class=\"wpcf7-list-item\"><label><input type=\"checkbox\" name=\"destinations[]\" value=\"Pir\u00e2mides de Giz\u00e9\" \/><span class=\"wpcf7-list-item-label\">Pir\u00e2mides de Giz\u00e9<\/span><\/label><\/span><span class=\"wpcf7-list-item\"><label><input type=\"checkbox\" name=\"destinations[]\" value=\"Grande Museu Eg\u00edpcio\" \/><span class=\"wpcf7-list-item-label\">Grande Museu Eg\u00edpcio<\/span><\/label><\/span><span class=\"wpcf7-list-item\"><label><input type=\"checkbox\" name=\"destinations[]\" value=\"Alexandria\" \/><span class=\"wpcf7-list-item-label\">Alexandria<\/span><\/label><\/span><span class=\"wpcf7-list-item\"><label><input type=\"checkbox\" name=\"destinations[]\" value=\"Aswan\" \/><span class=\"wpcf7-list-item-label\">Aswan<\/span><\/label><\/span><span class=\"wpcf7-list-item\"><label><input type=\"checkbox\" name=\"destinations[]\" value=\"Abu Simbel\" \/><span class=\"wpcf7-list-item-label\">Abu Simbel<\/span><\/label><\/span><span class=\"wpcf7-list-item\"><label><input type=\"checkbox\" name=\"destinations[]\" value=\"Luxor\" \/><span class=\"wpcf7-list-item-label\">Luxor<\/span><\/label><\/span><span class=\"wpcf7-list-item\"><label><input type=\"checkbox\" name=\"destinations[]\" value=\"Cruzeiro pelo Nilo\" \/><span class=\"wpcf7-list-item-label\">Cruzeiro pelo Nilo<\/span><\/label><\/span><span class=\"wpcf7-list-item\"><label><input type=\"checkbox\" name=\"destinations[]\" value=\"Hurghada\" \/><span class=\"wpcf7-list-item-label\">Hurghada<\/span><\/label><\/span><span class=\"wpcf7-list-item\"><label><input type=\"checkbox\" name=\"destinations[]\" value=\"Sharm El Sheikh\" \/><span class=\"wpcf7-list-item-label\">Sharm El Sheikh<\/span><\/label><\/span><span class=\"wpcf7-list-item\"><label><input type=\"checkbox\" name=\"destinations[]\" value=\"O\u00e1sis de Siwa\" \/><span class=\"wpcf7-list-item-label\">O\u00e1sis de Siwa<\/span><\/label><\/span><span class=\"wpcf7-list-item last\"><label><input type=\"checkbox\" name=\"destinations[]\" value=\"Deserto Branco\" \/><span class=\"wpcf7-list-item-label\">Deserto Branco<\/span><\/label><\/span><\/span><\/span>\n\t\t\t<\/p>\n\t\t<\/div>\n\t<\/div>\n\t<div class=\"col-md-12\">\n\t\t<div class=\"request__quote-item\">\n\t\t\t<p><label>Estilo de Viagem *<\/label>\n\t\t\t<\/p>\n\t\t<\/div>\n\t\t<div class=\"request__quote-services\">\n\t\t\t<p><span class=\"wpcf7-form-control-wrap\" data-name=\"travel-style\"><span class=\"wpcf7-form-control wpcf7-checkbox\"><span class=\"wpcf7-list-item first\"><label><input type=\"checkbox\" name=\"travel-style[]\" value=\"Tour Cl\u00e1ssico\" \/><span class=\"wpcf7-list-item-label\">Tour Cl\u00e1ssico<\/span><\/label><\/span><span class=\"wpcf7-list-item\"><label><input type=\"checkbox\" name=\"travel-style[]\" value=\"Viagem de Luxo\" \/><span class=\"wpcf7-list-item-label\">Viagem de Luxo<\/span><\/label><\/span><span class=\"wpcf7-list-item\"><label><input type=\"checkbox\" name=\"travel-style[]\" value=\"Viagem em Fam\u00edlia\" \/><span class=\"wpcf7-list-item-label\">Viagem em Fam\u00edlia<\/span><\/label><\/span><span class=\"wpcf7-list-item\"><label><input type=\"checkbox\" name=\"travel-style[]\" value=\"Lua de Mel\" \/><span class=\"wpcf7-list-item-label\">Lua de Mel<\/span><\/label><\/span><span class=\"wpcf7-list-item\"><label><input type=\"checkbox\" name=\"travel-style[]\" value=\"Aventura\" \/><span class=\"wpcf7-list-item-label\">Aventura<\/span><\/label><\/span><span class=\"wpcf7-list-item last\"><label><input type=\"checkbox\" name=\"travel-style[]\" value=\"Praia e Relaxamento\" \/><span class=\"wpcf7-list-item-label\">Praia e Relaxamento<\/span><\/label><\/span><\/span><\/span>\n\t\t\t<\/p>\n\t\t<\/div>\n\t<\/div>\n\t<div class=\"col-md-12\">\n\t\t<div class=\"request__quote-item\">\n\t\t\t<p><label>Prefer\u00eancia de Acomoda\u00e7\u00e3o *<\/label>\n\t\t\t<\/p>\n\t\t<\/div>\n\t\t<div class=\"request__quote-services\">\n\t\t\t<p><span class=\"wpcf7-form-control-wrap\" data-name=\"accommodation\"><span class=\"wpcf7-form-control wpcf7-checkbox\"><span class=\"wpcf7-list-item first\"><label><input type=\"checkbox\" name=\"accommodation[]\" value=\"Hot\u00e9is 3\u2605\" \/><span class=\"wpcf7-list-item-label\">Hot\u00e9is 3\u2605<\/span><\/label><\/span><span class=\"wpcf7-list-item\"><label><input type=\"checkbox\" name=\"accommodation[]\" value=\"Hot\u00e9is 4\u2605\" \/><span class=\"wpcf7-list-item-label\">Hot\u00e9is 4\u2605<\/span><\/label><\/span><span class=\"wpcf7-list-item\"><label><input type=\"checkbox\" name=\"accommodation[]\" value=\"Hot\u00e9is 5\u2605\" \/><span class=\"wpcf7-list-item-label\">Hot\u00e9is 5\u2605<\/span><\/label><\/span><span class=\"wpcf7-list-item\"><label><input type=\"checkbox\" name=\"accommodation[]\" value=\"Hot\u00e9is de Luxo\" \/><span class=\"wpcf7-list-item-label\">Hot\u00e9is de Luxo<\/span><\/label><\/span><span class=\"wpcf7-list-item\"><label><input type=\"checkbox\" name=\"accommodation[]\" value=\"Cruzeiro pelo Nilo\" \/><span class=\"wpcf7-list-item-label\">Cruzeiro pelo Nilo<\/span><\/label><\/span><span class=\"wpcf7-list-item last\"><label><input type=\"checkbox\" name=\"accommodation[]\" value=\"Dahabiya\" \/><span class=\"wpcf7-list-item-label\">Dahabiya<\/span><\/label><\/span><\/span><\/span>\n\t\t\t<\/p>\n\t\t<\/div>\n\t<\/div>\n\t<div class=\"col-md-12\">\n\t\t<div class=\"request__quote-item\">\n\t\t\t<p><label>Servi\u00e7os Adicionais<\/label>\n\t\t\t<\/p>\n\t\t<\/div>\n\t\t<div class=\"request__quote-services\">\n\t\t\t<p><span class=\"wpcf7-form-control-wrap\" data-name=\"extras\"><span class=\"wpcf7-form-control wpcf7-checkbox\"><span class=\"wpcf7-list-item first\"><label><input type=\"checkbox\" name=\"extras[]\" value=\"Voos Dom\u00e9sticos\" \/><span class=\"wpcf7-list-item-label\">Voos Dom\u00e9sticos<\/span><\/label><\/span><span class=\"wpcf7-list-item\"><label><input type=\"checkbox\" name=\"extras[]\" value=\"Guia Tur\u00edstico Privativo\" \/><span class=\"wpcf7-list-item-label\">Guia Tur\u00edstico Privativo<\/span><\/label><\/span><span class=\"wpcf7-list-item\"><label><input type=\"checkbox\" name=\"extras[]\" value=\"Recep\u00e7\u00e3o e Assist\u00eancia no Aeroporto\" \/><span class=\"wpcf7-list-item-label\">Recep\u00e7\u00e3o e Assist\u00eancia no Aeroporto<\/span><\/label><\/span><span class=\"wpcf7-list-item\"><label><input type=\"checkbox\" name=\"extras[]\" value=\"Assist\u00eancia com Visto de Entrada\" \/><span class=\"wpcf7-list-item-label\">Assist\u00eancia com Visto de Entrada<\/span><\/label><\/span><span class=\"wpcf7-list-item\"><label><input type=\"checkbox\" name=\"extras[]\" value=\"Passeio de Bal\u00e3o\" \/><span class=\"wpcf7-list-item-label\">Passeio de Bal\u00e3o<\/span><\/label><\/span><span class=\"wpcf7-list-item last\"><label><input type=\"checkbox\" name=\"extras[]\" value=\"Show de Som e Luz\" \/><span class=\"wpcf7-list-item-label\">Show de Som e Luz<\/span><\/label><\/span><\/span><\/span>\n\t\t\t<\/p>\n\t\t<\/div>\n\t<\/div>\n\t<div class=\"col-md-12\">\n\t\t<div class=\"request__quote-item\">\n\t\t\t<p><label>Detalhes da Viagem e Pedidos Especiais *<br \/>\n<span class=\"wpcf7-form-control-wrap\" data-name=\"message\"><textarea cols=\"40\" rows=\"10\" maxlength=\"2000\" class=\"wpcf7-form-control wpcf7-textarea wpcf7-validates-as-required\" aria-required=\"true\" aria-invalid=\"false\" placeholder=\"Conte-nos mais sobre sua viagem ideal, hot\u00e9is, ritmo ou ocasi\u00f5es especiais\" name=\"message\"><\/textarea><\/span><\/label>\n\t\t\t<\/p>\n\t\t<\/div>\n\t<\/div>\n\t<div class=\"col-lg-12\">\n\t\t<p><input class=\"wpcf7-form-control wpcf7-submit has-spinner\" type=\"submit\" value=\"Enviar Minha Solicita\u00e7\u00e3o de Viagem\" \/>\n\t\t<\/p>\n\t<\/div>\n<\/div><div class=\"wpcf7-response-output\" aria-hidden=\"true\"><\/div>\n<\/form>\n<\/div>\n\t\t\t<\/div>\n\t\t\t\t\t\t<\/div>\n\t\t\t\t<\/div>\n\t\t\t\t\t<\/div>\n\t\t\t\t<\/div>\n\t\t\t\t<\/div>\n\t\t","protected":false},"excerpt":{"rendered":"<p>Enviar consulta<br \/>\nPersonalize sua viagem perfeita pelo Egito com nosso formul\u00e1rio de consulta sob medida. Escolha seus destinos preferidos, estilo de viagem, n\u00edvel de acomoda\u00e7\u00e3o e servi\u00e7os extras, e conte-nos <\/p>\n","protected":false},"author":4,"featured_media":15056,"parent":0,"menu_order":0,"comment_status":"closed","ping_status":"closed","template":"","meta":{"_acf_changed":false,"footnotes":""},"class_list":["post-15210","page","type-page","status-publish","has-post-thumbnail","hentry"],"acf":[],"_links":{"self":[{"href":"https:\/\/nobles-tours.com\/pt-pt\/wp-json\/wp\/v2\/pages\/15210","targetHints":{"allow":["GET"]}}],"collection":[{"href":"https:\/\/nobles-tours.com\/pt-pt\/wp-json\/wp\/v2\/pages"}],"about":[{"href":"https:\/\/nobles-tours.com\/pt-pt\/wp-json\/wp\/v2\/types\/page"}],"author":[{"embeddable":true,"href":"https:\/\/nobles-tours.com\/pt-pt\/wp-json\/wp\/v2\/users\/4"}],"replies":[{"embeddable":true,"href":"https:\/\/nobles-tours.com\/pt-pt\/wp-json\/wp\/v2\/comments?post=15210"}],"version-history":[{"count":2,"href":"https:\/\/nobles-tours.com\/pt-pt\/wp-json\/wp\/v2\/pages\/15210\/revisions"}],"predecessor-version":[{"id":15212,"href":"https:\/\/nobles-tours.com\/pt-pt\/wp-json\/wp\/v2\/pages\/15210\/revisions\/15212"}],"wp:featuredmedia":[{"embeddable":true,"href":"https:\/\/nobles-tours.com\/pt-pt\/wp-json\/wp\/v2\/media\/15056"}],"wp:attachment":[{"href":"https:\/\/nobles-tours.com\/pt-pt\/wp-json\/wp\/v2\/media?parent=15210"}],"curies":[{"name":"wp","href":"https:\/\/api.w.org\/{rel}","templated":true}]}}