{"id":15504,"date":"2026-01-20T19:22:49","date_gmt":"2026-01-20T19:22:49","guid":{"rendered":"https:\/\/nobles-tours.com\/?post_type=product&#038;p=15504"},"modified":"2026-02-04T02:18:03","modified_gmt":"2026-02-04T02:18:03","slug":"tour-ao-templo-de-abu-simbel-saindo-de-aswan","status":"publish","type":"product","link":"https:\/\/nobles-tours.com\/pt-pt\/tours\/tour-ao-templo-de-abu-simbel-saindo-de-aswan","title":{"rendered":"Tour ao Templo de Abu Simbel saindo de Aswan"},"content":{"rendered":"<h2 data-path-to-node=\"0\"><b data-path-to-node=\"0\" data-index-in-node=\"0\">Passeio de um dia aos Templos de Abu Simbel saindo de Aswan<\/b><\/h2>\n<p data-path-to-node=\"1\">Descubra os impressionantes Templos de Abu Simbel, uma obra-prima da arquitetura do antigo Egito e um dos locais mais ic\u00f4nicos do Patrim\u00f4nio Mundial da UNESCO no pa\u00eds. Este tour de dia inteiro saindo de Aswan leva voc\u00ea \u00e0s profundezas da N\u00fabia para testemunhar as est\u00e1tuas colossais de Rams\u00e9s II esculpidas em rocha s\u00f3lida, al\u00e9m de interiores belamente preservados que retratam cenas de poder, devo\u00e7\u00e3o e legado divino.<\/p>\n<p data-path-to-node=\"2\">Viaje com conforto em um ve\u00edculo com ar-condicionado (ou voo mediante solicita\u00e7\u00e3o), desfrute dos coment\u00e1rios especializados de um guia licenciado e capture fotos inesquec\u00edveis desta maravilha atemporal situada na paisagem des\u00e9rtica. Uma experi\u00eancia imperd\u00edvel para amantes da hist\u00f3ria e visitantes de primeira viagem ao Egito.<\/p>\n<h3 data-path-to-node=\"3\"><b data-path-to-node=\"3\" data-index-in-node=\"0\">Inclu\u00eddo<\/b><\/h3>\n<ul data-path-to-node=\"4\">\n<li>\n<p data-path-to-node=\"4,0,0\">Busca e desembarque no hotel em Aswan<\/p>\n<\/li>\n<li>\n<p data-path-to-node=\"4,1,0\">Traslados privativos com ar-condicionado<\/p>\n<\/li>\n<li>\n<p data-path-to-node=\"4,2,0\">Guia egipt\u00f3logo profissional licenciado<\/p>\n<\/li>\n<li>\n<p data-path-to-node=\"4,3,0\">Garrafa de \u00e1gua durante o passeio<\/p>\n<\/li>\n<li>\n<p data-path-to-node=\"4,4,0\">Taxas de entrada nos Templos de Abu Simbel<\/p>\n<\/li>\n<li>\n<p data-path-to-node=\"4,5,0\">Todas as taxas de servi\u00e7o e impostos<\/p>\n<\/li>\n<\/ul>\n<h3 data-path-to-node=\"5\"><b data-path-to-node=\"5\" data-index-in-node=\"0\">Exclu\u00eddo<\/b><\/h3>\n<ul data-path-to-node=\"6\">\n<li>\n<p data-path-to-node=\"6,0,0\">Refei\u00e7\u00f5es (a menos que especificado)<\/p>\n<\/li>\n<li>\n<p data-path-to-node=\"6,1,0\">Despesas pessoais<\/p>\n<\/li>\n<li>\n<p data-path-to-node=\"6,2,0\">Atividades opcionais n\u00e3o mencionadas<\/p>\n<\/li>\n<li>\n<p data-path-to-node=\"6,3,0\">Gorjetas (opcionais)<\/p>\n<\/li>\n<\/ul>\n<hr data-path-to-node=\"7\" \/>\n<h3 data-path-to-node=\"8\"><b data-path-to-node=\"8\" data-index-in-node=\"0\">Pol\u00edtica de Cancelamento<\/b><\/h3>\n<p data-path-to-node=\"9\">Todos os pedidos de cancelamento devem ser enviados por escrito atrav\u00e9s de um documento oficial por e-mail.<\/p>\n<p data-path-to-node=\"10\">Se o cancelamento for feito <b data-path-to-node=\"10\" data-index-in-node=\"28\">mais de 40 dias antes<\/b> da data de partida, ser\u00e1 aplicada uma <b data-path-to-node=\"10\" data-index-in-node=\"88\">dedu\u00e7\u00e3o de 6%<\/b> do valor total pago para cobrir taxas banc\u00e1rias e de transa\u00e7\u00e3o.<\/p>\n<p data-path-to-node=\"11\">Em caso de cancelamento por qualquer participante, as seguintes taxas ser\u00e3o aplicadas:<\/p>\n<ul data-path-to-node=\"12\">\n<li>\n<p data-path-to-node=\"12,0,0\"><b data-path-to-node=\"12,0,0\" data-index-in-node=\"0\">15 a 30 dias antes da chegada:<\/b> cobran\u00e7a de 25% do pre\u00e7o total do tour.<\/p>\n<\/li>\n<li>\n<p data-path-to-node=\"12,1,0\"><b data-path-to-node=\"12,1,0\" data-index-in-node=\"0\">7 a 14 dias antes da chegada:<\/b> cobran\u00e7a de 50% do pre\u00e7o total do tour.<\/p>\n<\/li>\n<li>\n<p data-path-to-node=\"12,2,0\"><b data-path-to-node=\"12,2,0\" data-index-in-node=\"0\">4 a 7 dias antes da chegada:<\/b> cobran\u00e7a de 75% do pre\u00e7o total do tour.<\/p>\n<\/li>\n<li>\n<p data-path-to-node=\"12,3,0\">\n<\/li>\n<\/ul>\n","protected":false},"excerpt":{"rendered":"<table data-path-to-node=\"0\">\n<thead>\n<tr>\n<td><strong>M\u00edn \u2013 M\u00e1x (Pessoas)<\/strong><\/td>\n<td><strong>Pre\u00e7o Adulto<\/strong><\/td>\n<td><strong>Pre\u00e7o Crian\u00e7a<\/strong><\/td>\n<td><strong>Pre\u00e7o Beb\u00eas<\/strong><\/td>\n<\/tr>\n<\/thead>\n<tbody>\n<tr>\n<td><span data-path-to-node=\"0,1,0,0\"><b data-path-to-node=\"0,1,0,0\" data-index-in-node=\"0\">1 \u2013 2 Pessoas<\/b><\/span><\/td>\n<td><span data-path-to-node=\"0,1,1,0\">$150<\/span><\/td>\n<td><span data-path-to-node=\"0,1,2,0\">$75<\/span><\/td>\n<td><span data-path-to-node=\"0,1,3,0\">Gr\u00e1tis<\/span><\/td>\n<\/tr>\n<tr>\n<td><span data-path-to-node=\"0,2,0,0\"><b data-path-to-node=\"0,2,0,0\" data-index-in-node=\"0\">3 \u2013 5 Pessoas<\/b><\/span><\/td>\n<td><span data-path-to-node=\"0,2,1,0\">$140<\/span><\/td>\n<td><span data-path-to-node=\"0,2,2,0\">$70<\/span><\/td>\n<td><span data-path-to-node=\"0,2,3,0\">Gr\u00e1tis<\/span><\/td>\n<\/tr>\n<tr>\n<td><span data-path-to-node=\"0,3,0,0\"><b data-path-to-node=\"0,3,0,0\" data-index-in-node=\"0\">6 \u2013 9 Pessoas<\/b><\/span><\/td>\n<td><span data-path-to-node=\"0,3,1,0\">$130<\/span><\/td>\n<td><span data-path-to-node=\"0,3,2,0\">$65<\/span><\/td>\n<td><span data-path-to-node=\"0,3,3,0\">Gr\u00e1tis<\/span><\/td>\n<\/tr>\n<tr>\n<td><span data-path-to-node=\"0,4,0,0\"><b data-path-to-node=\"0,4,0,0\" data-index-in-node=\"0\">10 \u2013 15 Pessoas<\/b><\/span><\/td>\n<td><span data-path-to-node=\"0,4,1,0\">$120<\/span><\/td>\n<td><span data-path-to-node=\"0,4,2,0\">$60<\/span><\/td>\n<td><span data-path-to-node=\"0,4,3,0\">Gr\u00e1tis<\/span><\/td>\n<\/tr>\n<tr>\n<td><span data-path-to-node=\"0,5,0,0\"><b data-path-to-node=\"0,5,0,0\" data-index-in-node=\"0\">+16 Pessoas<\/b><\/span><\/td>\n<td><span data-path-to-node=\"0,5,1,0\">Tarifa Especial<\/span><\/td>\n<td><span data-path-to-node=\"0,5,2,0\">Tarifa Especial<\/span><\/td>\n<td><span data-path-to-node=\"0,5,3,0\">Gr\u00e1tis<\/span><\/td>\n<\/tr>\n<\/tbody>\n<\/table>\n","protected":false},"featured_media":15048,"comment_status":"open","ping_status":"closed","template":"","meta":{"_acf_changed":false},"product_brand":[],"product_cat":[],"product_tag":[],"class_list":{"0":"post-15504","1":"product","2":"type-product","3":"status-publish","4":"has-post-thumbnail","6":"tour_phys-adventure-tours","7":"tour_phys-city-tour","8":"tour_phys-desert-safari","9":"pa_destination-luxor","10":"pa_destination-aswan","11":"pa_month-abril","12":"pa_month-dezembro","13":"pa_month-fevereiro","14":"pa_month-janeiro","15":"pa_month-marco","16":"pa_month-november","17":"pa_month-outubro","19":"first","20":"instock","21":"shipping-taxable","22":"purchasable","23":"product-type-tour_phys"},"acf":[],"_links":{"self":[{"href":"https:\/\/nobles-tours.com\/pt-pt\/wp-json\/wp\/v2\/product\/15504","targetHints":{"allow":["GET"]}}],"collection":[{"href":"https:\/\/nobles-tours.com\/pt-pt\/wp-json\/wp\/v2\/product"}],"about":[{"href":"https:\/\/nobles-tours.com\/pt-pt\/wp-json\/wp\/v2\/types\/product"}],"replies":[{"embeddable":true,"href":"https:\/\/nobles-tours.com\/pt-pt\/wp-json\/wp\/v2\/comments?post=15504"}],"wp:featuredmedia":[{"embeddable":true,"href":"https:\/\/nobles-tours.com\/pt-pt\/wp-json\/wp\/v2\/media\/15048"}],"wp:attachment":[{"href":"https:\/\/nobles-tours.com\/pt-pt\/wp-json\/wp\/v2\/media?parent=15504"}],"wp:term":[{"taxonomy":"product_brand","embeddable":true,"href":"https:\/\/nobles-tours.com\/pt-pt\/wp-json\/wp\/v2\/product_brand?post=15504"},{"taxonomy":"product_cat","embeddable":true,"href":"https:\/\/nobles-tours.com\/pt-pt\/wp-json\/wp\/v2\/product_cat?post=15504"},{"taxonomy":"product_tag","embeddable":true,"href":"https:\/\/nobles-tours.com\/pt-pt\/wp-json\/wp\/v2\/product_tag?post=15504"}],"curies":[{"name":"wp","href":"https:\/\/api.w.org\/{rel}","templated":true}]}}