{"id":15506,"date":"2026-01-22T17:43:30","date_gmt":"2026-01-22T17:43:30","guid":{"rendered":"https:\/\/nobles-tours.com\/product\/aventura-no-cairo-e-no-nilo-11-dias-10-noites-2\/"},"modified":"2026-01-22T17:43:30","modified_gmt":"2026-01-22T17:43:30","slug":"aventura-no-cairo-e-no-nilo-11-dias-10-noites-2","status":"publish","type":"product","link":"https:\/\/nobles-tours.com\/pt-pt\/produto\/aventura-no-cairo-e-no-nilo-11-dias-10-noites-2\/","title":{"rendered":"Aventura no Cairo e no Nilo \u2013 11 Dias \/ 10 Noites #2"},"content":{"rendered":"<h3 data-start=\"576\" data-end=\"588\">Aventura no Cairo e no Nilo<\/h3>\n<p data-start=\"196\" data-end=\"569\">Experience an exclusive 11-day journey combining the grandeur of Cairo with a serene Nile cruise aboard a traditional Dahabiya. This tour is the perfect blend of ancient history, river tranquility, and luxurious comfort. From the Pyramids of Giza to majestic temples and picturesque river-side landscapes, travelers enjoy an immersive and unforgettable Egyptian experience.<\/p>\n<hr data-start=\"571\" data-end=\"574\" \/>\n<h3 data-start=\"1491\" data-end=\"1503\">Inclu\u00eddo<\/h3>\n<p data-start=\"590\" data-end=\"1484\">Servi\u00e7o de recep\u00e7\u00e3o e assist\u00eancia no Aeroporto Internacional do Cairo na chegada<br data-start=\"657\" data-end=\"660\" \/>Todos os traslados de aeroporto e passeios em ve\u00edculo privativo de luxo com ar-condicionado<br data-start=\"736\" data-end=\"739\" \/>Visto de entrada no Egito para nacionalidades eleg\u00edveis na chegada<br data-start=\"797\" data-end=\"800\" \/>3 noites de acomoda\u00e7\u00e3o no Cairo com caf\u00e9 da manh\u00e3 di\u00e1rio<br data-start=\"854\" data-end=\"857\" \/>7 noites a bordo de uma Dahabiya com pens\u00e3o completa (refei\u00e7\u00f5es + bebidas a bordo, incluindo ch\u00e1, caf\u00e9 e refrigerantes)<br data-start=\"965\" data-end=\"968\" \/>Voos dom\u00e9sticos: Cairo \u2192 Luxor \u2192 Cairo<br data-start=\"1009\" data-end=\"1012\" \/>Todos os passeios guiados no Cairo com guia privativo<br data-start=\"1072\" data-end=\"1075\" \/>Todos os passeios durante o cruzeiro Dahabiya (cruzeiro em grupo compartilhado)<br data-start=\"1147\" data-end=\"1150\" \/>Ingressos para todos os locais arqueol\u00f3gicos e hist\u00f3ricos indicados<br data-start=\"1218\" data-end=\"1221\" \/>Almo\u00e7o em restaurante local de qualidade nos dias designados<br data-start=\"1277\" data-end=\"1280\" data-is-only-node=\"\" \/>\u00c1gua mineral cortesia durante os passeios e traslados<br data-start=\"1336\" data-end=\"1339\" \/>Wi-Fi gratuito durante toda a estadia no Egito<br data-start=\"1380\" data-end=\"1383\" \/>Sess\u00e3o de fotos cortesia ao redor das Pir\u00e2mides de Giz\u00e9<br data-start=\"1437\" data-end=\"1440\" \/>Todas as taxas de servi\u00e7o e impostos aplic\u00e1veis<\/p>\n<hr data-start=\"1486\" data-end=\"1489\" \/>\n<h3 data-start=\"1491\" data-end=\"1503\">N\u00e3o Inclu\u00eddo<\/h3>\n<p data-start=\"1505\" data-end=\"1676\">Passagens a\u00e9reas internacionais de\/para o Egito<br data-start=\"1542\" data-end=\"1545\" \/>Passeios opcionais ou atividades n\u00e3o listadas no itiner\u00e1rio<br data-start=\"1603\" data-end=\"1606\" \/>Despesas pessoais (compras, extras, etc.)<br data-start=\"1650\" data-end=\"1653\" \/>Gorjetas e gratifica\u00e7\u00f5es<\/p>\n","protected":false},"excerpt":{"rendered":"<p>Aventura no Cairo e no Nilo<br \/>\nExperience an exclusive 11-day journey combining the grandeur of Cairo with a serene Nile cruise aboard a traditional Dahabiya. This tour is the perfect <\/p>\n","protected":false},"featured_media":14945,"comment_status":"open","ping_status":"closed","template":"","meta":{"_acf_changed":false},"product_brand":[],"product_cat":[],"product_tag":[],"class_list":{"0":"post-15506","1":"product","2":"type-product","3":"status-publish","4":"has-post-thumbnail","7":"first","8":"instock","9":"shipping-taxable","10":"product-type-simple"},"acf":[],"_links":{"self":[{"href":"https:\/\/nobles-tours.com\/pt-pt\/wp-json\/wp\/v2\/product\/15506","targetHints":{"allow":["GET"]}}],"collection":[{"href":"https:\/\/nobles-tours.com\/pt-pt\/wp-json\/wp\/v2\/product"}],"about":[{"href":"https:\/\/nobles-tours.com\/pt-pt\/wp-json\/wp\/v2\/types\/product"}],"replies":[{"embeddable":true,"href":"https:\/\/nobles-tours.com\/pt-pt\/wp-json\/wp\/v2\/comments?post=15506"}],"wp:featuredmedia":[{"embeddable":true,"href":"https:\/\/nobles-tours.com\/pt-pt\/wp-json\/wp\/v2\/media\/14945"}],"wp:attachment":[{"href":"https:\/\/nobles-tours.com\/pt-pt\/wp-json\/wp\/v2\/media?parent=15506"}],"wp:term":[{"taxonomy":"product_brand","embeddable":true,"href":"https:\/\/nobles-tours.com\/pt-pt\/wp-json\/wp\/v2\/product_brand?post=15506"},{"taxonomy":"product_cat","embeddable":true,"href":"https:\/\/nobles-tours.com\/pt-pt\/wp-json\/wp\/v2\/product_cat?post=15506"},{"taxonomy":"product_tag","embeddable":true,"href":"https:\/\/nobles-tours.com\/pt-pt\/wp-json\/wp\/v2\/product_tag?post=15506"}],"curies":[{"name":"wp","href":"https:\/\/api.w.org\/{rel}","templated":true}]}}