{"id":15513,"date":"2026-01-17T06:44:10","date_gmt":"2026-01-17T06:44:10","guid":{"rendered":"https:\/\/nobles-tours.com\/?post_type=product&#038;p=15513"},"modified":"2026-02-04T03:03:28","modified_gmt":"2026-02-04T03:03:28","slug":"tour-de-dia-inteiro-piramides-de-gize-menfis-e-saqqara","status":"publish","type":"product","link":"https:\/\/nobles-tours.com\/pt-pt\/tours\/tour-de-dia-inteiro-piramides-de-gize-menfis-e-saqqara","title":{"rendered":"Tour de dia inteiro: Pir\u00e2mides de Giz\u00e9, M\u00eanfis e Saqqara"},"content":{"rendered":"<h2 data-path-to-node=\"0\"><b data-path-to-node=\"0\" data-index-in-node=\"0\">Tour de dia inteiro: Pir\u00e2mides de Giz\u00e9, M\u00eanfis e Saqqara<\/b><\/h2>\n<p data-path-to-node=\"1\">Explore as maravilhas antigas do Egito em um tour de dia inteiro saindo do Cairo. Esta experi\u00eancia enriquecedora leva voc\u00ea \u00e0s mundialmente famosas Pir\u00e2mides de Giz\u00e9, \u00e0 majestosa Grande Esfinge, \u00e0 antiga capital de M\u00eanfis e \u00e0 hist\u00f3rica necr\u00f3pole de Saqqara, onde se encontra a Pir\u00e2mide de Degraus do Rei Djoser. Descubra as origens da constru\u00e7\u00e3o de pir\u00e2mides e obtenha uma vis\u00e3o profunda da rica hist\u00f3ria fara\u00f4nica e do brilhantismo arquitet\u00f4nico do Egito.<\/p>\n<h3 data-path-to-node=\"2\"><b data-path-to-node=\"2\" data-index-in-node=\"0\">Inclu\u00eddo<\/b><\/h3>\n<ul data-path-to-node=\"3\">\n<li>\n<p data-path-to-node=\"3,0,0\">Busca e desembarque no hotel no Cairo ou em Giz\u00e9<\/p>\n<\/li>\n<li>\n<p data-path-to-node=\"3,1,0\">Ve\u00edculo privativo com ar-condicionado durante todo o tour<\/p>\n<\/li>\n<li>\n<p data-path-to-node=\"3,2,0\">Guia egipt\u00f3logo profissional licenciado<\/p>\n<\/li>\n<li>\n<p data-path-to-node=\"3,3,0\">Garrafa de \u00e1gua durante o passeio<\/p>\n<\/li>\n<li>\n<p data-path-to-node=\"3,4,0\">Todas as taxas de servi\u00e7o e impostos<\/p>\n<\/li>\n<\/ul>\n<h3 data-path-to-node=\"4\"><b data-path-to-node=\"4\" data-index-in-node=\"0\">Exclu\u00eddo<\/b><\/h3>\n<ul data-path-to-node=\"5\">\n<li>\n<p data-path-to-node=\"5,0,0\">Taxas de entrada nos s\u00edtios arqueol\u00f3gicos<\/p>\n<\/li>\n<li>\n<p data-path-to-node=\"5,1,0\">Refei\u00e7\u00f5es de almo\u00e7o<\/p>\n<\/li>\n<li>\n<p data-path-to-node=\"5,2,0\">Despesas pessoais<\/p>\n<\/li>\n<li>\n<p data-path-to-node=\"5,3,0\">Gorjetas<\/p>\n<\/li>\n<\/ul>\n","protected":false},"excerpt":{"rendered":"<table data-path-to-node=\"0\">\n<thead>\n<tr>\n<td><strong>M\u00edn \u2013 M\u00e1x (Pessoas)<\/strong><\/td>\n<td><strong>Pre\u00e7o Adulto<\/strong><\/td>\n<td><strong>Pre\u00e7o Crian\u00e7a<\/strong><\/td>\n<td><strong>Pre\u00e7o Beb\u00eas<\/strong><\/td>\n<\/tr>\n<\/thead>\n<tbody>\n<tr>\n<td><span data-path-to-node=\"0,1,0,0\"><b data-path-to-node=\"0,1,0,0\" data-index-in-node=\"0\">1 \u2013 2 Pessoas<\/b><\/span><\/td>\n<td><span data-path-to-node=\"0,1,1,0\">$95<\/span><\/td>\n<td><span data-path-to-node=\"0,1,2,0\">$45<\/span><\/td>\n<td><span data-path-to-node=\"0,1,3,0\">Gr\u00e1tis<\/span><\/td>\n<\/tr>\n<tr>\n<td><span data-path-to-node=\"0,2,0,0\"><b data-path-to-node=\"0,2,0,0\" data-index-in-node=\"0\">3 \u2013 5 Pessoas<\/b><\/span><\/td>\n<td><span data-path-to-node=\"0,2,1,0\">$85<\/span><\/td>\n<td><span data-path-to-node=\"0,2,2,0\">$40<\/span><\/td>\n<td><span data-path-to-node=\"0,2,3,0\">Gr\u00e1tis<\/span><\/td>\n<\/tr>\n<tr>\n<td><span data-path-to-node=\"0,3,0,0\"><b data-path-to-node=\"0,3,0,0\" data-index-in-node=\"0\">6 \u2013 9 Pessoas<\/b><\/span><\/td>\n<td><span data-path-to-node=\"0,3,1,0\">$80<\/span><\/td>\n<td><span data-path-to-node=\"0,3,2,0\">$38<\/span><\/td>\n<td><span data-path-to-node=\"0,3,3,0\">Gr\u00e1tis<\/span><\/td>\n<\/tr>\n<tr>\n<td><span data-path-to-node=\"0,4,0,0\"><b data-path-to-node=\"0,4,0,0\" data-index-in-node=\"0\">10 \u2013 15 Pessoas<\/b><\/span><\/td>\n<td><span data-path-to-node=\"0,4,1,0\">$75<\/span><\/td>\n<td><span data-path-to-node=\"0,4,2,0\">$35<\/span><\/td>\n<td><span data-path-to-node=\"0,4,3,0\">Gr\u00e1tis<\/span><\/td>\n<\/tr>\n<tr>\n<td><span data-path-to-node=\"0,5,0,0\"><b data-path-to-node=\"0,5,0,0\" data-index-in-node=\"0\">+16 Pessoas<\/b><\/span><\/td>\n<td><span data-path-to-node=\"0,5,1,0\">Tarifa Especial<\/span><\/td>\n<td><span data-path-to-node=\"0,5,2,0\">Tarifa Especial<\/span><\/td>\n<td><span data-path-to-node=\"0,5,3,0\">Gr\u00e1tis<\/span><\/td>\n<\/tr>\n<\/tbody>\n<\/table>\n","protected":false},"featured_media":14945,"comment_status":"open","ping_status":"closed","template":"","meta":{"_acf_changed":false},"product_brand":[],"product_cat":[],"product_tag":[],"class_list":{"0":"post-15513","1":"product","2":"type-product","3":"status-publish","4":"has-post-thumbnail","6":"tour_phys-adventure-tours","7":"tour_phys-culture-and-attractions","8":"tour_phys-desert-safari","9":"pa_destination-gize","10":"pa_month-abril","11":"pa_month-dezembro","12":"pa_month-fevereiro","13":"pa_month-janeiro","14":"pa_month-marco","15":"pa_month-november","16":"pa_month-outubro","18":"first","19":"instock","20":"shipping-taxable","21":"purchasable","22":"product-type-tour_phys"},"acf":[],"_links":{"self":[{"href":"https:\/\/nobles-tours.com\/pt-pt\/wp-json\/wp\/v2\/product\/15513","targetHints":{"allow":["GET"]}}],"collection":[{"href":"https:\/\/nobles-tours.com\/pt-pt\/wp-json\/wp\/v2\/product"}],"about":[{"href":"https:\/\/nobles-tours.com\/pt-pt\/wp-json\/wp\/v2\/types\/product"}],"replies":[{"embeddable":true,"href":"https:\/\/nobles-tours.com\/pt-pt\/wp-json\/wp\/v2\/comments?post=15513"}],"wp:featuredmedia":[{"embeddable":true,"href":"https:\/\/nobles-tours.com\/pt-pt\/wp-json\/wp\/v2\/media\/14945"}],"wp:attachment":[{"href":"https:\/\/nobles-tours.com\/pt-pt\/wp-json\/wp\/v2\/media?parent=15513"}],"wp:term":[{"taxonomy":"product_brand","embeddable":true,"href":"https:\/\/nobles-tours.com\/pt-pt\/wp-json\/wp\/v2\/product_brand?post=15513"},{"taxonomy":"product_cat","embeddable":true,"href":"https:\/\/nobles-tours.com\/pt-pt\/wp-json\/wp\/v2\/product_cat?post=15513"},{"taxonomy":"product_tag","embeddable":true,"href":"https:\/\/nobles-tours.com\/pt-pt\/wp-json\/wp\/v2\/product_tag?post=15513"}],"curies":[{"name":"wp","href":"https:\/\/api.w.org\/{rel}","templated":true}]}}