{"id":15519,"date":"2026-01-17T05:06:56","date_gmt":"2026-01-17T05:06:56","guid":{"rendered":"https:\/\/nobles-tours.com\/product\/4-days-nile-river-cruise-from-aswan-to-luxor\/"},"modified":"2026-02-04T02:19:37","modified_gmt":"2026-02-04T02:19:37","slug":"cruzeiro-pelo-rio-nilo-4-dias-de-aswan-a-luxor","status":"publish","type":"product","link":"https:\/\/nobles-tours.com\/pt-pt\/tours\/cruzeiro-pelo-rio-nilo-4-dias-de-aswan-a-luxor","title":{"rendered":"Cruzeiro pelo Rio Nilo  4 dias de Aswan a Luxor"},"content":{"rendered":"<div id=\"model-response-message-contentr_a99737f276e3ca94\" class=\"markdown markdown-main-panel enable-updated-hr-color\" dir=\"ltr\" aria-live=\"off\" aria-busy=\"false\">\n<h2 data-path-to-node=\"0\"><b data-path-to-node=\"0\" data-index-in-node=\"0\">Cruzeiro pelo Rio Nilo\u00a0 4 dias de Aswan a Luxor<\/b><\/h2>\n<p data-path-to-node=\"1\">Navegue pelo lend\u00e1rio Rio Nilo em uma jornada de 4 dias de Aswan a Luxor, combinando conforto, relaxamento e hist\u00f3ria antiga. Desfrute de uma estadia luxuosa a bordo de um cruzeiro 5 estrelas pelo Nilo enquanto descobre alguns dos templos e monumentos mais impressionantes do Egito. Da beleza do Templo de Philae \u00e0 grandiosidade de Karnak e do Vale dos Reis, este cruzeiro oferece uma experi\u00eancia inesquec\u00edvel pelo cora\u00e7\u00e3o do Egito Antigo.<\/p>\n<h3 data-path-to-node=\"2\"><b data-path-to-node=\"2\" data-index-in-node=\"0\">Inclu\u00eddo<\/b><\/h3>\n<ul data-path-to-node=\"3\">\n<li>\n<p data-path-to-node=\"3,0,0\">Traslados privativos em ve\u00edculo confort\u00e1vel com ar-condicionado<\/p>\n<\/li>\n<li>\n<p data-path-to-node=\"3,1,0\">3 noites de acomoda\u00e7\u00e3o a bordo de um cruzeiro 5 estrelas pelo Nilo (pens\u00e3o completa)<\/p>\n<\/li>\n<li>\n<p data-path-to-node=\"3,2,0\">Todas as excurs\u00f5es do cruzeiro mencionadas no itiner\u00e1rio<\/p>\n<\/li>\n<li>\n<p data-path-to-node=\"3,3,0\">Servi\u00e7os de um guia profissional experiente durante todo o cruzeiro<\/p>\n<\/li>\n<li>\n<p data-path-to-node=\"3,4,0\">Todos os impostos e taxas de servi\u00e7o<\/p>\n<\/li>\n<\/ul>\n<h3 data-path-to-node=\"4\"><b data-path-to-node=\"4\" data-index-in-node=\"0\">Exclu\u00eddo<\/b><\/h3>\n<ul data-path-to-node=\"5\">\n<li>\n<p data-path-to-node=\"5,0,0\">Taxas de entrada nos s\u00edtios arqueol\u00f3gicos mencionados<\/p>\n<\/li>\n<li>\n<p data-path-to-node=\"5,1,0\">Tours opcionais ou excurs\u00f5es n\u00e3o listadas no itiner\u00e1rio<\/p>\n<\/li>\n<li>\n<p data-path-to-node=\"5,2,0\">Despesas pessoais<\/p>\n<\/li>\n<li>\n<p data-path-to-node=\"5,3,0\">Gorjetas<\/p>\n<\/li>\n<\/ul>\n<h3 data-path-to-node=\"6\"><b data-path-to-node=\"6\" data-index-in-node=\"0\">Informa\u00e7\u00f5es Adicionais<\/b><\/h3>\n<ul data-path-to-node=\"7\">\n<li>\n<p data-path-to-node=\"7,0,0\">Confirma\u00e7\u00e3o da reserva enviada por e-mail ap\u00f3s a reserva<\/p>\n<\/li>\n<li>\n<p data-path-to-node=\"7,1,0\">Dep\u00f3sito de 30% obrigat\u00f3rio online; o saldo restante deve ser pago em dinheiro na chegada<\/p>\n<\/li>\n<li>\n<p data-path-to-node=\"7,2,0\">Excurs\u00f5es di\u00e1rias com dura\u00e7\u00e3o aproximada de 8 horas<\/p>\n<\/li>\n<li>\n<p data-path-to-node=\"7,3,0\">Tours opcionais de meio dia com dura\u00e7\u00e3o de cerca de 4 horas<\/p>\n<\/li>\n<li>\n<p data-path-to-node=\"7,4,0\">A gorjeta \u00e9 opcional e n\u00e3o est\u00e1 inclu\u00edda<\/p>\n<\/li>\n<li>\n<p data-path-to-node=\"7,5,0\">Tours opcionais dispon\u00edveis mediante solicita\u00e7\u00e3o<\/p>\n<\/li>\n<\/ul>\n<p data-path-to-node=\"9\">\n<\/div>\n","protected":false},"excerpt":{"rendered":"<table data-path-to-node=\"0\">\n<thead>\n<tr>\n<td><strong>M\u00edn \u2013 M\u00e1x (Pessoas)<\/strong><\/td>\n<td><strong>Pre\u00e7o Adulto<\/strong><\/td>\n<td><strong>Pre\u00e7o Crian\u00e7a<\/strong><\/td>\n<td><strong>Pre\u00e7o Beb\u00eas<\/strong><\/td>\n<\/tr>\n<\/thead>\n<tbody>\n<tr>\n<td><span data-path-to-node=\"0,1,0,0\"><b data-path-to-node=\"0,1,0,0\" data-index-in-node=\"0\">1 \u2013 2 Pessoas<\/b><\/span><\/td>\n<td><span data-path-to-node=\"0,1,1,0\">$750<\/span><\/td>\n<td><span data-path-to-node=\"0,1,2,0\">$650<\/span><\/td>\n<td><span data-path-to-node=\"0,1,3,0\">Gr\u00e1tis<\/span><\/td>\n<\/tr>\n<tr>\n<td><span data-path-to-node=\"0,2,0,0\"><b data-path-to-node=\"0,2,0,0\" data-index-in-node=\"0\">3 \u2013 5 Pessoas<\/b><\/span><\/td>\n<td><span data-path-to-node=\"0,2,1,0\">$710<\/span><\/td>\n<td><span data-path-to-node=\"0,2,2,0\">$610<\/span><\/td>\n<td><span data-path-to-node=\"0,2,3,0\">Gr\u00e1tis<\/span><\/td>\n<\/tr>\n<tr>\n<td><span data-path-to-node=\"0,3,0,0\"><b data-path-to-node=\"0,3,0,0\" data-index-in-node=\"0\">6 \u2013 9 Pessoas<\/b><\/span><\/td>\n<td><span data-path-to-node=\"0,3,1,0\">$680<\/span><\/td>\n<td><span data-path-to-node=\"0,3,2,0\">$580<\/span><\/td>\n<td><span data-path-to-node=\"0,3,3,0\">Gr\u00e1tis<\/span><\/td>\n<\/tr>\n<tr>\n<td><span data-path-to-node=\"0,4,0,0\"><b data-path-to-node=\"0,4,0,0\" data-index-in-node=\"0\">10 \u2013 15 Pessoas<\/b><\/span><\/td>\n<td><span data-path-to-node=\"0,4,1,0\">$650<\/span><\/td>\n<td><span data-path-to-node=\"0,4,2,0\">$550<\/span><\/td>\n<td><span data-path-to-node=\"0,4,3,0\">Gr\u00e1tis<\/span><\/td>\n<\/tr>\n<tr>\n<td><span data-path-to-node=\"0,5,0,0\"><b data-path-to-node=\"0,5,0,0\" data-index-in-node=\"0\">+16 Pessoas<\/b><\/span><\/td>\n<td><span data-path-to-node=\"0,5,1,0\">Tarifa Especial<\/span><\/td>\n<td><span data-path-to-node=\"0,5,2,0\">Tarifa Especial<\/span><\/td>\n<td><span data-path-to-node=\"0,5,3,0\">Gr\u00e1tis<\/span><\/td>\n<\/tr>\n<\/tbody>\n<\/table>\n<p>&nbsp;<\/p>\n","protected":false},"featured_media":15515,"comment_status":"open","ping_status":"closed","template":"","meta":{"_acf_changed":false},"product_brand":[],"product_cat":[],"product_tag":[],"class_list":{"0":"post-15519","1":"product","2":"type-product","3":"status-publish","4":"has-post-thumbnail","6":"tour_phys-city-tour","7":"tour_phys-culture-and-attractions","8":"pa_destination-luxor","9":"pa_destination-aswan","10":"pa_month-abril","11":"pa_month-dezembro","12":"pa_month-fevereiro","13":"pa_month-janeiro","14":"pa_month-marco","15":"pa_month-november","16":"pa_month-outubro","18":"first","19":"instock","20":"shipping-taxable","21":"purchasable","22":"product-type-tour_phys"},"acf":[],"_links":{"self":[{"href":"https:\/\/nobles-tours.com\/pt-pt\/wp-json\/wp\/v2\/product\/15519","targetHints":{"allow":["GET"]}}],"collection":[{"href":"https:\/\/nobles-tours.com\/pt-pt\/wp-json\/wp\/v2\/product"}],"about":[{"href":"https:\/\/nobles-tours.com\/pt-pt\/wp-json\/wp\/v2\/types\/product"}],"replies":[{"embeddable":true,"href":"https:\/\/nobles-tours.com\/pt-pt\/wp-json\/wp\/v2\/comments?post=15519"}],"wp:featuredmedia":[{"embeddable":true,"href":"https:\/\/nobles-tours.com\/pt-pt\/wp-json\/wp\/v2\/media\/15515"}],"wp:attachment":[{"href":"https:\/\/nobles-tours.com\/pt-pt\/wp-json\/wp\/v2\/media?parent=15519"}],"wp:term":[{"taxonomy":"product_brand","embeddable":true,"href":"https:\/\/nobles-tours.com\/pt-pt\/wp-json\/wp\/v2\/product_brand?post=15519"},{"taxonomy":"product_cat","embeddable":true,"href":"https:\/\/nobles-tours.com\/pt-pt\/wp-json\/wp\/v2\/product_cat?post=15519"},{"taxonomy":"product_tag","embeddable":true,"href":"https:\/\/nobles-tours.com\/pt-pt\/wp-json\/wp\/v2\/product_tag?post=15519"}],"curies":[{"name":"wp","href":"https:\/\/api.w.org\/{rel}","templated":true}]}}