{"id":15525,"date":"2026-01-17T04:49:38","date_gmt":"2026-01-17T04:49:38","guid":{"rendered":"https:\/\/nobles-tours.com\/product\/siwa-oasis-tour-from-cairo\/"},"modified":"2026-02-04T03:30:08","modified_gmt":"2026-02-04T03:30:08","slug":"tour-ao-oasis-de-siwa-saindo-do-cairo","status":"publish","type":"product","link":"https:\/\/nobles-tours.com\/pt-pt\/tours\/tour-ao-oasis-de-siwa-saindo-do-cairo","title":{"rendered":"Tour ao O\u00e1sis de Siwa saindo do Cairo \u2013 3 Dias \/ 2 Noites"},"content":{"rendered":"<h2 data-path-to-node=\"0\"><b data-path-to-node=\"0\" data-index-in-node=\"0\">Tour ao O\u00e1sis de Siwa saindo do Cairo<\/b><\/h2>\n<p data-path-to-node=\"1\">Fuja da cidade e explore a beleza oculta do O\u00e1sis de Siwa em uma aventura de 3 dias pelo deserto saindo do Cairo. Descubra uma mistura \u00fanica de hist\u00f3ria, cultura e natureza ao visitar templos antigos, lagos de sal, fontes naturais e paisagens des\u00e9rticas dram\u00e1ticas. Do lend\u00e1rio Templo do Or\u00e1culo \u00e0s emocionantes aventuras em 4&#215;4 no Grande Mar de Areia, esta jornada oferece uma experi\u00eancia inesquec\u00edvel em um o\u00e1sis.<\/p>\n<h3 data-path-to-node=\"2\"><b data-path-to-node=\"2\" data-index-in-node=\"0\">Inclu\u00eddo<\/b><\/h3>\n<ul data-path-to-node=\"3\">\n<li>\n<p data-path-to-node=\"3,0,0\">Busca e desembarque no hotel no Cairo<\/p>\n<\/li>\n<li>\n<p data-path-to-node=\"3,1,0\">Traslados Cairo \u2194 Siwa em ve\u00edculo com ar-condicionado<\/p>\n<\/li>\n<li>\n<p data-path-to-node=\"3,2,0\">Todos os traslados locais em Siwa em jipe 4&#215;4<\/p>\n<\/li>\n<li>\n<p data-path-to-node=\"3,3,0\">2 noites de acomoda\u00e7\u00e3o em hotel em Siwa<\/p>\n<\/li>\n<li>\n<p data-path-to-node=\"3,4,0\">Almo\u00e7o durante os passeios tur\u00edsticos em Siwa<\/p>\n<\/li>\n<li>\n<p data-path-to-node=\"3,5,0\">Garrafa de \u00e1gua durante a viagem<\/p>\n<\/li>\n<li>\n<p data-path-to-node=\"3,6,0\">L\u00edder de excurs\u00e3o profissional especializado durante todo o tour<\/p>\n<\/li>\n<\/ul>\n<h3 data-path-to-node=\"4\"><b data-path-to-node=\"4\" data-index-in-node=\"0\">Exclu\u00eddo<\/b><\/h3>\n<ul data-path-to-node=\"5\">\n<li>\n<p data-path-to-node=\"5,0,0\">Taxas de entrada nos locais indicados<\/p>\n<\/li>\n<li>\n<p data-path-to-node=\"5,1,0\">Tours ou atividades opcionais<\/p>\n<\/li>\n<li>\n<p data-path-to-node=\"5,2,0\">Despesas pessoais<\/p>\n<\/li>\n<li>\n<p data-path-to-node=\"5,3,0\">Gorjetas<\/p>\n<\/li>\n<\/ul>\n","protected":false},"excerpt":{"rendered":"<table data-path-to-node=\"0\">\n<thead>\n<tr>\n<td><strong>M\u00edn \u2013 M\u00e1x (Pessoas)<\/strong><\/td>\n<td><strong>Pre\u00e7o Adulto<\/strong><\/td>\n<td><strong>Pre\u00e7o Crian\u00e7a<\/strong><\/td>\n<td><strong>Pre\u00e7o Beb\u00eas<\/strong><\/td>\n<\/tr>\n<\/thead>\n<tbody>\n<tr>\n<td><span data-path-to-node=\"0,1,0,0\"><b data-path-to-node=\"0,1,0,0\" data-index-in-node=\"0\">1 \u2013 2 Pessoas<\/b><\/span><\/td>\n<td><span data-path-to-node=\"0,1,1,0\">$450<\/span><\/td>\n<td><span data-path-to-node=\"0,1,2,0\">$350<\/span><\/td>\n<td><span data-path-to-node=\"0,1,3,0\">Gr\u00e1tis<\/span><\/td>\n<\/tr>\n<tr>\n<td><span data-path-to-node=\"0,2,0,0\"><b data-path-to-node=\"0,2,0,0\" data-index-in-node=\"0\">3 \u2013 5 Pessoas<\/b><\/span><\/td>\n<td><span data-path-to-node=\"0,2,1,0\">$425<\/span><\/td>\n<td><span data-path-to-node=\"0,2,2,0\">$325<\/span><\/td>\n<td><span data-path-to-node=\"0,2,3,0\">Gr\u00e1tis<\/span><\/td>\n<\/tr>\n<tr>\n<td><span data-path-to-node=\"0,3,0,0\"><b data-path-to-node=\"0,3,0,0\" data-index-in-node=\"0\">6 \u2013 9 Pessoas<\/b><\/span><\/td>\n<td><span data-path-to-node=\"0,3,1,0\">$400<\/span><\/td>\n<td><span data-path-to-node=\"0,3,2,0\">$300<\/span><\/td>\n<td><span data-path-to-node=\"0,3,3,0\">Gr\u00e1tis<\/span><\/td>\n<\/tr>\n<tr>\n<td><span data-path-to-node=\"0,4,0,0\"><b data-path-to-node=\"0,4,0,0\" data-index-in-node=\"0\">10 \u2013 15 Pessoas<\/b><\/span><\/td>\n<td><span data-path-to-node=\"0,4,1,0\">$375<\/span><\/td>\n<td><span data-path-to-node=\"0,4,2,0\">$275<\/span><\/td>\n<td><span data-path-to-node=\"0,4,3,0\">Gr\u00e1tis<\/span><\/td>\n<\/tr>\n<tr>\n<td><span data-path-to-node=\"0,5,0,0\"><b data-path-to-node=\"0,5,0,0\" data-index-in-node=\"0\">+16 Pessoas<\/b><\/span><\/td>\n<td><span data-path-to-node=\"0,5,1,0\">Tarifa Especial<\/span><\/td>\n<td><span data-path-to-node=\"0,5,2,0\">Tarifa Especial<\/span><\/td>\n<td><span data-path-to-node=\"0,5,3,0\">Gr\u00e1tis<\/span><\/td>\n<\/tr>\n<\/tbody>\n<\/table>\n<p>&nbsp;<\/p>\n","protected":false},"featured_media":15521,"comment_status":"open","ping_status":"closed","template":"","meta":{"_acf_changed":false},"product_brand":[],"product_cat":[320],"product_tag":[],"class_list":{"0":"post-15525","1":"product","2":"type-product","3":"status-publish","4":"has-post-thumbnail","6":"tour_phys-adventure-tours","7":"tour_phys-city-tour","8":"tour_phys-culture-and-attractions","9":"product_cat-sem-categoria","10":"pa_destination-gize","11":"pa_month-abril","12":"pa_month-dezembro","13":"pa_month-fevereiro","14":"pa_month-janeiro","15":"pa_month-marco","16":"pa_month-november","17":"pa_month-outubro","19":"first","20":"instock","21":"shipping-taxable","22":"purchasable","23":"product-type-tour_phys"},"acf":[],"_links":{"self":[{"href":"https:\/\/nobles-tours.com\/pt-pt\/wp-json\/wp\/v2\/product\/15525","targetHints":{"allow":["GET"]}}],"collection":[{"href":"https:\/\/nobles-tours.com\/pt-pt\/wp-json\/wp\/v2\/product"}],"about":[{"href":"https:\/\/nobles-tours.com\/pt-pt\/wp-json\/wp\/v2\/types\/product"}],"replies":[{"embeddable":true,"href":"https:\/\/nobles-tours.com\/pt-pt\/wp-json\/wp\/v2\/comments?post=15525"}],"wp:featuredmedia":[{"embeddable":true,"href":"https:\/\/nobles-tours.com\/pt-pt\/wp-json\/wp\/v2\/media\/15521"}],"wp:attachment":[{"href":"https:\/\/nobles-tours.com\/pt-pt\/wp-json\/wp\/v2\/media?parent=15525"}],"wp:term":[{"taxonomy":"product_brand","embeddable":true,"href":"https:\/\/nobles-tours.com\/pt-pt\/wp-json\/wp\/v2\/product_brand?post=15525"},{"taxonomy":"product_cat","embeddable":true,"href":"https:\/\/nobles-tours.com\/pt-pt\/wp-json\/wp\/v2\/product_cat?post=15525"},{"taxonomy":"product_tag","embeddable":true,"href":"https:\/\/nobles-tours.com\/pt-pt\/wp-json\/wp\/v2\/product_tag?post=15525"}],"curies":[{"name":"wp","href":"https:\/\/api.w.org\/{rel}","templated":true}]}}