{"id":15561,"date":"2026-01-16T04:11:37","date_gmt":"2026-01-16T04:11:37","guid":{"rendered":"https:\/\/nobles-tours.com\/product\/cairo-and-luxor-tour-package\/"},"modified":"2026-02-04T02:32:49","modified_gmt":"2026-02-04T02:32:49","slug":"pacote-de-viagem-de-6-dias-pelo-cairo-e-luxor-de-aviao","status":"publish","type":"product","link":"https:\/\/nobles-tours.com\/pt-pt\/tours\/pacote-de-viagem-de-6-dias-pelo-cairo-e-luxor-de-aviao","title":{"rendered":"Pacote de Viagem de 6 Dias pelo Cairo e Luxor de Avi\u00e3o"},"content":{"rendered":"<h2 data-path-to-node=\"0\">Pacote de Viagem de 6 Dias pelo Cairo e Luxor de Avi\u00e3o<\/h2>\n<p data-path-to-node=\"1\">Prepare-se para uma aventura inesquec\u00edvel de 6 dias entre o Cairo e Luxor. Descubra os marcos mais ic\u00f4nicos do Egito, incluindo as Pir\u00e2mides de Giz\u00e9, a Grande Esfinge, o Museu Eg\u00edpcio e os tesouros de Luxor, como o Vale dos Reis e o magn\u00edfico Templo de Karnak. Esta jornada oferece uma mistura perfeita de hist\u00f3ria antiga, cultura e monumentos de tirar o f\u00f4lego.<\/p>\n<h3 data-path-to-node=\"2\"><b data-path-to-node=\"2\" data-index-in-node=\"0\">Inclu\u00eddo<\/b><\/h3>\n<ul data-path-to-node=\"3\">\n<li>\n<p data-path-to-node=\"3,0,0\">Servi\u00e7o de recep\u00e7\u00e3o e assist\u00eancia no Aeroporto do Cairo ou de Luxor<\/p>\n<\/li>\n<li>\n<p data-path-to-node=\"3,1,0\">Assist\u00eancia durante toda a sua estadia<\/p>\n<\/li>\n<li>\n<p data-path-to-node=\"3,2,0\">Todo o transporte em ve\u00edculos privativos modernos com ar-condicionado<\/p>\n<\/li>\n<li>\n<p data-path-to-node=\"3,3,0\">4 noites de acomoda\u00e7\u00e3o em hotel no Cairo com caf\u00e9 da manh\u00e3 di\u00e1rio<\/p>\n<\/li>\n<li>\n<p data-path-to-node=\"3,4,0\">1 noite de acomoda\u00e7\u00e3o em hotel em Luxor com caf\u00e9 da manh\u00e3<\/p>\n<\/li>\n<li>\n<p data-path-to-node=\"3,5,0\">Voos dom\u00e9sticos: Cairo \u2194 Luxor<\/p>\n<\/li>\n<li>\n<p data-path-to-node=\"3,6,0\">Garrafa de \u00e1gua durante os passeios<\/p>\n<\/li>\n<li>\n<p data-path-to-node=\"3,7,0\">Todas as taxas de servi\u00e7o e impostos<\/p>\n<\/li>\n<\/ul>\n<h3 data-path-to-node=\"4\"><b data-path-to-node=\"4\" data-index-in-node=\"0\">Exclu\u00eddo<\/b><\/h3>\n<ul data-path-to-node=\"5\">\n<li>\n<p data-path-to-node=\"5,0,0\">Taxas de entrada em todos os locais tur\u00edsticos conforme o itiner\u00e1rio<\/p>\n<\/li>\n<li>\n<p data-path-to-node=\"5,1,0\">Refei\u00e7\u00f5es de almo\u00e7o e bebidas<\/p>\n<\/li>\n<li>\n<p data-path-to-node=\"5,2,0\">Despesas com gorjetas<\/p>\n<\/li>\n<li>\n<p data-path-to-node=\"5,3,0\">Quaisquer servi\u00e7os ou itens n\u00e3o mencionados no programa<\/p>\n<\/li>\n<\/ul>\n","protected":false},"excerpt":{"rendered":"<table data-path-to-node=\"0\">\n<thead>\n<tr>\n<td><strong>M\u00edn \u2013 M\u00e1x (Pessoas)<\/strong><\/td>\n<td><strong>Pre\u00e7o Adulto<\/strong><\/td>\n<td><strong>Pre\u00e7o Crian\u00e7a<\/strong><\/td>\n<td><strong>Pre\u00e7o Beb\u00eas<\/strong><\/td>\n<\/tr>\n<\/thead>\n<tbody>\n<tr>\n<td><span data-path-to-node=\"0,1,0,0\"><b data-path-to-node=\"0,1,0,0\" data-index-in-node=\"0\">1 \u2013 2 Pessoas<\/b><\/span><\/td>\n<td><span data-path-to-node=\"0,1,1,0\">$1.650<\/span><\/td>\n<td><span data-path-to-node=\"0,1,2,0\">$1.400<\/span><\/td>\n<td><span data-path-to-node=\"0,1,3,0\">Gr\u00e1tis<\/span><\/td>\n<\/tr>\n<tr>\n<td><span data-path-to-node=\"0,2,0,0\"><b data-path-to-node=\"0,2,0,0\" data-index-in-node=\"0\">3 \u2013 5 Pessoas<\/b><\/span><\/td>\n<td><span data-path-to-node=\"0,2,1,0\">$1.600<\/span><\/td>\n<td><span data-path-to-node=\"0,2,2,0\">$1.350<\/span><\/td>\n<td><span data-path-to-node=\"0,2,3,0\">Gr\u00e1tis<\/span><\/td>\n<\/tr>\n<tr>\n<td><span data-path-to-node=\"0,3,0,0\"><b data-path-to-node=\"0,3,0,0\" data-index-in-node=\"0\">6 \u2013 9 Pessoas<\/b><\/span><\/td>\n<td><span data-path-to-node=\"0,3,1,0\">$1.550<\/span><\/td>\n<td><span data-path-to-node=\"0,3,2,0\">$1.300<\/span><\/td>\n<td><span data-path-to-node=\"0,3,3,0\">Gr\u00e1tis<\/span><\/td>\n<\/tr>\n<tr>\n<td><span data-path-to-node=\"0,4,0,0\"><b data-path-to-node=\"0,4,0,0\" data-index-in-node=\"0\">10 \u2013 15 Pessoas<\/b><\/span><\/td>\n<td><span data-path-to-node=\"0,4,1,0\">$1.500<\/span><\/td>\n<td><span data-path-to-node=\"0,4,2,0\">$1.250<\/span><\/td>\n<td><span data-path-to-node=\"0,4,3,0\">Gr\u00e1tis<\/span><\/td>\n<\/tr>\n<tr>\n<td><span data-path-to-node=\"0,5,0,0\"><b data-path-to-node=\"0,5,0,0\" data-index-in-node=\"0\">+16 Pessoas<\/b><\/span><\/td>\n<td><span data-path-to-node=\"0,5,1,0\">Tarifa Especial<\/span><\/td>\n<td><span data-path-to-node=\"0,5,2,0\">Tarifa Especial<\/span><\/td>\n<td><span data-path-to-node=\"0,5,3,0\">Gr\u00e1tis<\/span><\/td>\n<\/tr>\n<\/tbody>\n<\/table>\n<p>&nbsp;<\/p>\n","protected":false},"featured_media":15057,"comment_status":"open","ping_status":"closed","template":"","meta":{"_acf_changed":false},"product_brand":[],"product_cat":[320],"product_tag":[],"class_list":{"0":"post-15561","1":"product","2":"type-product","3":"status-publish","4":"has-post-thumbnail","6":"tour_phys-city-tour","7":"tour_phys-culture-and-attractions","8":"tour_phys-tour-cruise","9":"product_cat-sem-categoria","10":"pa_destination-gize","11":"pa_destination-luxor","12":"pa_month-abril","13":"pa_month-dezembro","14":"pa_month-fevereiro","15":"pa_month-janeiro","16":"pa_month-marco","17":"pa_month-november","18":"pa_month-outubro","20":"first","21":"instock","22":"shipping-taxable","23":"purchasable","24":"product-type-tour_phys"},"acf":[],"_links":{"self":[{"href":"https:\/\/nobles-tours.com\/pt-pt\/wp-json\/wp\/v2\/product\/15561","targetHints":{"allow":["GET"]}}],"collection":[{"href":"https:\/\/nobles-tours.com\/pt-pt\/wp-json\/wp\/v2\/product"}],"about":[{"href":"https:\/\/nobles-tours.com\/pt-pt\/wp-json\/wp\/v2\/types\/product"}],"replies":[{"embeddable":true,"href":"https:\/\/nobles-tours.com\/pt-pt\/wp-json\/wp\/v2\/comments?post=15561"}],"wp:featuredmedia":[{"embeddable":true,"href":"https:\/\/nobles-tours.com\/pt-pt\/wp-json\/wp\/v2\/media\/15057"}],"wp:attachment":[{"href":"https:\/\/nobles-tours.com\/pt-pt\/wp-json\/wp\/v2\/media?parent=15561"}],"wp:term":[{"taxonomy":"product_brand","embeddable":true,"href":"https:\/\/nobles-tours.com\/pt-pt\/wp-json\/wp\/v2\/product_brand?post=15561"},{"taxonomy":"product_cat","embeddable":true,"href":"https:\/\/nobles-tours.com\/pt-pt\/wp-json\/wp\/v2\/product_cat?post=15561"},{"taxonomy":"product_tag","embeddable":true,"href":"https:\/\/nobles-tours.com\/pt-pt\/wp-json\/wp\/v2\/product_tag?post=15561"}],"curies":[{"name":"wp","href":"https:\/\/api.w.org\/{rel}","templated":true}]}}