{"id":15602,"date":"2026-01-10T18:52:20","date_gmt":"2026-01-10T18:52:20","guid":{"rendered":"https:\/\/nobles-tours.com\/?post_type=product&#038;p=15602"},"modified":"2026-02-04T03:21:22","modified_gmt":"2026-02-04T03:21:22","slug":"nile-cruise-and-red-sea-holiday","status":"publish","type":"product","link":"https:\/\/nobles-tours.com\/pt-pt\/tours\/nile-cruise-and-red-sea-holiday","title":{"rendered":"F\u00e9rias no Cruzeiro pelo Nilo e Mar Vermelho \u2013 12 Dias \/ 11 Noites"},"content":{"rendered":"<p class=\"first-token\" data-path-to-node=\"0\"><b class=\"\" data-path-to-node=\"0\" data-index-in-node=\"0\">F\u00e9rias no Cruzeiro pelo Nilo e Mar Vermelho<\/b><\/p>\n<p data-path-to-node=\"0\">Desfrute de uma aventura completa pelo Egito, combinando as maravilhas antigas do Cairo, um cruzeiro panor\u00e2mico pelo Nilo e dias relaxantes no Mar Vermelho. A jornada come\u00e7a no Cairo com visitas \u00e0s Pir\u00e2mides e museus, continua com um cruzeiro memor\u00e1vel pelo Nilo navegando de Aswan a Luxor, e termina com uma estadia na praia em Hurghada, no Mar Vermelho.<\/p>\n<p data-path-to-node=\"1\">Este itiner\u00e1rio bem equilibrado oferece a mistura perfeita de hist\u00f3ria, cultura, relaxamento e experi\u00eancias \u00e0 beira-mar.<\/p>\n<h3 data-path-to-node=\"2\"><b data-path-to-node=\"2\" data-index-in-node=\"0\">Inclu\u00eddo<\/b><\/h3>\n<ul data-path-to-node=\"3\">\n<li>\n<p data-path-to-node=\"3,0,0\">Servi\u00e7o de recep\u00e7\u00e3o e assist\u00eancia na chegada ao aeroporto e durante toda a estadia<\/p>\n<\/li>\n<li>\n<p data-path-to-node=\"3,1,0\">Todos os traslados em ve\u00edculo privativo com ar-condicionado<\/p>\n<\/li>\n<li>\n<p data-path-to-node=\"3,2,0\">Voos dom\u00e9sticos: Cairo \u2194 Aswan e Hurghada \u2194 Cairo<\/p>\n<\/li>\n<li>\n<p data-path-to-node=\"3,3,0\">Traslado de Luxor para Hurghada em ve\u00edculo com ar-condicionado<\/p>\n<\/li>\n<li>\n<p data-path-to-node=\"3,4,0\">3 noites de acomoda\u00e7\u00e3o no Cairo com caf\u00e9 da manh\u00e3<\/p>\n<\/li>\n<li>\n<p data-path-to-node=\"3,5,0\">2 noites de acomoda\u00e7\u00e3o em Aswan com caf\u00e9 da manh\u00e3<\/p>\n<\/li>\n<li>\n<p data-path-to-node=\"3,6,0\">3 noites a bordo de um cruzeiro 5 estrelas superior no Nilo com pens\u00e3o completa<\/p>\n<\/li>\n<li>\n<p data-path-to-node=\"3,7,0\">3 noites de acomoda\u00e7\u00e3o em Hurghada com caf\u00e9 da manh\u00e3 di\u00e1rio<\/p>\n<\/li>\n<li>\n<p data-path-to-node=\"3,8,0\">guia falante portogues<\/p>\n<\/li>\n<li>\n<p data-path-to-node=\"3,9,0\">Todos os tours no Cairo, Luxor, Aswan e no cruzeiro pelo Nilo conforme o itiner\u00e1rio<\/p>\n<\/li>\n<li>\n<p data-path-to-node=\"3,10,0\">Taxas de entrada para todos os s\u00edtios arqueol\u00f3gicos e hist\u00f3ricos listados<\/p>\n<\/li>\n<li>\n<p data-path-to-node=\"3,11,0\">Almo\u00e7o durante a etapa do Cairo na viagem<\/p>\n<\/li>\n<li>\n<p data-path-to-node=\"3,12,0\">Todas as refei\u00e7\u00f5es conforme mencionado durante os dias de cruzeiro e tour<\/p>\n<\/li>\n<li>\n<p data-path-to-node=\"3,13,0\">\u00c1gua mineral durante as sa\u00eddas fora do hotel ou cruzeiro<\/p>\n<\/li>\n<li>\n<p data-path-to-node=\"3,14,0\">Servi\u00e7o de carregador de malas quando necess\u00e1rio<\/p>\n<\/li>\n<li>\n<p data-path-to-node=\"3,15,0\">Todas as taxas de servi\u00e7o e impostos aplic\u00e1veis<\/p>\n<\/li>\n<\/ul>\n<h3 data-path-to-node=\"4\"><b data-path-to-node=\"4\" data-index-in-node=\"0\">Exclu\u00eddo<\/b><\/h3>\n<ul data-path-to-node=\"5\">\n<li>\n<p data-path-to-node=\"5,0,0\">Passagens a\u00e9reas internacionais de\/para o Egito<\/p>\n<\/li>\n<li>\n<p data-path-to-node=\"5,1,0\">Visto de entrada no Egito<\/p>\n<\/li>\n<li>\n<p data-path-to-node=\"5,2,0\">Tours opcionais ou atividades extras n\u00e3o mencionadas no itiner\u00e1rio<\/p>\n<\/li>\n<li>\n<p data-path-to-node=\"5,3,0\">Despesas de car\u00e1ter pessoal<\/p>\n<\/li>\n<li>\n<p data-path-to-node=\"5,4,0\">Gorjetas e gratifica\u00e7\u00f5es<\/p>\n<\/li>\n<\/ul>\n<hr data-path-to-node=\"6\" \/>\n<h3 data-path-to-node=\"7\"><b data-path-to-node=\"7\" data-index-in-node=\"0\">Ref\u00fagio no Mar Vermelho \u2013 Relaxe em Hurghada<\/b><\/h3>\n<p data-path-to-node=\"8\">Ap\u00f3s desembarcar em Luxor, viaje em um ve\u00edculo com ar-condicionado para Hurghada, o destino de resort mais popular do Egito no Mar Vermelho. Aqui, o ritmo desacelera enquanto voc\u00ea desfruta de tr\u00eas dias inteiros de relaxamento na praia.<\/p>\n<p data-path-to-node=\"9\">Hurghada \u00e9 famosa por suas \u00e1guas azul-turquesa, recifes de coral e vida marinha, sendo ideal para snorkeling, mergulho e esportes aqu\u00e1ticos. Quer voc\u00ea escolha aventura ou relaxamento total, a parte do Mar Vermelho equilibra perfeitamente a intensidade hist\u00f3rica dos dias anteriores.<\/p>\n<h3 data-path-to-node=\"10\"><b data-path-to-node=\"10\" data-index-in-node=\"0\">Retorno Tranquilo ao Cairo e Partida<\/b><\/h3>\n<p data-path-to-node=\"11\">A jornada termina com um voo de retorno ao Cairo, onde voc\u00ea desfrutar\u00e1 de uma \u00faltima pernoite antes da sua partida internacional. Do in\u00edcio ao fim, cada detalhe \u00e9 cuidadosamente organizado para garantir uma experi\u00eancia de viagem suave e sem estresse.<\/p>\n<h3 data-path-to-node=\"12\"><b data-path-to-node=\"12\" data-index-in-node=\"0\">Por que escolher este tour?<\/b><\/h3>\n<p data-path-to-node=\"13\">\u2714 Combina hist\u00f3ria, cruzeiro e relaxamento na praia \u2714 Ideal para quem visita o Egito pela primeira vez \u2714 Inclui voos dom\u00e9sticos e traslados privativos \u2714 Conduzido por guias egipt\u00f3logos profissionais \u2714 Itiner\u00e1rio com ritmo cuidadoso e tempo livre \u2714 Excelente custo-benef\u00edcio para uma jornada em m\u00faltiplos destinos<\/p>\n","protected":false},"excerpt":{"rendered":"<p>F\u00e9rias no Cruzeiro pelo Nilo e Mar Vermelho<br \/>\nDesfrute de uma aventura completa pelo Egito, combinando as maravilhas antigas do Cairo, um cruzeiro panor\u00e2mico pelo Nilo e dias relaxantes no <\/p>\n","protected":false},"featured_media":14945,"comment_status":"open","ping_status":"closed","template":"","meta":{"_acf_changed":false},"product_brand":[],"product_cat":[],"product_tag":[],"class_list":{"0":"post-15602","1":"product","2":"type-product","3":"status-publish","4":"has-post-thumbnail","6":"tour_phys-adventure-tours","7":"tour_phys-city-tour","8":"tour_phys-culture-and-attractions","9":"tour_phys-desert-safari","10":"tour_phys-rail-tour","11":"pa_destination-gize","12":"pa_destination-luxor","13":"pa_destination-aswan","14":"pa_destination-hurghada","15":"pa_month-dezembro","16":"pa_month-fevereiro","17":"pa_month-janeiro","18":"pa_month-marco","19":"pa_month-november","20":"pa_month-outubro","22":"first","23":"instock","24":"shipping-taxable","25":"purchasable","26":"product-type-tour_phys"},"acf":[],"_links":{"self":[{"href":"https:\/\/nobles-tours.com\/pt-pt\/wp-json\/wp\/v2\/product\/15602","targetHints":{"allow":["GET"]}}],"collection":[{"href":"https:\/\/nobles-tours.com\/pt-pt\/wp-json\/wp\/v2\/product"}],"about":[{"href":"https:\/\/nobles-tours.com\/pt-pt\/wp-json\/wp\/v2\/types\/product"}],"replies":[{"embeddable":true,"href":"https:\/\/nobles-tours.com\/pt-pt\/wp-json\/wp\/v2\/comments?post=15602"}],"wp:featuredmedia":[{"embeddable":true,"href":"https:\/\/nobles-tours.com\/pt-pt\/wp-json\/wp\/v2\/media\/14945"}],"wp:attachment":[{"href":"https:\/\/nobles-tours.com\/pt-pt\/wp-json\/wp\/v2\/media?parent=15602"}],"wp:term":[{"taxonomy":"product_brand","embeddable":true,"href":"https:\/\/nobles-tours.com\/pt-pt\/wp-json\/wp\/v2\/product_brand?post=15602"},{"taxonomy":"product_cat","embeddable":true,"href":"https:\/\/nobles-tours.com\/pt-pt\/wp-json\/wp\/v2\/product_cat?post=15602"},{"taxonomy":"product_tag","embeddable":true,"href":"https:\/\/nobles-tours.com\/pt-pt\/wp-json\/wp\/v2\/product_tag?post=15602"}],"curies":[{"name":"wp","href":"https:\/\/api.w.org\/{rel}","templated":true}]}}