{"id":15609,"date":"2026-01-16T03:32:06","date_gmt":"2026-01-16T03:32:06","guid":{"rendered":"https:\/\/nobles-tours.com\/product\/8-days-cairo-and-nile-cruise-starting-from-aswan\/"},"modified":"2026-02-04T02:12:18","modified_gmt":"2026-02-04T02:12:18","slug":"pacote-de-viagem-8-dias-no-cairo-e-cruzeiro-pelo-nilo-saindo-de-aswan","status":"publish","type":"product","link":"https:\/\/nobles-tours.com\/pt-pt\/tours\/pacote-de-viagem-8-dias-no-cairo-e-cruzeiro-pelo-nilo-saindo-de-aswan","title":{"rendered":"Pacote de Viagem 8 Dias no Cairo e Cruzeiro pelo Nilo saindo de Aswan"},"content":{"rendered":"<h2 data-start=\"183\" data-end=\"234\">Pacote de Viagem\u00a0 8 Dias no Cairo e Cruzeiro pelo Nilo saindo de Aswan<\/h2>\n<div id=\"model-response-message-contentr_5b70f63b4a0cf449\" class=\"markdown markdown-main-panel enable-updated-hr-color\" dir=\"ltr\" aria-live=\"polite\" aria-busy=\"false\">\n<p data-path-to-node=\"0\">Experimente uma aventura eg\u00edpcia inesquec\u00edvel de 8 dias combinando os destaques do Cairo com um cruzeiro panor\u00e2mico pelo Nilo come\u00e7ando em Aswan. Desfrute de 4 noites no Cairo e 3 noites a bordo de um cruzeiro no Nilo, visitando marcos ic\u00f4nicos como as Pir\u00e2mides de Giz\u00e9, o Museu Eg\u00edpcio e o Templo de Philae. Navegue pelo Nilo em dire\u00e7\u00e3o a Luxor, descobrindo templos antigos e monumentos fascinantes ao longo do caminho antes de retornar ao Cairo.<\/p>\n<h3 data-path-to-node=\"1\"><b data-path-to-node=\"1\" data-index-in-node=\"0\">Inclu\u00eddo<\/b><\/h3>\n<ul data-path-to-node=\"2\">\n<li>\n<p data-path-to-node=\"2,0,0\">Servi\u00e7o de recep\u00e7\u00e3o e assist\u00eancia por nossos representantes no Cairo, Luxor e Aswan<\/p>\n<\/li>\n<li>\n<p data-path-to-node=\"2,1,0\">4 noites de acomoda\u00e7\u00e3o em hotel no Cairo (Hospedagem e Caf\u00e9 da Manh\u00e3)<\/p>\n<\/li>\n<li>\n<p data-path-to-node=\"2,2,0\">3 noites de acomoda\u00e7\u00e3o a bordo de um Cruzeiro no Nilo (Pens\u00e3o Completa)<\/p>\n<\/li>\n<li>\n<p data-path-to-node=\"2,3,0\">Traslados privativos para todos os locais mencionados em ve\u00edculos com ar-condicionado<\/p>\n<\/li>\n<li>\n<p data-path-to-node=\"2,4,0\">Guia tur\u00edstico especializado certificado para todas as excurs\u00f5es<\/p>\n<\/li>\n<li>\n<p data-path-to-node=\"2,5,0\">Voos dom\u00e9sticos \/ viagem terrestre do Cairo para Luxor e de Aswan para o Cairo<\/p>\n<\/li>\n<li>\n<p data-path-to-node=\"2,6,0\">Todas as taxas e encargos de servi\u00e7o<\/p>\n<\/li>\n<\/ul>\n<h3 data-path-to-node=\"3\"><b data-path-to-node=\"3\" data-index-in-node=\"0\">Exclu\u00eddo<\/b><\/h3>\n<ul data-path-to-node=\"4\">\n<li>\n<p data-path-to-node=\"4,0,0\">Visto de entrada no Egito (USD 25 por pessoa)<\/p>\n<\/li>\n<li>\n<p data-path-to-node=\"4,1,0\">Voos internacionais<\/p>\n<\/li>\n<li>\n<p data-path-to-node=\"4,2,0\">Taxas de entrada nos locais tur\u00edsticos indicados<\/p>\n<\/li>\n<li>\n<p data-path-to-node=\"4,3,0\">Almo\u00e7os no Cairo<\/p>\n<\/li>\n<li>\n<p data-path-to-node=\"4,4,0\">Gorjetas para representantes da empresa, guia tur\u00edstico, motorista, etc.<\/p>\n<\/li>\n<li>\n<p data-path-to-node=\"4,5,0\">Passeios opcionais<\/p>\n<\/li>\n<\/ul>\n<\/div>\n","protected":false},"excerpt":{"rendered":"<table data-path-to-node=\"0\">\n<thead>\n<tr>\n<td><strong>M\u00edn \u2013 M\u00e1x (Pessoas)<\/strong><\/td>\n<td><strong>Pre\u00e7o Adulto<\/strong><\/td>\n<td><strong>Pre\u00e7o Crian\u00e7a<\/strong><\/td>\n<td><strong>Pre\u00e7o Beb\u00eas<\/strong><\/td>\n<\/tr>\n<\/thead>\n<tbody>\n<tr>\n<td><span data-path-to-node=\"0,1,0,0\"><b data-path-to-node=\"0,1,0,0\" data-index-in-node=\"0\">1 \u2013 2 Pessoas<\/b><\/span><\/td>\n<td><span data-path-to-node=\"0,1,1,0\">$1.950<\/span><\/td>\n<td><span data-path-to-node=\"0,1,2,0\">$1.700<\/span><\/td>\n<td><span data-path-to-node=\"0,1,3,0\">Gr\u00e1tis<\/span><\/td>\n<\/tr>\n<tr>\n<td><span data-path-to-node=\"0,2,0,0\"><b data-path-to-node=\"0,2,0,0\" data-index-in-node=\"0\">3 \u2013 5 Pessoas<\/b><\/span><\/td>\n<td><span data-path-to-node=\"0,2,1,0\">$1.900<\/span><\/td>\n<td><span data-path-to-node=\"0,2,2,0\">$1.650<\/span><\/td>\n<td><span data-path-to-node=\"0,2,3,0\">Gr\u00e1tis<\/span><\/td>\n<\/tr>\n<tr>\n<td><span data-path-to-node=\"0,3,0,0\"><b data-path-to-node=\"0,3,0,0\" data-index-in-node=\"0\">6 \u2013 9 Pessoas<\/b><\/span><\/td>\n<td><span data-path-to-node=\"0,3,1,0\">$1.850<\/span><\/td>\n<td><span data-path-to-node=\"0,3,2,0\">$1.600<\/span><\/td>\n<td><span data-path-to-node=\"0,3,3,0\">Gr\u00e1tis<\/span><\/td>\n<\/tr>\n<tr>\n<td><span data-path-to-node=\"0,4,0,0\"><b data-path-to-node=\"0,4,0,0\" data-index-in-node=\"0\">10 \u2013 15 Pessoas<\/b><\/span><\/td>\n<td><span data-path-to-node=\"0,4,1,0\">$1.800<\/span><\/td>\n<td><span data-path-to-node=\"0,4,2,0\">$1.550<\/span><\/td>\n<td><span data-path-to-node=\"0,4,3,0\">Gr\u00e1tis<\/span><\/td>\n<\/tr>\n<tr>\n<td><span data-path-to-node=\"0,5,0,0\"><b data-path-to-node=\"0,5,0,0\" data-index-in-node=\"0\">+16 Pessoas<\/b><\/span><\/td>\n<td><span data-path-to-node=\"0,5,1,0\">Tarifa Especial<\/span><\/td>\n<td><span data-path-to-node=\"0,5,2,0\">Tarifa Especial<\/span><\/td>\n<td><span data-path-to-node=\"0,5,3,0\">Gr\u00e1tis<\/span><\/td>\n<\/tr>\n<\/tbody>\n<\/table>\n<p>&nbsp;<\/p>\n","protected":false},"featured_media":15056,"comment_status":"open","ping_status":"closed","template":"","meta":{"_acf_changed":false},"product_brand":[],"product_cat":[],"product_tag":[],"class_list":{"0":"post-15609","1":"product","2":"type-product","3":"status-publish","4":"has-post-thumbnail","6":"tour_phys-adventure-tours","7":"tour_phys-city-tour","8":"tour_phys-culture-and-attractions","9":"pa_destination-gize","10":"pa_destination-luxor","11":"pa_destination-aswan","12":"pa_month-abril","13":"pa_month-dezembro","14":"pa_month-fevereiro","15":"pa_month-janeiro","16":"pa_month-marco","17":"pa_month-november","18":"pa_month-outubro","20":"first","21":"instock","22":"shipping-taxable","23":"purchasable","24":"product-type-tour_phys"},"acf":[],"_links":{"self":[{"href":"https:\/\/nobles-tours.com\/pt-pt\/wp-json\/wp\/v2\/product\/15609","targetHints":{"allow":["GET"]}}],"collection":[{"href":"https:\/\/nobles-tours.com\/pt-pt\/wp-json\/wp\/v2\/product"}],"about":[{"href":"https:\/\/nobles-tours.com\/pt-pt\/wp-json\/wp\/v2\/types\/product"}],"replies":[{"embeddable":true,"href":"https:\/\/nobles-tours.com\/pt-pt\/wp-json\/wp\/v2\/comments?post=15609"}],"wp:featuredmedia":[{"embeddable":true,"href":"https:\/\/nobles-tours.com\/pt-pt\/wp-json\/wp\/v2\/media\/15056"}],"wp:attachment":[{"href":"https:\/\/nobles-tours.com\/pt-pt\/wp-json\/wp\/v2\/media?parent=15609"}],"wp:term":[{"taxonomy":"product_brand","embeddable":true,"href":"https:\/\/nobles-tours.com\/pt-pt\/wp-json\/wp\/v2\/product_brand?post=15609"},{"taxonomy":"product_cat","embeddable":true,"href":"https:\/\/nobles-tours.com\/pt-pt\/wp-json\/wp\/v2\/product_cat?post=15609"},{"taxonomy":"product_tag","embeddable":true,"href":"https:\/\/nobles-tours.com\/pt-pt\/wp-json\/wp\/v2\/product_tag?post=15609"}],"curies":[{"name":"wp","href":"https:\/\/api.w.org\/{rel}","templated":true}]}}