{"id":15611,"date":"2026-01-16T02:36:48","date_gmt":"2026-01-16T02:36:48","guid":{"rendered":"https:\/\/nobles-tours.com\/product\/cairo-nile-cruise-hurghada-vacation\/"},"modified":"2026-02-04T01:47:04","modified_gmt":"2026-02-04T01:47:04","slug":"10-dias-no-cairo-cruzeiro-pelo-nilo-com-3-noites-em-hurghada","status":"publish","type":"product","link":"https:\/\/nobles-tours.com\/pt-pt\/tours\/10-dias-no-cairo-cruzeiro-pelo-nilo-com-3-noites-em-hurghada","title":{"rendered":"10 Dias no Cairo, Cruzeiro pelo Nilo com 3 Noites em Hurghada"},"content":{"rendered":"<p data-path-to-node=\"0\"><b data-path-to-node=\"0\" data-index-in-node=\"0\">F\u00e9rias no Cairo, Cruzeiro no Nilo e Hurghada<\/b><\/p>\n<p data-path-to-node=\"1\">Mergulhe na atmosfera m\u00e1gica do Cairo durante uma emocionante aventura cultural, onde a hist\u00f3ria antiga encontra a vibrante vida cotidiana. Descubra marcos ic\u00f4nicos como as Pir\u00e2mides de Giz\u00e9, o Museu Eg\u00edpcio e o centro hist\u00f3rico do Cairo, enquanto as ruas movimentadas e os mercados coloridos d\u00e3o vida \u00e0 cidade.<\/p>\n<p data-path-to-node=\"2\">Continue sua jornada com um relaxante cruzeiro pelo Nilo, navegando por templos atemporais e monumentos lend\u00e1rios ao longo das margens do rio, antes de concluir sua viagem com uma estadia revigorante em Hurghada, no Mar Vermelho. Este tour combina perfeitamente hist\u00f3ria, cultura, navega\u00e7\u00e3o e relaxamento na praia para uma experi\u00eancia eg\u00edpcia completa.<\/p>\n<h3 data-path-to-node=\"3\"><b data-path-to-node=\"3\" data-index-in-node=\"0\">Inclu\u00eddo<\/b><\/h3>\n<ul data-path-to-node=\"4\">\n<li>\n<p data-path-to-node=\"4,0,0\">Servi\u00e7os de recep\u00e7\u00e3o e assist\u00eancia nos aeroportos na chegada e partida<\/p>\n<\/li>\n<li>\n<p data-path-to-node=\"4,1,0\">3 noites de acomoda\u00e7\u00e3o a bordo de um Cruzeiro no Nilo (pens\u00e3o completa)<\/p>\n<\/li>\n<li>\n<p data-path-to-node=\"4,2,0\">3 noites de acomoda\u00e7\u00e3o em hotel no Cairo (hospedagem e caf\u00e9 da manh\u00e3)<\/p>\n<\/li>\n<li>\n<p data-path-to-node=\"4,3,0\">3 noites de acomoda\u00e7\u00e3o em hotel em Hurghada (pens\u00e3o completa)<\/p>\n<\/li>\n<li>\n<p data-path-to-node=\"4,4,0\">Voos dom\u00e9sticos: Cairo \u2192 Aswan e Hurghada \u2192 Cairo<\/p>\n<\/li>\n<li>\n<p data-path-to-node=\"4,5,0\">Almo\u00e7os durante os passeios no Cairo<\/p>\n<\/li>\n<li>\n<p data-path-to-node=\"4,6,0\">Todos os traslados em ve\u00edculo de luxo com ar-condicionado<\/p>\n<\/li>\n<li>\n<p data-path-to-node=\"4,7,0\">Servi\u00e7os de um guia tur\u00edstico especializado certificado para todas as excurs\u00f5es<\/p>\n<\/li>\n<li>\n<p data-path-to-node=\"4,8,0\">Todas as taxas do cruzeiro e encargos de servi\u00e7o<\/p>\n<\/li>\n<\/ul>\n<h3 data-path-to-node=\"5\"><b data-path-to-node=\"5\" data-index-in-node=\"0\">Exclu\u00eddo<\/b><\/h3>\n<ul data-path-to-node=\"6\">\n<li>\n<p data-path-to-node=\"6,0,0\">Visto de entrada no Egito<\/p>\n<\/li>\n<li>\n<p data-path-to-node=\"6,1,0\">Passagens a\u00e9reas internacionais<\/p>\n<\/li>\n<li>\n<p data-path-to-node=\"6,2,0\">Taxas de entrada em todos os locais tur\u00edsticos mencionados<\/p>\n<\/li>\n<li>\n<p data-path-to-node=\"6,3,0\">Gorjetas para representantes da empresa, guia e motorista<\/p>\n<\/li>\n<li>\n<p data-path-to-node=\"6,4,0\">Passeios ou atividades opcionais<\/p>\n<\/li>\n<\/ul>\n","protected":false},"excerpt":{"rendered":"<table data-path-to-node=\"0\">\n<thead>\n<tr>\n<td><strong>M\u00edn \u2013 M\u00e1x (Pessoas)<\/strong><\/td>\n<td><strong>Pre\u00e7o Adulto<\/strong><\/td>\n<td><strong>Pre\u00e7o Crian\u00e7a<\/strong><\/td>\n<td><strong>Pre\u00e7o Beb\u00eas<\/strong><\/td>\n<\/tr>\n<\/thead>\n<tbody>\n<tr>\n<td><span data-path-to-node=\"0,1,0,0\"><b data-path-to-node=\"0,1,0,0\" data-index-in-node=\"0\">1 \u2013 2<\/b><\/span><\/td>\n<td><span data-path-to-node=\"0,1,1,0\">$2.050<\/span><\/td>\n<td><span data-path-to-node=\"0,1,2,0\">$1.750<\/span><\/td>\n<td><span data-path-to-node=\"0,1,3,0\">Gr\u00e1tis<\/span><\/td>\n<\/tr>\n<tr>\n<td><span data-path-to-node=\"0,2,0,0\"><b data-path-to-node=\"0,2,0,0\" data-index-in-node=\"0\">3 \u2013 5<\/b><\/span><\/td>\n<td><span data-path-to-node=\"0,2,1,0\">$2.000<\/span><\/td>\n<td><span data-path-to-node=\"0,2,2,0\">$1.700<\/span><\/td>\n<td><span data-path-to-node=\"0,2,3,0\">Gr\u00e1tis<\/span><\/td>\n<\/tr>\n<tr>\n<td><span data-path-to-node=\"0,3,0,0\"><b data-path-to-node=\"0,3,0,0\" data-index-in-node=\"0\">6 \u2013 9<\/b><\/span><\/td>\n<td><span data-path-to-node=\"0,3,1,0\">$1.950<\/span><\/td>\n<td><span data-path-to-node=\"0,3,2,0\">$1.650<\/span><\/td>\n<td><span data-path-to-node=\"0,3,3,0\">Gr\u00e1tis<\/span><\/td>\n<\/tr>\n<tr>\n<td><span data-path-to-node=\"0,4,0,0\"><b data-path-to-node=\"0,4,0,0\" data-index-in-node=\"0\">10 \u2013 15<\/b><\/span><\/td>\n<td><span data-path-to-node=\"0,4,1,0\">$1.900<\/span><\/td>\n<td><span data-path-to-node=\"0,4,2,0\">$1.600<\/span><\/td>\n<td><span data-path-to-node=\"0,4,3,0\">Gr\u00e1tis<\/span><\/td>\n<\/tr>\n<tr>\n<td><span data-path-to-node=\"0,5,0,0\"><b data-path-to-node=\"0,5,0,0\" data-index-in-node=\"0\">+16<\/b><\/span><\/td>\n<td><span data-path-to-node=\"0,5,1,0\">Tarifa Especial<\/span><\/td>\n<td><span data-path-to-node=\"0,5,2,0\">Tarifa Especial<\/span><\/td>\n<td><span data-path-to-node=\"0,5,3,0\">Gr\u00e1tis<\/span><\/td>\n<\/tr>\n<\/tbody>\n<\/table>\n<p>&nbsp;<\/p>\n","protected":false},"featured_media":15566,"comment_status":"open","ping_status":"closed","template":"","meta":{"_acf_changed":false},"product_brand":[],"product_cat":[],"product_tag":[],"class_list":{"0":"post-15611","1":"product","2":"type-product","3":"status-publish","4":"has-post-thumbnail","6":"tour_phys-adventure-tours","7":"tour_phys-city-tour","8":"tour_phys-culture-and-attractions","9":"tour_phys-tour-cruise","10":"pa_destination-gize","11":"pa_destination-luxor","12":"pa_destination-aswan","13":"pa_destination-hurghada","14":"pa_month-abril","15":"pa_month-dezembro","16":"pa_month-fevereiro","17":"pa_month-janeiro","18":"pa_month-marco","19":"pa_month-november","20":"pa_month-outubro","22":"first","23":"instock","24":"shipping-taxable","25":"purchasable","26":"product-type-tour_phys"},"acf":[],"_links":{"self":[{"href":"https:\/\/nobles-tours.com\/pt-pt\/wp-json\/wp\/v2\/product\/15611","targetHints":{"allow":["GET"]}}],"collection":[{"href":"https:\/\/nobles-tours.com\/pt-pt\/wp-json\/wp\/v2\/product"}],"about":[{"href":"https:\/\/nobles-tours.com\/pt-pt\/wp-json\/wp\/v2\/types\/product"}],"replies":[{"embeddable":true,"href":"https:\/\/nobles-tours.com\/pt-pt\/wp-json\/wp\/v2\/comments?post=15611"}],"wp:featuredmedia":[{"embeddable":true,"href":"https:\/\/nobles-tours.com\/pt-pt\/wp-json\/wp\/v2\/media\/15566"}],"wp:attachment":[{"href":"https:\/\/nobles-tours.com\/pt-pt\/wp-json\/wp\/v2\/media?parent=15611"}],"wp:term":[{"taxonomy":"product_brand","embeddable":true,"href":"https:\/\/nobles-tours.com\/pt-pt\/wp-json\/wp\/v2\/product_brand?post=15611"},{"taxonomy":"product_cat","embeddable":true,"href":"https:\/\/nobles-tours.com\/pt-pt\/wp-json\/wp\/v2\/product_cat?post=15611"},{"taxonomy":"product_tag","embeddable":true,"href":"https:\/\/nobles-tours.com\/pt-pt\/wp-json\/wp\/v2\/product_tag?post=15611"}],"curies":[{"name":"wp","href":"https:\/\/api.w.org\/{rel}","templated":true}]}}