{"id":15615,"date":"2026-01-14T00:58:15","date_gmt":"2026-01-14T00:58:15","guid":{"rendered":"https:\/\/nobles-tours.com\/product\/pyramids-nile-cruise-abu-simbel-8-days-7-nights\/"},"modified":"2026-02-04T03:22:44","modified_gmt":"2026-02-04T03:22:44","slug":"piramides-cruzeiro-pelo-nilo-e-abu-simbel","status":"publish","type":"product","link":"https:\/\/nobles-tours.com\/pt-pt\/tours\/piramides-cruzeiro-pelo-nilo-e-abu-simbel","title":{"rendered":"Pir\u00e2mides &#8211; Cruzeiro pelo Nilo e Abu Simbel \u2013 8 Dias \/ 7 Noites"},"content":{"rendered":"<h3 data-start=\"184\" data-end=\"204\">Pir\u00e2mides, Cruzeiro pelo Nilo e Abu Simbel \u2013 8 Dias \/ 7 Noites<\/h3>\n<p data-path-to-node=\"0\">Descubra os maiores tesouros do Egito nesta jornada inesquec\u00edvel de 8 dias. Comece no Cairo com visitas \u00e0s ic\u00f4nicas Pir\u00e2mides de Giz\u00e9 e ao Grande Museu Eg\u00edpcio, depois viaje para o sul at\u00e9 Aswan para explorar os magn\u00edficos templos de Abu Simbel. Continue sua aventura com um luxuoso cruzeiro 5 estrelas pelo Nilo, navegando de Aswan a Luxor, permitindo que voc\u00ea vivencie a hist\u00f3ria antiga do Egito, monumentos de tirar o f\u00f4lego e as paisagens atemporais do Nilo em um itiner\u00e1rio perfeitamente equilibrado.<\/p>\n<h3 data-path-to-node=\"1\"><b data-path-to-node=\"1\" data-index-in-node=\"0\">Inclu\u00eddo<\/b><\/h3>\n<ul data-path-to-node=\"2\">\n<li>\n<p data-path-to-node=\"2,0,0\">Servi\u00e7o de recep\u00e7\u00e3o e assist\u00eancia na chegada ao aeroporto e durante toda a estadia<\/p>\n<\/li>\n<li>\n<p data-path-to-node=\"2,1,0\">Todos os traslados entre aeroporto, hot\u00e9is e cruzeiro em ve\u00edculo privativo com ar-condicionado<\/p>\n<\/li>\n<li>\n<p data-path-to-node=\"2,2,0\">Voos dom\u00e9sticos: Cairo \u2192 Aswan e Luxor \u2192 Cairo<\/p>\n<\/li>\n<li>\n<p data-path-to-node=\"2,3,0\">Acomoda\u00e7\u00e3o incluindo 3 noites no Cairo com caf\u00e9 da manh\u00e3 di\u00e1rio, 1 noite em Aswan com caf\u00e9 da manh\u00e3 e 3 noites a bordo de um cruzeiro 5 estrelas no Nilo em regime de pens\u00e3o completa<\/p>\n<\/li>\n<li>\n<p data-path-to-node=\"2,4,0\">Todos os passeios privativos no Cairo conforme o itiner\u00e1rio<\/p>\n<\/li>\n<li>\n<p data-path-to-node=\"2,5,0\">Todos os passeios durante o cruzeiro no Nilo em base de grupo compartilhado<\/p>\n<\/li>\n<li>\n<p data-path-to-node=\"2,6,0\">Servi\u00e7os de um guia falante portogues<\/p>\n<\/li>\n<li>\n<p data-path-to-node=\"2,7,0\">Taxas de entrada em todos os locais hist\u00f3ricos e arqueol\u00f3gicos mencionados no itiner\u00e1rio<\/p>\n<\/li>\n<li>\n<p data-path-to-node=\"2,8,0\">Refei\u00e7\u00f5es conforme especificado no itiner\u00e1rio (estadias em hot\u00e9is, cruzeiro e dias de passeio)<\/p>\n<\/li>\n<li>\n<p data-path-to-node=\"2,9,0\">Garrafa de \u00e1gua de cortesia durante toda a viagem<\/p>\n<\/li>\n<li>\n<p data-path-to-node=\"2,10,0\">Servi\u00e7o de carregador de malas quando necess\u00e1rio<\/p>\n<\/li>\n<li>\n<p data-path-to-node=\"2,11,0\">Todas as taxas de servi\u00e7o e impostos aplic\u00e1veis<\/p>\n<\/li>\n<\/ul>\n<h3 data-path-to-node=\"3\"><b data-path-to-node=\"3\" data-index-in-node=\"0\">Exclu\u00eddo<\/b><\/h3>\n<ul data-path-to-node=\"4\">\n<li>\n<p data-path-to-node=\"4,0,0\">Passagens a\u00e9reas internacionais de\/para o Egito<\/p>\n<\/li>\n<li>\n<p data-path-to-node=\"4,1,0\">Visto de entrada no Egito<\/p>\n<\/li>\n<li>\n<p data-path-to-node=\"4,2,0\">Passeios ou atividades opcionais n\u00e3o listados no itiner\u00e1rio<\/p>\n<\/li>\n<li>\n<p data-path-to-node=\"4,3,0\">Despesas pessoais, incluindo compras e extras<\/p>\n<\/li>\n<li>\n<p data-path-to-node=\"4,4,0\">Gorjetas e gratifica\u00e7\u00f5es<\/p>\n<\/li>\n<\/ul>\n","protected":false},"excerpt":{"rendered":"<p>Pir\u00e2mides, Cruzeiro pelo Nilo e Abu Simbel \u2013 8 Dias \/ 7 Noites<br \/>\nDescubra os maiores tesouros do Egito nesta jornada inesquec\u00edvel de 8 dias. Comece no Cairo com visitas <\/p>\n","protected":false},"featured_media":15574,"comment_status":"open","ping_status":"closed","template":"","meta":{"_acf_changed":false},"product_brand":[],"product_cat":[],"product_tag":[],"class_list":{"0":"post-15615","1":"product","2":"type-product","3":"status-publish","4":"has-post-thumbnail","6":"tour_phys-adventure-tours","7":"tour_phys-culture-and-attractions","8":"tour_phys-desert-safari","9":"pa_destination-gize","10":"pa_destination-luxor","11":"pa_destination-aswan","12":"pa_month-abril","13":"pa_month-dezembro","14":"pa_month-fevereiro","15":"pa_month-janeiro","16":"pa_month-marco","17":"pa_month-november","18":"pa_month-outubro","20":"first","21":"instock","22":"shipping-taxable","23":"purchasable","24":"product-type-tour_phys"},"acf":[],"_links":{"self":[{"href":"https:\/\/nobles-tours.com\/pt-pt\/wp-json\/wp\/v2\/product\/15615","targetHints":{"allow":["GET"]}}],"collection":[{"href":"https:\/\/nobles-tours.com\/pt-pt\/wp-json\/wp\/v2\/product"}],"about":[{"href":"https:\/\/nobles-tours.com\/pt-pt\/wp-json\/wp\/v2\/types\/product"}],"replies":[{"embeddable":true,"href":"https:\/\/nobles-tours.com\/pt-pt\/wp-json\/wp\/v2\/comments?post=15615"}],"wp:featuredmedia":[{"embeddable":true,"href":"https:\/\/nobles-tours.com\/pt-pt\/wp-json\/wp\/v2\/media\/15574"}],"wp:attachment":[{"href":"https:\/\/nobles-tours.com\/pt-pt\/wp-json\/wp\/v2\/media?parent=15615"}],"wp:term":[{"taxonomy":"product_brand","embeddable":true,"href":"https:\/\/nobles-tours.com\/pt-pt\/wp-json\/wp\/v2\/product_brand?post=15615"},{"taxonomy":"product_cat","embeddable":true,"href":"https:\/\/nobles-tours.com\/pt-pt\/wp-json\/wp\/v2\/product_cat?post=15615"},{"taxonomy":"product_tag","embeddable":true,"href":"https:\/\/nobles-tours.com\/pt-pt\/wp-json\/wp\/v2\/product_tag?post=15615"}],"curies":[{"name":"wp","href":"https:\/\/api.w.org\/{rel}","templated":true}]}}