{"id":15618,"date":"2026-01-13T07:58:35","date_gmt":"2026-01-13T07:58:35","guid":{"rendered":"https:\/\/nobles-tours.com\/product\/round-trip-nile-cruise-and-pyramids-10-days-9-nights\/"},"modified":"2026-02-04T03:24:10","modified_gmt":"2026-02-04T03:24:10","slug":"cruzeiro-de-ida-e-volta-pelo-nilo-e-piramides","status":"publish","type":"product","link":"https:\/\/nobles-tours.com\/pt-pt\/tours\/cruzeiro-de-ida-e-volta-pelo-nilo-e-piramides","title":{"rendered":"Cruzeiro de Ida e Volta pelo Nilo e Pir\u00e2mides \u2013 10 Dias \/ 9 Noites"},"content":{"rendered":"<h3 data-start=\"617\" data-end=\"629\">Cruzeiro de Ida e Volta pelo Nilo e Pir\u00e2mides<\/h3>\n<p data-path-to-node=\"0\">Vivencie uma jornada completa pelo Egito, combinando as maravilhas antigas do Cairo com um cruzeiro de ida e volta pelo Nilo. Comece no Cairo com visitas \u00e0s Grandes Pir\u00e2mides de Giz\u00e9, \u00e0 Esfinge e ao Grande Museu Eg\u00edpcio, e depois desfrute de um cen\u00e1rio deslumbrante em um cruzeiro de seis noites navegando entre Luxor e Aswan. Ao longo do caminho, explore os s\u00edtios hist\u00f3ricos mais importantes do Egito \u00e0s margens do Nilo, criando uma experi\u00eancia perfeitamente equilibrada entre cultura, hist\u00f3ria e relaxamento.<\/p>\n<h3 data-path-to-node=\"1\"><b data-path-to-node=\"1\" data-index-in-node=\"0\">Inclu\u00eddo<\/b><\/h3>\n<ul data-path-to-node=\"2\">\n<li>\n<p data-path-to-node=\"2,0,0\">Servi\u00e7o de recep\u00e7\u00e3o e assist\u00eancia na chegada ao aeroporto e durante toda a estadia<\/p>\n<\/li>\n<li>\n<p data-path-to-node=\"2,1,0\">Todos os traslados de aeroporto e hotel em ve\u00edculo privativo com ar-condicionado<\/p>\n<\/li>\n<li>\n<p data-path-to-node=\"2,2,0\">3 noites de acomoda\u00e7\u00e3o no Cairo com caf\u00e9 da manh\u00e3 di\u00e1rio<\/p>\n<\/li>\n<li>\n<p data-path-to-node=\"2,3,0\">6 noites de acomoda\u00e7\u00e3o a bordo de um cruzeiro no Nilo em regime de pens\u00e3o completa<\/p>\n<\/li>\n<li>\n<p data-path-to-node=\"2,4,0\">Voos dom\u00e9sticos: Cairo \u21c4 Luxor<\/p>\n<\/li>\n<li>\n<p data-path-to-node=\"2,5,0\">Todos os passeios guiados no Cairo<\/p>\n<\/li>\n<li>\n<p data-path-to-node=\"2,6,0\">Todos os passeios durante o cruzeiro no Nilo conforme o itiner\u00e1rio<\/p>\n<\/li>\n<li>\n<p data-path-to-node=\"2,7,0\">Taxas de entrada em todos os locais hist\u00f3ricos e arqueol\u00f3gicos listados<\/p>\n<\/li>\n<li>\n<p data-path-to-node=\"2,8,0\">guia falante portogues<\/p>\n<\/li>\n<li>\n<p data-path-to-node=\"2,9,0\">Refei\u00e7\u00f5es conforme estabelecido no itiner\u00e1rio<\/p>\n<\/li>\n<li>\n<p data-path-to-node=\"2,10,0\">Garrafa de \u00e1gua de cortesia durante os passeios<\/p>\n<\/li>\n<li>\n<p data-path-to-node=\"2,11,0\">Todas as taxas de servi\u00e7o e impostos aplic\u00e1veis<\/p>\n<\/li>\n<\/ul>\n<h3 data-path-to-node=\"3\"><b data-path-to-node=\"3\" data-index-in-node=\"0\">Exclu\u00eddo<\/b><\/h3>\n<ul data-path-to-node=\"4\">\n<li>\n<p data-path-to-node=\"4,0,0\">Passagens a\u00e9reas internacionais de\/para o Egito<\/p>\n<\/li>\n<li>\n<p data-path-to-node=\"4,1,0\">Visto de entrada no Egito<\/p>\n<\/li>\n<li>\n<p data-path-to-node=\"4,2,0\">Passeios ou atividades opcionais n\u00e3o listados no itiner\u00e1rio<\/p>\n<\/li>\n<li>\n<p data-path-to-node=\"4,3,0\">Despesas pessoais<\/p>\n<\/li>\n<li>\n<p data-path-to-node=\"4,4,0\">Gorjetas e gratifica\u00e7\u00f5es<\/p>\n<\/li>\n<\/ul>\n","protected":false},"excerpt":{"rendered":"<p>Cruzeiro de Ida e Volta pelo Nilo e Pir\u00e2mides<br \/>\nVivencie uma jornada completa pelo Egito, combinando as maravilhas antigas do Cairo com um cruzeiro de ida e volta pelo Nilo. <\/p>\n","protected":false},"featured_media":15574,"comment_status":"open","ping_status":"closed","template":"","meta":{"_acf_changed":false},"product_brand":[],"product_cat":[],"product_tag":[],"class_list":{"0":"post-15618","1":"product","2":"type-product","3":"status-publish","4":"has-post-thumbnail","6":"pa_destination-gize","7":"pa_destination-luxor","8":"pa_destination-aswan","9":"pa_month-dezembro","10":"pa_month-fevereiro","11":"pa_month-janeiro","12":"pa_month-marco","13":"pa_month-november","14":"pa_month-outubro","16":"first","17":"instock","18":"shipping-taxable","19":"purchasable","20":"product-type-tour_phys"},"acf":[],"_links":{"self":[{"href":"https:\/\/nobles-tours.com\/pt-pt\/wp-json\/wp\/v2\/product\/15618","targetHints":{"allow":["GET"]}}],"collection":[{"href":"https:\/\/nobles-tours.com\/pt-pt\/wp-json\/wp\/v2\/product"}],"about":[{"href":"https:\/\/nobles-tours.com\/pt-pt\/wp-json\/wp\/v2\/types\/product"}],"replies":[{"embeddable":true,"href":"https:\/\/nobles-tours.com\/pt-pt\/wp-json\/wp\/v2\/comments?post=15618"}],"wp:featuredmedia":[{"embeddable":true,"href":"https:\/\/nobles-tours.com\/pt-pt\/wp-json\/wp\/v2\/media\/15574"}],"wp:attachment":[{"href":"https:\/\/nobles-tours.com\/pt-pt\/wp-json\/wp\/v2\/media?parent=15618"}],"wp:term":[{"taxonomy":"product_brand","embeddable":true,"href":"https:\/\/nobles-tours.com\/pt-pt\/wp-json\/wp\/v2\/product_brand?post=15618"},{"taxonomy":"product_cat","embeddable":true,"href":"https:\/\/nobles-tours.com\/pt-pt\/wp-json\/wp\/v2\/product_cat?post=15618"},{"taxonomy":"product_tag","embeddable":true,"href":"https:\/\/nobles-tours.com\/pt-pt\/wp-json\/wp\/v2\/product_tag?post=15618"}],"curies":[{"name":"wp","href":"https:\/\/api.w.org\/{rel}","templated":true}]}}