{"id":15624,"date":"2024-08-13T02:55:52","date_gmt":"2024-08-13T02:55:52","guid":{"rendered":"https:\/\/nobles-tours.com\/product\/cairo-and-nile-cruise-holiday\/"},"modified":"2026-02-04T03:06:41","modified_gmt":"2026-02-04T03:06:41","slug":"cairo-and-nile-cruise-holiday","status":"publish","type":"product","link":"https:\/\/nobles-tours.com\/pt-pt\/tours\/cairo-and-nile-cruise-holiday","title":{"rendered":"F\u00e9rias no Cairo e Cruzeiro pelo Nilo \u2013 8 Dias de Luxo no Egito"},"content":{"rendered":"<p data-path-to-node=\"0\"><b data-path-to-node=\"0\" data-index-in-node=\"0\">F\u00e9rias no Cairo e Cruzeiro pelo Nilo\u00a0<\/b><\/p>\n<p data-path-to-node=\"1\">Experimente a combina\u00e7\u00e3o perfeita entre hist\u00f3ria milenar e a sofistica\u00e7\u00e3o de um cruzeiro pelo Nilo com a <b data-path-to-node=\"1\" data-index-in-node=\"105\">Nobles Tours<\/b>, uma ag\u00eancia de viagens de confian\u00e7a no Egito. Este tour privativo exclusivo de 8 dias combina os destaques do Cairo \u2014 lar das Grandes Pir\u00e2mides de Giz\u00e9 e do Grande Museu Eg\u00edpcio \u2014 com um relaxante cruzeiro 5 estrelas pelo Nilo, de Luxor a Aswan.<\/p>\n<p data-path-to-node=\"2\">Este roteiro cuidadosamente planejado oferece log\u00edstica sem interrup\u00e7\u00f5es, guias egipt\u00f3logos profissionais, experi\u00eancias culturais selecionadas e acomoda\u00e7\u00f5es premium, garantindo uma jornada eg\u00edpcia inesquec\u00edvel e verdadeiramente aut\u00eantica.<\/p>\n<hr data-path-to-node=\"3\" \/>\n<h3 data-path-to-node=\"4\"><b data-path-to-node=\"4\" data-index-in-node=\"0\">Destaques do Tour<\/b><\/h3>\n<ul data-path-to-node=\"5\">\n<li>\n<p data-path-to-node=\"5,0,0\">Explore as <b data-path-to-node=\"5,0,0\" data-index-in-node=\"11\">Grandes Pir\u00e2mides de Giz\u00e9<\/b> e as principais atra\u00e7\u00f5es do Cairo.<\/p>\n<\/li>\n<li>\n<p data-path-to-node=\"5,1,0\">Desfrute de um <b data-path-to-node=\"5,1,0\" data-index-in-node=\"15\">cruzeiro de luxo 5 estrelas<\/b> entre Luxor e Aswan.<\/p>\n<\/li>\n<li>\n<p data-path-to-node=\"5,2,0\">Descubra os templos e s\u00edtios hist\u00f3ricos mais ic\u00f4nicos do Egito.<\/p>\n<\/li>\n<li>\n<p data-path-to-node=\"5,3,0\">Viaje com total conforto em <b data-path-to-node=\"5,3,0\" data-index-in-node=\"28\">traslados privativos e voos dom\u00e9sticos<\/b>.<\/p>\n<\/li>\n<li>\n<p data-path-to-node=\"5,4,0\">Receba um servi\u00e7o personalizado de uma operadora de turismo local de confian\u00e7a.<\/p>\n<\/li>\n<\/ul>\n<hr data-path-to-node=\"6\" \/>\n<h3 data-path-to-node=\"7\"><b data-path-to-node=\"7\" data-index-in-node=\"0\">O Que Est\u00e1 Inclu\u00eddo<\/b><\/h3>\n<ul data-path-to-node=\"8\">\n<li>\n<p data-path-to-node=\"8,0,0\"><b data-path-to-node=\"8,0,0\" data-index-in-node=\"0\">Servi\u00e7o VIP:<\/b> Recep\u00e7\u00e3o e assist\u00eancia na chegada ao Aeroporto Internacional do Cairo.<\/p>\n<\/li>\n<li>\n<p data-path-to-node=\"8,1,0\"><b data-path-to-node=\"8,1,0\" data-index-in-node=\"0\">Traslados Privativos:<\/b> Todos os deslocamentos em ve\u00edculos modernos com ar-condicionado.<\/p>\n<\/li>\n<li>\n<p data-path-to-node=\"8,2,0\"><b data-path-to-node=\"8,2,0\" data-index-in-node=\"0\">Voos Dom\u00e9sticos:<\/b> Trechos Cairo <span class=\"math-inline\" data-math=\"\\rightarrow\" data-index-in-node=\"31\">$\\rightarrow$<\/span> Luxor \/ Aswan <span class=\"math-inline\" data-math=\"\\rightarrow\" data-index-in-node=\"57\">$\\rightarrow$<\/span> Cairo inclusos.<\/p>\n<\/li>\n<li>\n<p data-path-to-node=\"8,3,0\"><b data-path-to-node=\"8,3,0\" data-index-in-node=\"0\">Hospedagem no Cairo:<\/b> 3 noites em hotel 5 estrelas com caf\u00e9 da manh\u00e3 di\u00e1rio.<\/p>\n<\/li>\n<li>\n<p data-path-to-node=\"8,4,0\"><b data-path-to-node=\"8,4,0\" data-index-in-node=\"0\">Cruzeiro pelo Nilo:<\/b> 4 noites a bordo de um cruzeiro 5 estrelas com pens\u00e3o completa.<\/p>\n<\/li>\n<li>\n<p data-path-to-node=\"8,5,0\"><b data-path-to-node=\"8,5,0\" data-index-in-node=\"0\">Guias Especialistas:<\/b> Tours privativos no Cairo e tours em grupo durante o cruzeiro com egipt\u00f3logos profissionais.<\/p>\n<\/li>\n<li>\n<p data-path-to-node=\"8,6,0\"><b data-path-to-node=\"8,6,0\" data-index-in-node=\"0\">Ingressos:<\/b> Taxas de entrada para todos os locais mencionados no itiner\u00e1rio.<\/p>\n<\/li>\n<li>\n<p data-path-to-node=\"8,7,0\"><b data-path-to-node=\"8,7,0\" data-index-in-node=\"0\">Refei\u00e7\u00f5es:<\/b> Conforme especificado no programa.<\/p>\n<\/li>\n<li>\n<p data-path-to-node=\"8,8,0\"><b data-path-to-node=\"8,8,0\" data-index-in-node=\"0\">Cortesia:<\/b> Garrafa de \u00e1gua mineral durante os passeios.<\/p>\n<\/li>\n<li>\n<p data-path-to-node=\"8,9,0\"><b data-path-to-node=\"8,9,0\" data-index-in-node=\"0\">Taxas:<\/b> Todos os encargos de servi\u00e7o e impostos aplic\u00e1veis inclusos.<\/p>\n<\/li>\n<\/ul>\n<hr data-path-to-node=\"9\" \/>\n<h3 data-path-to-node=\"10\"><b data-path-to-node=\"10\" data-index-in-node=\"0\">O Que N\u00e3o Est\u00e1 Inclu\u00eddo<\/b><\/h3>\n<ul data-path-to-node=\"11\">\n<li>\n<p data-path-to-node=\"11,0,0\">Passagens a\u00e9reas internacionais.<\/p>\n<\/li>\n<li>\n<p data-path-to-node=\"11,1,0\">Visto de entrada no Egito.<\/p>\n<\/li>\n<li>\n<p data-path-to-node=\"11,2,0\">Tours opcionais e atividades de lazer pessoal.<\/p>\n<\/li>\n<li>\n<p data-path-to-node=\"11,3,0\">Despesas de car\u00e1ter pessoal.<\/p>\n<\/li>\n<li>\n<p data-path-to-node=\"11,4,0\">Gorjetas e gratifica\u00e7\u00f5es.<\/p>\n<\/li>\n<\/ul>\n","protected":false},"excerpt":{"rendered":"<p>F\u00e9rias no Cairo e Cruzeiro pelo Nilo\u00a0<br \/>\nExperimente a combina\u00e7\u00e3o perfeita entre hist\u00f3ria milenar e a sofistica\u00e7\u00e3o de um cruzeiro pelo Nilo com a Nobles Tours, uma ag\u00eancia de viagens <\/p>\n","protected":false},"featured_media":15559,"comment_status":"open","ping_status":"closed","template":"","meta":{"_acf_changed":false},"product_brand":[],"product_cat":[],"product_tag":[],"class_list":{"0":"post-15624","1":"product","2":"type-product","3":"status-publish","4":"has-post-thumbnail","6":"tour_phys-escorted-tour","7":"tour_phys-rail-tour","8":"tour_phys-tour-cruise","10":"first","11":"instock","12":"shipping-taxable","13":"purchasable","14":"product-type-tour_phys"},"acf":[],"_links":{"self":[{"href":"https:\/\/nobles-tours.com\/pt-pt\/wp-json\/wp\/v2\/product\/15624","targetHints":{"allow":["GET"]}}],"collection":[{"href":"https:\/\/nobles-tours.com\/pt-pt\/wp-json\/wp\/v2\/product"}],"about":[{"href":"https:\/\/nobles-tours.com\/pt-pt\/wp-json\/wp\/v2\/types\/product"}],"replies":[{"embeddable":true,"href":"https:\/\/nobles-tours.com\/pt-pt\/wp-json\/wp\/v2\/comments?post=15624"}],"wp:featuredmedia":[{"embeddable":true,"href":"https:\/\/nobles-tours.com\/pt-pt\/wp-json\/wp\/v2\/media\/15559"}],"wp:attachment":[{"href":"https:\/\/nobles-tours.com\/pt-pt\/wp-json\/wp\/v2\/media?parent=15624"}],"wp:term":[{"taxonomy":"product_brand","embeddable":true,"href":"https:\/\/nobles-tours.com\/pt-pt\/wp-json\/wp\/v2\/product_brand?post=15624"},{"taxonomy":"product_cat","embeddable":true,"href":"https:\/\/nobles-tours.com\/pt-pt\/wp-json\/wp\/v2\/product_cat?post=15624"},{"taxonomy":"product_tag","embeddable":true,"href":"https:\/\/nobles-tours.com\/pt-pt\/wp-json\/wp\/v2\/product_tag?post=15624"}],"curies":[{"name":"wp","href":"https:\/\/api.w.org\/{rel}","templated":true}]}}